{"id":769012,"date":"2025-08-28T13:39:09","date_gmt":"2025-08-28T10:39:09","guid":{"rendered":"https:\/\/roveyayinevi.com.tr\/index.php\/urun\/dunya-mitolojilerinde-bitkiler\/"},"modified":"2026-04-15T03:34:57","modified_gmt":"2026-04-15T00:34:57","slug":"dunya-mitolojilerinde-bitkiler","status":"publish","type":"product","link":"https:\/\/roveyayinevi.com.tr\/index.php\/urun\/dunya-mitolojilerinde-bitkiler\/","title":{"rendered":"D\u00fcnya Mitolojilerinde Bitkiler"},"content":{"rendered":"<p>Mitolojik hik\u00e2yeleri sever misiniz?Y\u00fczy\u0131llard\u0131r heykellere, resimlere, tablolara ilham veren mitolojik sahneler, mitoloji sevenlerin g\u00f6n\u00fcllerine taht kurmaya aday bu kitapta bir araya geliyor. \u00dcstelik i\u00e7inde yaln\u0131z Antik Yunan ve Roma mitolojileri de\u011fil, \u00c7in, Hint, Japon mitolojilerinden \u0130skandinav ve Latin Amerika mitolojilerine uzanan bir\u00e7ok hik\u00e2ye var&#8230;Bu kitaptaki hik\u00e2yelerin ortak noktas\u0131, bitkilerin dilinden konu\u015fmalar\u0131\u2026 Defne a\u011fac\u0131ndan nergise, ketenden bambuya, adamotundan \u00fczerli\u011fe, \u015fekerkam\u0131\u015f\u0131ndan ters laleye, insanl\u0131\u011f\u0131n ortak haf\u0131zas\u0131ndan s\u00fcz\u00fclen bu mitler, onlarca bitki \u00fczerinden co\u011frafyalar ve zamanlar aras\u0131 bir gezinti sunuyor!\u00d6zg\u00fcl ve Sinan C\u00f6mert\u2019in haz\u0131rlad\u0131\u011f\u0131 D\u00fcnya Mitolojilerinde Bitkiler, nadide bir d\u00fcnya mitolojileri derlemesi&#8230;<\/p>\n","protected":false},"excerpt":{"rendered":"<p>Mitolojik hik\u00e2yeleri sever misiniz?Y\u00fczy\u0131llard\u0131r heykellere, resimlere, tablolara ilham veren mitolojik sahneler, mitoloji sevenlerin g\u00f6n\u00fcllerine taht kurmaya aday bu kitapta bir araya geliyor. \u00dcstelik i\u00e7inde yaln\u0131z Antik<span class=\"excerpt-hellip\"> [\u2026]<\/span><\/p>\n","protected":false},"featured_media":0,"template":"","meta":{"_monsterinsights_skip_tracking":false,"_monsterinsights_sitenote_active":false,"_monsterinsights_sitenote_note":"","_monsterinsights_sitenote_category":0},"product_brand":[],"product_cat":[12718,12858],"product_tag":[],"class_list":{"0":"post-769012","1":"product","2":"type-product","3":"status-publish","5":"product_cat-din","6":"product_cat-mitolojiler","7":"pa_cilt-ciltsiz","8":"pa_tur-kitap","9":"pa_yayinevi-mundi","10":"pa_yazar-ozgul-comert-sinan-comert","12":"first","13":"instock","14":"sale","15":"shipping-taxable","16":"purchasable","17":"product-type-simple"},"_links":{"self":[{"href":"https:\/\/roveyayinevi.com.tr\/index.php\/wp-json\/wp\/v2\/product\/769012","targetHints":{"allow":["GET"]}}],"collection":[{"href":"https:\/\/roveyayinevi.com.tr\/index.php\/wp-json\/wp\/v2\/product"}],"about":[{"href":"https:\/\/roveyayinevi.com.tr\/index.php\/wp-json\/wp\/v2\/types\/product"}],"wp:attachment":[{"href":"https:\/\/roveyayinevi.com.tr\/index.php\/wp-json\/wp\/v2\/media?parent=769012"}],"wp:term":[{"taxonomy":"product_brand","embeddable":true,"href":"https:\/\/roveyayinevi.com.tr\/index.php\/wp-json\/wp\/v2\/product_brand?post=769012"},{"taxonomy":"product_cat","embeddable":true,"href":"https:\/\/roveyayinevi.com.tr\/index.php\/wp-json\/wp\/v2\/product_cat?post=769012"},{"taxonomy":"product_tag","embeddable":true,"href":"https:\/\/roveyayinevi.com.tr\/index.php\/wp-json\/wp\/v2\/product_tag?post=769012"}],"curies":[{"name":"wp","href":"https:\/\/api.w.org\/{rel}","templated":true}]}}