{"id":769006,"date":"2025-08-28T13:38:57","date_gmt":"2025-08-28T10:38:57","guid":{"rendered":"https:\/\/roveyayinevi.com.tr\/index.php\/urun\/dunya-uygarliklari-altaylar-ile-turkiyeden-dogdu-taniyalim\/"},"modified":"2026-04-15T03:34:56","modified_gmt":"2026-04-15T00:34:56","slug":"dunya-uygarliklari-altaylar-ile-turkiyeden-dogdu-taniyalim","status":"publish","type":"product","link":"https:\/\/roveyayinevi.com.tr\/index.php\/urun\/dunya-uygarliklari-altaylar-ile-turkiyeden-dogdu-taniyalim\/","title":{"rendered":"D\u00fcnya Uygarl\u0131klar\u0131 Altaylar \u0130le T\u00fcrkiye\u2019den Do\u011fdu Tan\u0131yal\u0131m"},"content":{"rendered":"<p>\u201cD\u00fcnya Uygarl\u0131klar\u0131 Altaylar ile T\u00fcrkiye\u2019den Do\u011fdu\u201d adl\u0131 bu kitap, Metin Cans\u0131z taraf\u0131ndan haz\u0131rlanan \u201cD\u00dcNYA K\u00dcLT\u00dcR OLU\u015eUMUNA ETK\u0130LER\u0130YLE \u00d6N T\u00dcRK TAR\u0130H\u0130 \u0130LE SANATINI TANIYALIM\u201d adl\u0131 dokuz kitaptan olu\u015fan dizinin birinci kitab\u0131d\u0131r. M. Cans\u0131z, serinin birinci kitab\u0131 olan bu kitapta; Anadolu ve Altaylardaki ilk sanat eserlerinden ba\u015flayarak, d\u00fcnya sanat\u0131n\u0131 ve k\u00fclt\u00fcr\u00fcn\u00fc etkileyen \u00f6nemli uygarl\u0131klar\u0131 ve k\u00fclt\u00fcrleri inceliyor. Kitap ayr\u0131ca bol miktarda renkli resim ve zengin bir kaynak\u00e7a ile desteklenmi\u015ftir. <\/p>\n","protected":false},"excerpt":{"rendered":"<p>\u201cD\u00fcnya Uygarl\u0131klar\u0131 Altaylar ile T\u00fcrkiye\u2019den Do\u011fdu\u201d adl\u0131 bu kitap, Metin Cans\u0131z taraf\u0131ndan haz\u0131rlanan \u201cD\u00dcNYA K\u00dcLT\u00dcR OLU\u015eUMUNA ETK\u0130LER\u0130YLE \u00d6N T\u00dcRK TAR\u0130H\u0130 \u0130LE SANATINI TANIYALIM\u201d adl\u0131 dokuz kitaptan<span class=\"excerpt-hellip\"> [\u2026]<\/span><\/p>\n","protected":false},"featured_media":0,"template":"","meta":{"_monsterinsights_skip_tracking":false,"_monsterinsights_sitenote_active":false,"_monsterinsights_sitenote_note":"","_monsterinsights_sitenote_category":0},"product_brand":[],"product_cat":[52477,52478],"product_tag":[],"class_list":{"0":"post-769006","1":"product","2":"type-product","3":"status-publish","5":"product_cat-arastirma","6":"product_cat-arkeoloji","7":"pa_cilt-ciltsiz","8":"pa_tur-kitap","9":"pa_yayinevi-myrina-yayinlari","10":"pa_yazar-metin-cansiz","12":"first","13":"instock","14":"sale","15":"shipping-taxable","16":"purchasable","17":"product-type-simple"},"_links":{"self":[{"href":"https:\/\/roveyayinevi.com.tr\/index.php\/wp-json\/wp\/v2\/product\/769006","targetHints":{"allow":["GET"]}}],"collection":[{"href":"https:\/\/roveyayinevi.com.tr\/index.php\/wp-json\/wp\/v2\/product"}],"about":[{"href":"https:\/\/roveyayinevi.com.tr\/index.php\/wp-json\/wp\/v2\/types\/product"}],"wp:attachment":[{"href":"https:\/\/roveyayinevi.com.tr\/index.php\/wp-json\/wp\/v2\/media?parent=769006"}],"wp:term":[{"taxonomy":"product_brand","embeddable":true,"href":"https:\/\/roveyayinevi.com.tr\/index.php\/wp-json\/wp\/v2\/product_brand?post=769006"},{"taxonomy":"product_cat","embeddable":true,"href":"https:\/\/roveyayinevi.com.tr\/index.php\/wp-json\/wp\/v2\/product_cat?post=769006"},{"taxonomy":"product_tag","embeddable":true,"href":"https:\/\/roveyayinevi.com.tr\/index.php\/wp-json\/wp\/v2\/product_tag?post=769006"}],"curies":[{"name":"wp","href":"https:\/\/api.w.org\/{rel}","templated":true}]}}