{"id":769005,"date":"2025-08-28T13:38:55","date_gmt":"2025-08-28T10:38:55","guid":{"rendered":"https:\/\/roveyayinevi.com.tr\/index.php\/urun\/baba-bak-ben-buyudum\/"},"modified":"2026-04-15T03:34:56","modified_gmt":"2026-04-15T00:34:56","slug":"baba-bak-ben-buyudum","status":"publish","type":"product","link":"https:\/\/roveyayinevi.com.tr\/index.php\/urun\/baba-bak-ben-buyudum\/","title":{"rendered":"Baba, Bak Ben B\u00fcy\u00fcd\u00fcm!"},"content":{"rendered":"<p>T\u00fcrk Dili ve Edebiyat\u0131 \u00f6\u011fretmeni olan Fatin Murat Seferbeyo\u011flu, g\u00f6rev yapt\u0131\u011f\u0131 yerlerde, insanlar\u0131 ve olaylar\u0131 g\u00f6zlemleyerek \u00f6yk\u00fcler ve \u015fiirler yazmaktad\u0131r. Yazd\u0131\u011f\u0131 \u015fiirler ve \u00f6yk\u00fcler bir\u00e7ok \u00f6d\u00fcl kazanm\u0131\u015ft\u0131r. Yaz\u0131lar\u0131 Anadolu\u2019nun kanayan yaralar\u0131n\u0131 g\u00f6zler \u00f6n\u00fcne sererken, unutmaya y\u00fcz tuttu\u011fumuz manevi de\u011ferleri de bize yeniden hat\u0131rlat\u0131r. Burada yer alan \u201cK\u00fcl ve Fidan\u201d adl\u0131 \u00f6yk\u00fc Pir Sultan Abdal K\u00fclt\u00fcr Derne\u011fi Mansiyon \u00f6d\u00fcl\u00fc alm\u0131\u015ft\u0131r. <\/p>\n","protected":false},"excerpt":{"rendered":"<p>T\u00fcrk Dili ve Edebiyat\u0131 \u00f6\u011fretmeni olan Fatin Murat Seferbeyo\u011flu, g\u00f6rev yapt\u0131\u011f\u0131 yerlerde, insanlar\u0131 ve olaylar\u0131 g\u00f6zlemleyerek \u00f6yk\u00fcler ve \u015fiirler yazmaktad\u0131r. Yazd\u0131\u011f\u0131 \u015fiirler ve \u00f6yk\u00fcler bir\u00e7ok \u00f6d\u00fcl<span class=\"excerpt-hellip\"> [\u2026]<\/span><\/p>\n","protected":false},"featured_media":0,"template":"","meta":{"_monsterinsights_skip_tracking":false,"_monsterinsights_sitenote_active":false,"_monsterinsights_sitenote_note":"","_monsterinsights_sitenote_category":0},"product_brand":[],"product_cat":[12291,18202],"product_tag":[],"class_list":{"0":"post-769005","1":"product","2":"type-product","3":"status-publish","5":"product_cat-edebiyat","6":"product_cat-hikaye","7":"pa_cilt-ciltsiz","8":"pa_tur-kitap","9":"pa_yayinevi-denizkizi-yayinlari","10":"pa_yazar-fatin-murat-seferbeyoglu","12":"first","13":"instock","14":"sale","15":"shipping-taxable","16":"purchasable","17":"product-type-simple"},"_links":{"self":[{"href":"https:\/\/roveyayinevi.com.tr\/index.php\/wp-json\/wp\/v2\/product\/769005","targetHints":{"allow":["GET"]}}],"collection":[{"href":"https:\/\/roveyayinevi.com.tr\/index.php\/wp-json\/wp\/v2\/product"}],"about":[{"href":"https:\/\/roveyayinevi.com.tr\/index.php\/wp-json\/wp\/v2\/types\/product"}],"wp:attachment":[{"href":"https:\/\/roveyayinevi.com.tr\/index.php\/wp-json\/wp\/v2\/media?parent=769005"}],"wp:term":[{"taxonomy":"product_brand","embeddable":true,"href":"https:\/\/roveyayinevi.com.tr\/index.php\/wp-json\/wp\/v2\/product_brand?post=769005"},{"taxonomy":"product_cat","embeddable":true,"href":"https:\/\/roveyayinevi.com.tr\/index.php\/wp-json\/wp\/v2\/product_cat?post=769005"},{"taxonomy":"product_tag","embeddable":true,"href":"https:\/\/roveyayinevi.com.tr\/index.php\/wp-json\/wp\/v2\/product_tag?post=769005"}],"curies":[{"name":"wp","href":"https:\/\/api.w.org\/{rel}","templated":true}]}}