{"id":769002,"date":"2025-08-28T13:38:49","date_gmt":"2025-08-28T10:38:49","guid":{"rendered":"https:\/\/roveyayinevi.com.tr\/index.php\/urun\/bir-sanati-sevmekle-baslar-her-sey\/"},"modified":"2026-04-15T03:34:56","modified_gmt":"2026-04-15T00:34:56","slug":"bir-sanati-sevmekle-baslar-her-sey","status":"publish","type":"product","link":"https:\/\/roveyayinevi.com.tr\/index.php\/urun\/bir-sanati-sevmekle-baslar-her-sey\/","title":{"rendered":"Bir Sanat\u0131 Sevmekle Ba\u015flar Her \u015eey"},"content":{"rendered":"<p>\u201cHayati As\u0131lyaz\u0131c\u0131, benim i\u00e7in bir a\u011fabey, bir can, bir usta, bir hoca, bir yolda\u015ft\u0131r. Gazetedeki sohbetlerimizde, \u0130stiklal Caddesi\u2019ndeki y\u00fcr\u00fcy\u00fc\u015flerimizde, Karak\u00f6y-Kad\u0131k\u00f6y vapurundaki yol arkada\u015fl\u0131\u011f\u0131m\u0131zda, kar\u015f\u0131la\u015ft\u0131\u011f\u0131m\u0131z gala, oyun, konser \u00e7\u0131k\u0131\u015flar\u0131nda, fuaye sohbetlerinde anlatt\u0131klar\u0131, aktard\u0131klar\u0131, kavratt\u0131klar\u0131 ve katt\u0131klar\u0131yla bilge, ulu bir \u00e7\u0131nard\u0131r. Hi\u00e7 bitmeyen \u00f6rnek enerjisiyle yol g\u00f6steren, y\u00f6n veren, d\u00fczelten, d\u00fczenleyen bir deniz feneridir.1954&#8217;ten bu yana sanat, tiyatro ve m\u00fczik alanlar\u0131na dair yaz\u0131lar\u0131, ele\u015ftirileriyle \u0131\u015f\u0131k olmu\u015ftur. Hayati As\u0131lyaz\u0131c\u0131, sanat d\u00fcnyas\u0131n\u0131n yak\u0131ndan tan\u0131d\u0131\u011f\u0131 ayd\u0131n bir isim, k\u0131ymetli bir kalemdir. Polonya Tiyatrosu hakk\u0131nda yazan ilk yabanc\u0131 gazeteci-ele\u015ftirmen olarak takdir g\u00f6ren isim yine kendisidir. Polonya, Sovyetler Birli\u011fi, \u00c7ekoslovakya, Bulgaristan, T\u00fcrk Cumhuriyetleri ve Do\u011fu Almanya gibi \u00fclkelerde edebiyat, tiyatro, opera, bale, m\u00fczik dallar\u0131nda ara\u015ft\u0131rma ve incelemeler yapm\u0131\u015ft\u0131r. \u201cBurhan Felek Hizmet \u00d6d\u00fcl\u00fc\u201dn\u00fc oybirli\u011fiyle kazanan, sar\u0131 bas\u0131n kart\u0131 ta\u015f\u0131yan ve \u0130smet K\u00fcntay Tiyatro \u00d6d\u00fclleri j\u00fcri ba\u015fkan\u0131 olan As\u0131lyaz\u0131c\u0131\u2019n\u0131n nehir s\u00f6yle\u015fisini bu kitapta okuyacaks\u0131n\u0131z. Bir d\u00f6nemin haf\u0131zas\u0131 olarak anlatt\u0131klar\u0131na, Cumhuriyet tarihine, k\u0131ymetli ya\u015fanm\u0131\u015fl\u0131klara sat\u0131r aralar\u0131nda tan\u0131kl\u0131k edeceksiniz.Sanat, sanat\u00e7\u0131 ve sanat\u0131n \u00fclkemiz tarihindeki izini s\u00fcrmek, bunlar\u0131 anlamak, sorgulamak isteyenler i\u00e7in her paragraf\u0131 bir hazine de\u011ferindeki bu kitaba emek verenleri y\u00fcrekten kutluyorum.\u0130yi okumalar&#8230;\u201dOkday Korunan<\/p>\n","protected":false},"excerpt":{"rendered":"<p>\u201cHayati As\u0131lyaz\u0131c\u0131, benim i\u00e7in bir a\u011fabey, bir can, bir usta, bir hoca, bir yolda\u015ft\u0131r. Gazetedeki sohbetlerimizde, \u0130stiklal Caddesi\u2019ndeki y\u00fcr\u00fcy\u00fc\u015flerimizde, Karak\u00f6y-Kad\u0131k\u00f6y vapurundaki yol arkada\u015fl\u0131\u011f\u0131m\u0131zda, kar\u015f\u0131la\u015ft\u0131\u011f\u0131m\u0131z gala, oyun,<span class=\"excerpt-hellip\"> [\u2026]<\/span><\/p>\n","protected":false},"featured_media":0,"template":"","meta":{"_monsterinsights_skip_tracking":false,"_monsterinsights_sitenote_active":false,"_monsterinsights_sitenote_note":"","_monsterinsights_sitenote_category":0},"product_brand":[],"product_cat":[12291,30969],"product_tag":[],"class_list":{"0":"post-769002","1":"product","2":"type-product","3":"status-publish","5":"product_cat-edebiyat","6":"product_cat-soylesi-edebiyat","7":"pa_cilt-ciltsiz","8":"pa_tur-kitap","9":"pa_yayinevi-masa-kitap","10":"pa_yazar-hayati-asilyazici","12":"first","13":"instock","14":"sale","15":"shipping-taxable","16":"purchasable","17":"product-type-simple"},"_links":{"self":[{"href":"https:\/\/roveyayinevi.com.tr\/index.php\/wp-json\/wp\/v2\/product\/769002","targetHints":{"allow":["GET"]}}],"collection":[{"href":"https:\/\/roveyayinevi.com.tr\/index.php\/wp-json\/wp\/v2\/product"}],"about":[{"href":"https:\/\/roveyayinevi.com.tr\/index.php\/wp-json\/wp\/v2\/types\/product"}],"wp:attachment":[{"href":"https:\/\/roveyayinevi.com.tr\/index.php\/wp-json\/wp\/v2\/media?parent=769002"}],"wp:term":[{"taxonomy":"product_brand","embeddable":true,"href":"https:\/\/roveyayinevi.com.tr\/index.php\/wp-json\/wp\/v2\/product_brand?post=769002"},{"taxonomy":"product_cat","embeddable":true,"href":"https:\/\/roveyayinevi.com.tr\/index.php\/wp-json\/wp\/v2\/product_cat?post=769002"},{"taxonomy":"product_tag","embeddable":true,"href":"https:\/\/roveyayinevi.com.tr\/index.php\/wp-json\/wp\/v2\/product_tag?post=769002"}],"curies":[{"name":"wp","href":"https:\/\/api.w.org\/{rel}","templated":true}]}}