{"id":768999,"date":"2025-08-28T13:38:44","date_gmt":"2025-08-28T10:38:44","guid":{"rendered":"https:\/\/roveyayinevi.com.tr\/index.php\/urun\/kesintisiz-devrim-ve-iktidar-sorunu\/"},"modified":"2026-04-15T03:34:56","modified_gmt":"2026-04-15T00:34:56","slug":"kesintisiz-devrim-ve-iktidar-sorunu","status":"publish","type":"product","link":"https:\/\/roveyayinevi.com.tr\/index.php\/urun\/kesintisiz-devrim-ve-iktidar-sorunu\/","title":{"rendered":"Kesintisiz Devrim ve \u0130ktidar Sorunu"},"content":{"rendered":"<p>Elinizdeki kitap, burjuva demokratizmin, onun bir bi\u00e7imi olan k\u00fc\u00e7\u00fck burjuva demokrasisinin; burjuva ve k\u00fc\u00e7\u00fck burjuva bir ak\u0131m olan post-modernizmin, post- Marksizmin Marksizm &#8211; Leninizm`e ve enternasyonel proletaryaya kar\u015f\u0131 ideolojik sald\u0131r\u0131lar\u0131n\u0131n sistematik bir tarzda s\u00fcrd\u00fcrd\u00fc\u011f\u00fc bir tarih kesitinde \u00e7\u0131kmaktad\u0131r. Kitap Marksizm-Leninizm`in proleter d\u00fcnya devrim teorisinin bin bir bi\u00e7imde tasfiye edilmeye .\u00e7al\u0131\u015f\u0131ld\u0131\u011f\u0131, proletaryan\u0131n sosyalist g\u00f6revlerinin, sosyalist m\u00fccadelesinin, sosyalist toplum projesinin, azami program\u0131n\u0131n g\u00f6zden yitip gitti\u011fi; keza, ya demokratik devrimci g\u00f6revlerin yok say\u0131ld\u0131\u011f\u0131 ya da her \u015fey haline getirildi\u011fi ko\u015fullarda, oport\u00fcnizmin sa\u011f ve &#8220;sol&#8221; bi\u00e7imlerine kar\u015f\u0131 programatik nitelikte bir ideolojik m\u00fccadele karakteri ta\u015f\u0131maktad\u0131r. <\/p>\n","protected":false},"excerpt":{"rendered":"<p>Elinizdeki kitap, burjuva demokratizmin, onun bir bi\u00e7imi olan k\u00fc\u00e7\u00fck burjuva demokrasisinin; burjuva ve k\u00fc\u00e7\u00fck burjuva bir ak\u0131m olan post-modernizmin, post- Marksizmin Marksizm &#8211; Leninizm`e ve enternasyonel<span class=\"excerpt-hellip\"> [\u2026]<\/span><\/p>\n","protected":false},"featured_media":0,"template":"","meta":{"_monsterinsights_skip_tracking":false,"_monsterinsights_sitenote_active":false,"_monsterinsights_sitenote_note":"","_monsterinsights_sitenote_category":0},"product_brand":[],"product_cat":[13590,12337],"product_tag":[],"class_list":{"0":"post-768999","1":"product","2":"type-product","3":"status-publish","5":"product_cat-arastirma-inceleme-politika-siyaset","6":"product_cat-politika-siyaset","7":"pa_cilt-ciltsiz","8":"pa_tur-kitap","9":"pa_yayinevi-sinirsiz-kitap","10":"pa_yazar-hasan-ozan","12":"first","13":"instock","14":"sale","15":"shipping-taxable","16":"purchasable","17":"product-type-simple"},"_links":{"self":[{"href":"https:\/\/roveyayinevi.com.tr\/index.php\/wp-json\/wp\/v2\/product\/768999","targetHints":{"allow":["GET"]}}],"collection":[{"href":"https:\/\/roveyayinevi.com.tr\/index.php\/wp-json\/wp\/v2\/product"}],"about":[{"href":"https:\/\/roveyayinevi.com.tr\/index.php\/wp-json\/wp\/v2\/types\/product"}],"wp:attachment":[{"href":"https:\/\/roveyayinevi.com.tr\/index.php\/wp-json\/wp\/v2\/media?parent=768999"}],"wp:term":[{"taxonomy":"product_brand","embeddable":true,"href":"https:\/\/roveyayinevi.com.tr\/index.php\/wp-json\/wp\/v2\/product_brand?post=768999"},{"taxonomy":"product_cat","embeddable":true,"href":"https:\/\/roveyayinevi.com.tr\/index.php\/wp-json\/wp\/v2\/product_cat?post=768999"},{"taxonomy":"product_tag","embeddable":true,"href":"https:\/\/roveyayinevi.com.tr\/index.php\/wp-json\/wp\/v2\/product_tag?post=768999"}],"curies":[{"name":"wp","href":"https:\/\/api.w.org\/{rel}","templated":true}]}}