{"id":768998,"date":"2025-08-28T13:38:42","date_gmt":"2025-08-28T10:38:42","guid":{"rendered":"https:\/\/roveyayinevi.com.tr\/index.php\/urun\/tarihin-unutulmus-yikimlari-kavimlerin-cokusu\/"},"modified":"2026-04-15T03:34:56","modified_gmt":"2026-04-15T00:34:56","slug":"tarihin-unutulmus-yikimlari-kavimlerin-cokusu","status":"publish","type":"product","link":"https:\/\/roveyayinevi.com.tr\/index.php\/urun\/tarihin-unutulmus-yikimlari-kavimlerin-cokusu\/","title":{"rendered":"Tarihin Unutulmu\u015f Y\u0131k\u0131mlar\u0131 Kavimlerin \u00c7\u00f6k\u00fc\u015f\u00fc"},"content":{"rendered":"<p>Tarihin derinliklerinde kaybolmu\u015f, efsanevi y\u0131k\u0131mlar\u0131n izleri&#8230; Bu kitap, insanl\u0131k tarihinin en gizemli ve etkileyici kavimlerinin sonlar\u0131n\u0131 anlat\u0131yor. B\u00fcy\u00fck felaketler, kadim uygarl\u0131klar\u0131n yok olu\u015flar\u0131, do\u011fa\u00fcst\u00fc olaylarla birle\u015fen ger\u00e7ekler&#8230; Her biri, bir medeniyetin devrim niteli\u011findeki y\u00fckseli\u015fiyle ba\u015flay\u0131p, inan\u0131lmaz bir \u015fekilde sona eren kavimlerin dramatik hik\u00e2yeleriyle dolu. Nuh Tufan\u0131\u2019ndan Sebe halk\u0131n\u0131n sonuna kadar, her sayfada farkl\u0131 bir \u00e7\u00f6k\u00fc\u015f, farkl\u0131 bir felaket ve insanl\u0131k tarihinin unutulmu\u015f s\u0131rlar\u0131 sizi bekliyor. Y\u0131k\u0131m\u0131n ard\u0131ndaki derin anlamlar\u0131 ke\u015ffedin. Ge\u00e7mi\u015fin y\u0131k\u0131m\u0131na tan\u0131kl\u0131k edin, kaybolan uygarl\u0131klar\u0131n ard\u0131nda kalan derin anlamlar\u0131 bu kitapta ke\u015ffedin.<\/p>\n","protected":false},"excerpt":{"rendered":"<p>Tarihin derinliklerinde kaybolmu\u015f, efsanevi y\u0131k\u0131mlar\u0131n izleri&#8230; Bu kitap, insanl\u0131k tarihinin en gizemli ve etkileyici kavimlerinin sonlar\u0131n\u0131 anlat\u0131yor. B\u00fcy\u00fck felaketler, kadim uygarl\u0131klar\u0131n yok olu\u015flar\u0131, do\u011fa\u00fcst\u00fc olaylarla birle\u015fen<span class=\"excerpt-hellip\"> [\u2026]<\/span><\/p>\n","protected":false},"featured_media":0,"template":"","meta":{"_monsterinsights_skip_tracking":false,"_monsterinsights_sitenote_active":false,"_monsterinsights_sitenote_note":"","_monsterinsights_sitenote_category":0},"product_brand":[],"product_cat":[12718,12719],"product_tag":[],"class_list":{"0":"post-768998","1":"product","2":"type-product","3":"status-publish","5":"product_cat-din","6":"product_cat-islam","7":"pa_cilt-ciltsiz","8":"pa_tur-kitap","9":"pa_yayinevi-kalem-lugat-yayincilik","10":"pa_yazar-zubeyt-bozkurt","12":"first","13":"instock","14":"sale","15":"shipping-taxable","16":"purchasable","17":"product-type-simple"},"_links":{"self":[{"href":"https:\/\/roveyayinevi.com.tr\/index.php\/wp-json\/wp\/v2\/product\/768998","targetHints":{"allow":["GET"]}}],"collection":[{"href":"https:\/\/roveyayinevi.com.tr\/index.php\/wp-json\/wp\/v2\/product"}],"about":[{"href":"https:\/\/roveyayinevi.com.tr\/index.php\/wp-json\/wp\/v2\/types\/product"}],"wp:attachment":[{"href":"https:\/\/roveyayinevi.com.tr\/index.php\/wp-json\/wp\/v2\/media?parent=768998"}],"wp:term":[{"taxonomy":"product_brand","embeddable":true,"href":"https:\/\/roveyayinevi.com.tr\/index.php\/wp-json\/wp\/v2\/product_brand?post=768998"},{"taxonomy":"product_cat","embeddable":true,"href":"https:\/\/roveyayinevi.com.tr\/index.php\/wp-json\/wp\/v2\/product_cat?post=768998"},{"taxonomy":"product_tag","embeddable":true,"href":"https:\/\/roveyayinevi.com.tr\/index.php\/wp-json\/wp\/v2\/product_tag?post=768998"}],"curies":[{"name":"wp","href":"https:\/\/api.w.org\/{rel}","templated":true}]}}