{"id":768997,"date":"2025-08-28T13:38:41","date_gmt":"2025-08-28T10:38:41","guid":{"rendered":"https:\/\/roveyayinevi.com.tr\/index.php\/urun\/muhendislik-matematigi\/"},"modified":"2026-04-15T03:34:56","modified_gmt":"2026-04-15T00:34:56","slug":"muhendislik-matematigi","status":"publish","type":"product","link":"https:\/\/roveyayinevi.com.tr\/index.php\/urun\/muhendislik-matematigi\/","title":{"rendered":"M\u00fchendislik Matemati\u011fi"},"content":{"rendered":"<p>M\u00fchendislik Matemati\u011fi kitab\u0131, m\u00fchendislik fak\u00fclteleri, teknoloji fak\u00fclteleri ve meslek y\u00fcksekokullar\u0131nda elektrik, elektronik, bilgisayar ve yaz\u0131l\u0131m alanlar\u0131nda e\u011fitim g\u00f6ren \u00f6\u011frencilerin ihtiya\u00e7lar\u0131 g\u00f6z \u00f6n\u00fcnde bulundurularak haz\u0131rlanm\u0131\u015ft\u0131r. \u00d6\u011frencilerin m\u00fchendislik e\u011fitiminde kar\u015f\u0131la\u015ft\u0131klar\u0131 karma\u015f\u0131k problemlere \u00e7\u00f6z\u00fcm \u00fcretebilmeleri i\u00e7in gerekli matematik alt yap\u0131y\u0131 edinmeleri ama\u00e7lanm\u0131\u015ft\u0131r. Bu kitap i\u00e7erik olarak, teorik taraf\u0131 daha k\u0131sa sunulmu\u015f olup \u00e7o\u011funlukla uygulamal\u0131 \u00f6rnekler ve m\u00fchendislik problemlerine y\u00f6nelik \u00e7\u00f6z\u00fcmlerle desteklenmi\u015ftir. Kitapta Diferansiyel Denklemler, Laplace D\u00f6n\u00fc\u015f\u00fcmleri, Fourier Serileri, Optimizasyon, Say\u0131sal Analiz ve Cebirsel Olmayan Denklemler gibi konular detayl\u0131 bir \u015fekilde ele al\u0131nm\u0131\u015ft\u0131r. Bu konular, teorik bilgilerin m\u00fchendislik problemlerine nas\u0131l uygulanaca\u011f\u0131n\u0131 g\u00f6stermek amac\u0131yla \u00f6rnekler ve \u00e7\u00f6z\u00fcmlerle zenginle\u015ftirilmi\u015ftir. Ayr\u0131ca, PSIM benzetimleri ve ger\u00e7ek zamanl\u0131 deneylerle desteklenen uygulamalar, soyut kavramlar\u0131n somutla\u015ft\u0131r\u0131lmas\u0131na yard\u0131mc\u0131 olmakta, teori-pratik b\u00fct\u00fcnl\u00fc\u011f\u00fcn\u00fc sa\u011flayarak \u00f6\u011frencilerin analitik d\u00fc\u015f\u00fcnme yetilerini geli\u015ftirmelerine katk\u0131 sunmaktad\u0131r.  Yakla\u015f\u0131k 30 y\u0131ll\u0131k deneyim ve akademik birikimin sonucu olarak haz\u0131rlanan bu bilimsel ve \u00e7ok disiplinli kitap, sadece lisans \u00f6\u011frencileri i\u00e7in de\u011fil, y\u00fcksek lisans ve doktora seviyelerinde e\u011fitim g\u00f6ren ara\u015ft\u0131rmac\u0131lar i\u00e7in de \u00f6nemli bir bilimsel kaynak niteli\u011findedir. <\/p>\n","protected":false},"excerpt":{"rendered":"<p>M\u00fchendislik Matemati\u011fi kitab\u0131, m\u00fchendislik fak\u00fclteleri, teknoloji fak\u00fclteleri ve meslek y\u00fcksekokullar\u0131nda elektrik, elektronik, bilgisayar ve yaz\u0131l\u0131m alanlar\u0131nda e\u011fitim g\u00f6ren \u00f6\u011frencilerin ihtiya\u00e7lar\u0131 g\u00f6z \u00f6n\u00fcnde bulundurularak haz\u0131rlanm\u0131\u015ft\u0131r. \u00d6\u011frencilerin m\u00fchendislik<span class=\"excerpt-hellip\"> [\u2026]<\/span><\/p>\n","protected":false},"featured_media":0,"template":"","meta":{"_monsterinsights_skip_tracking":false,"_monsterinsights_sitenote_active":false,"_monsterinsights_sitenote_note":"","_monsterinsights_sitenote_category":0},"product_brand":[],"product_cat":[13005,16724],"product_tag":[],"class_list":{"0":"post-768997","1":"product","2":"type-product","3":"status-publish","5":"product_cat-bilim-muhendislik","6":"product_cat-matematik","7":"pa_cilt-ciltsiz","8":"pa_tur-kitap","9":"pa_yayinevi-aktif-yayinevi","10":"pa_yazar-mehmet-tektas-harun-ozbay-adem-dalcali","12":"first","13":"instock","14":"sale","15":"shipping-taxable","16":"purchasable","17":"product-type-simple"},"_links":{"self":[{"href":"https:\/\/roveyayinevi.com.tr\/index.php\/wp-json\/wp\/v2\/product\/768997","targetHints":{"allow":["GET"]}}],"collection":[{"href":"https:\/\/roveyayinevi.com.tr\/index.php\/wp-json\/wp\/v2\/product"}],"about":[{"href":"https:\/\/roveyayinevi.com.tr\/index.php\/wp-json\/wp\/v2\/types\/product"}],"wp:attachment":[{"href":"https:\/\/roveyayinevi.com.tr\/index.php\/wp-json\/wp\/v2\/media?parent=768997"}],"wp:term":[{"taxonomy":"product_brand","embeddable":true,"href":"https:\/\/roveyayinevi.com.tr\/index.php\/wp-json\/wp\/v2\/product_brand?post=768997"},{"taxonomy":"product_cat","embeddable":true,"href":"https:\/\/roveyayinevi.com.tr\/index.php\/wp-json\/wp\/v2\/product_cat?post=768997"},{"taxonomy":"product_tag","embeddable":true,"href":"https:\/\/roveyayinevi.com.tr\/index.php\/wp-json\/wp\/v2\/product_tag?post=768997"}],"curies":[{"name":"wp","href":"https:\/\/api.w.org\/{rel}","templated":true}]}}