{"id":768996,"date":"2025-08-28T13:38:40","date_gmt":"2025-08-28T10:38:40","guid":{"rendered":"https:\/\/roveyayinevi.com.tr\/index.php\/urun\/misir-surresi-ve-hac-emirligi\/"},"modified":"2026-04-15T03:34:56","modified_gmt":"2026-04-15T00:34:56","slug":"misir-surresi-ve-hac-emirligi","status":"publish","type":"product","link":"https:\/\/roveyayinevi.com.tr\/index.php\/urun\/misir-surresi-ve-hac-emirligi\/","title":{"rendered":"M\u0131s\u0131r Surresi ve Hac Emirli\u011fi"},"content":{"rendered":"<p>Yavuz Sultan Selim\u2019in 1517 y\u0131l\u0131nda M\u0131s\u0131r\u2019\u0131 fethinden sonra b\u00f6lgenin yerel kaynaklar\u0131 tespit edilmi\u015f, Haremeyn\u2019in zahire ve surre ak\u00e7esi ba\u015fta olmak \u00fczere b\u00fct\u00fcn hizmetlerinin yerine getirilmesi amac\u0131yla M\u0131s\u0131r\u2019daki kurum ve kaynaklar\u0131n Osmanl\u0131 devlet merkezine uyum ve entegrasyonu i\u00e7in merkezden \u00f6nemli devlet adamlar\u0131 ve tecr\u00fcbeli b\u00fcrokratlar M\u0131s\u0131r\u2019daki divan, hazine b\u00fcrokrasisi ve dini b\u00fcrokrasiye vazifeli k\u0131l\u0131narak M\u0131s\u0131r\u2019da yeni bir devlet d\u00fczeni olu\u015fturulmu\u015ftur. Bu s\u00fcre\u00e7te Meml\u00fckler d\u00f6neminden kalan \u00fcmera ve beyler de M\u0131s\u0131r hac kafilesinin Haremeyn\u2019e gidi\u015f ve d\u00f6n\u00fc\u015f\u00fcn\u00fc g\u00fcven i\u00e7inde sa\u011flamak \u00fczere M\u0131s\u0131r hac emiri olarak g\u00f6revli k\u0131l\u0131nm\u0131\u015flard\u0131r. M\u0131s\u0131r Surresi ve Hac Emirli\u011fi isimli bu eserde M\u0131s\u0131r\u2019\u0131n fethinden sonra Haremeyn\u2019in idaresiyle beraber b\u00fct\u00fcn d\u00fcnya M\u00fcsl\u00fcmanlar\u0131n\u0131n hamisi olma s\u0131fat\u0131n\u0131 kazanm\u0131\u015f bulunan Osmanl\u0131 Devleti\u2019nin, M\u0131s\u0131r\u2019daki b\u00fct\u00fcn yerel kaynak ve dinamiklerin Haremeyn idaresi ve hizmetine sunulmak \u00fczere olu\u015fturdu\u011fu M\u0131s\u0131r hac emirli\u011fi ve onun idaresindeki M\u0131s\u0131r s\u00fcrresini ele almaktad\u0131r. <\/p>\n","protected":false},"excerpt":{"rendered":"<p>Yavuz Sultan Selim\u2019in 1517 y\u0131l\u0131nda M\u0131s\u0131r\u2019\u0131 fethinden sonra b\u00f6lgenin yerel kaynaklar\u0131 tespit edilmi\u015f, Haremeyn\u2019in zahire ve surre ak\u00e7esi ba\u015fta olmak \u00fczere b\u00fct\u00fcn hizmetlerinin yerine getirilmesi amac\u0131yla<span class=\"excerpt-hellip\"> [\u2026]<\/span><\/p>\n","protected":false},"featured_media":0,"template":"","meta":{"_monsterinsights_skip_tracking":false,"_monsterinsights_sitenote_active":false,"_monsterinsights_sitenote_note":"","_monsterinsights_sitenote_category":0},"product_brand":[],"product_cat":[13517,12304],"product_tag":[],"class_list":{"0":"post-768996","1":"product","2":"type-product","3":"status-publish","5":"product_cat-osmanli-tarihi","6":"product_cat-tarih","7":"pa_cilt-ciltsiz","8":"pa_tur-kitap","9":"pa_yayinevi-aktif-yayinevi","10":"pa_yazar-tahir-sevinc","12":"first","13":"instock","14":"sale","15":"shipping-taxable","16":"purchasable","17":"product-type-simple"},"_links":{"self":[{"href":"https:\/\/roveyayinevi.com.tr\/index.php\/wp-json\/wp\/v2\/product\/768996","targetHints":{"allow":["GET"]}}],"collection":[{"href":"https:\/\/roveyayinevi.com.tr\/index.php\/wp-json\/wp\/v2\/product"}],"about":[{"href":"https:\/\/roveyayinevi.com.tr\/index.php\/wp-json\/wp\/v2\/types\/product"}],"wp:attachment":[{"href":"https:\/\/roveyayinevi.com.tr\/index.php\/wp-json\/wp\/v2\/media?parent=768996"}],"wp:term":[{"taxonomy":"product_brand","embeddable":true,"href":"https:\/\/roveyayinevi.com.tr\/index.php\/wp-json\/wp\/v2\/product_brand?post=768996"},{"taxonomy":"product_cat","embeddable":true,"href":"https:\/\/roveyayinevi.com.tr\/index.php\/wp-json\/wp\/v2\/product_cat?post=768996"},{"taxonomy":"product_tag","embeddable":true,"href":"https:\/\/roveyayinevi.com.tr\/index.php\/wp-json\/wp\/v2\/product_tag?post=768996"}],"curies":[{"name":"wp","href":"https:\/\/api.w.org\/{rel}","templated":true}]}}