{"id":768995,"date":"2025-08-28T13:38:38","date_gmt":"2025-08-28T10:38:38","guid":{"rendered":"https:\/\/roveyayinevi.com.tr\/index.php\/urun\/ecel-kilici-asar-serisi-2-kitap\/"},"modified":"2026-04-13T03:30:52","modified_gmt":"2026-04-13T00:30:52","slug":"ecel-kilici-asar-serisi-2-kitap","status":"publish","type":"product","link":"https:\/\/roveyayinevi.com.tr\/index.php\/urun\/ecel-kilici-asar-serisi-2-kitap\/","title":{"rendered":"Ecel K\u0131l\u0131c\u0131 &#8211; Asar Serisi: 2. Kitap"},"content":{"rendered":"<p>Onur \u00c7alcal\u0131, Asar Serisi\u2019nin ilk kitab\u0131 Asar\u2019\u0131n Evlatlar\u0131\u2019ndan sonra \u015fimdi de serinin ikinci kitab\u0131 Ecel K\u0131l\u0131c\u0131 ile okurlar\u0131yla bulu\u015fuyor. Ecel K\u0131lc\u0131, temposu hi\u00e7 d\u00fc\u015fmeyen, T\u00fcrk mitolojisinden beslenen, b\u00fcy\u00fcl\u00fc bir dil ile okurun hayal d\u00fcnyas\u0131n\u0131n s\u0131n\u0131rlar\u0131n\u0131 zorlayan fantastik bir roman. \u201cBinlerce reva \u00f6ld\u00fcrd\u00fcm!\u201d diye ba\u011f\u0131rd\u0131. \u201cKendi \u0131rk\u0131mdan binlercesini katlettim! Ben, O\u011fuz Ka\u011fan, kendi halk\u0131ma soyk\u0131r\u0131m yapt\u0131m!\u201d G\u00f6zlerimi sonunda a\u00e7abilip ona bakt\u0131\u011f\u0131mda hasm\u0131m\u0131n arkas\u0131nda \u00fc\u00e7 kayan\u0131n s\u00fcz\u00fcld\u00fc\u011f\u00fcn\u00fc g\u00f6rd\u00fcm. Delirmi\u015f gibi bak\u0131yor, hayk\u0131r\u0131yordu. \u201cHer \u00f6ld\u00fcrd\u00fc\u011f\u00fcm revada kendimi kahraman gibi hissettim. Topra\u011f\u0131n kendisi, g\u00f6\u011f\u00fcn ruhuydum!\u201d \u00dc\u00e7 kayan\u0131n birisi bo\u015fta kalan aya\u011f\u0131m\u0131n, di\u011fer ikisi kollar\u0131m\u0131n \u00fczerine inerken ac\u0131yla h\u0131\u00e7k\u0131rd\u0131m. \u201cHepsi ac\u0131yla hayk\u0131rd\u0131. Her reva, kalan t\u00fcm kuvvetiyle bana yalvard\u0131! Kanlar\u0131 kaynad\u0131, tenleri eridi ama ben hi\u00e7birine ac\u0131mad\u0131m. Hepsini \u00f6ld\u00fcrmek zorundayd\u0131m!\u201d<\/p>\n","protected":false},"excerpt":{"rendered":"<p>Onur \u00c7alcal\u0131, Asar Serisi\u2019nin ilk kitab\u0131 Asar\u2019\u0131n Evlatlar\u0131\u2019ndan sonra \u015fimdi de serinin ikinci kitab\u0131 Ecel K\u0131l\u0131c\u0131 ile okurlar\u0131yla bulu\u015fuyor. Ecel K\u0131lc\u0131, temposu hi\u00e7 d\u00fc\u015fmeyen, T\u00fcrk mitolojisinden<span class=\"excerpt-hellip\"> [\u2026]<\/span><\/p>\n","protected":false},"featured_media":0,"template":"","meta":{"_monsterinsights_skip_tracking":false,"_monsterinsights_sitenote_active":false,"_monsterinsights_sitenote_note":"","_monsterinsights_sitenote_category":0},"product_brand":[],"product_cat":[12291,12711],"product_tag":[],"class_list":{"0":"post-768995","1":"product","2":"type-product","3":"status-publish","5":"product_cat-edebiyat","6":"product_cat-roman-oyku","7":"pa_cilt-ciltsiz","8":"pa_tur-kitap","9":"pa_yayinevi-luna-yayinlari","10":"pa_yazar-onur-calcali","12":"first","13":"instock","14":"sale","15":"shipping-taxable","16":"purchasable","17":"product-type-simple"},"_links":{"self":[{"href":"https:\/\/roveyayinevi.com.tr\/index.php\/wp-json\/wp\/v2\/product\/768995","targetHints":{"allow":["GET"]}}],"collection":[{"href":"https:\/\/roveyayinevi.com.tr\/index.php\/wp-json\/wp\/v2\/product"}],"about":[{"href":"https:\/\/roveyayinevi.com.tr\/index.php\/wp-json\/wp\/v2\/types\/product"}],"wp:attachment":[{"href":"https:\/\/roveyayinevi.com.tr\/index.php\/wp-json\/wp\/v2\/media?parent=768995"}],"wp:term":[{"taxonomy":"product_brand","embeddable":true,"href":"https:\/\/roveyayinevi.com.tr\/index.php\/wp-json\/wp\/v2\/product_brand?post=768995"},{"taxonomy":"product_cat","embeddable":true,"href":"https:\/\/roveyayinevi.com.tr\/index.php\/wp-json\/wp\/v2\/product_cat?post=768995"},{"taxonomy":"product_tag","embeddable":true,"href":"https:\/\/roveyayinevi.com.tr\/index.php\/wp-json\/wp\/v2\/product_tag?post=768995"}],"curies":[{"name":"wp","href":"https:\/\/api.w.org\/{rel}","templated":true}]}}