{"id":768993,"date":"2025-08-28T13:38:34","date_gmt":"2025-08-28T10:38:34","guid":{"rendered":"https:\/\/roveyayinevi.com.tr\/index.php\/urun\/bizden-ben-kala\/"},"modified":"2026-04-15T03:34:56","modified_gmt":"2026-04-15T00:34:56","slug":"bizden-ben-kala","status":"publish","type":"product","link":"https:\/\/roveyayinevi.com.tr\/index.php\/urun\/bizden-ben-kala\/","title":{"rendered":"Bizden Ben Kala"},"content":{"rendered":"<p>Kelimenin kendisi ne bilmiyorum, sadece anlam\u0131n\u0131 tan\u0131mlayabiliyorum; ba\u015f\u0131n\u0131 rastgele \u00e7evirdi\u011fin bir yerde, sadece tek bir an, sanki onu g\u00f6recekmi\u015f hissiyle heyecanlan\u0131p, kalbin yerinden f\u0131rlayacakm\u0131\u015f gibi olurken, asl\u0131nda bunun hi\u00e7bir zaman m\u00fcmk\u00fcn olmayaca\u011f\u0131n\u0131n saliseden bile k\u0131sa s\u00fcrede idrakine vard\u0131\u011f\u0131n anda hissetti\u011fin, ba\u015ftan a\u015fa\u011f\u0131 ve t\u0131rna\u011f\u0131ndan sa\u00e7 teline kadar, t\u00fcm v\u00fccudunu saran o korkun\u00e7 \u00fcrperti\u2026   \u015eiir ser\u00fcvenim, e\u015fim Veysel Ekmen&#8217;i kaybettikten sonra, bana yazd\u0131\u011f\u0131 \u015fiirleri buldu\u011fumda ba\u015flad\u0131. Hi\u00e7 haberim yokken ba\u015flad\u0131\u011f\u0131 bu \u015fiir ser\u00fcvenini devam ettirebilmenin hazz\u0131, tarif edilemez. O\u2019nun \u015fiirlerindeki varl\u0131\u011f\u0131m, benim \u015fiirlerimdeki yoklu\u011fuyla yar\u0131\u015ft\u0131 \u00e2deta. Ve ben, bunca zaman onun tamamen yok oldu\u011funa inanmad\u0131m hi\u00e7. Sadece ona dair be\u015f duyumu elimden alm\u0131\u015flar, geriye bir tek hasretini b\u0131rakm\u0131\u015flar gibi\u2026<\/p>\n","protected":false},"excerpt":{"rendered":"<p>Kelimenin kendisi ne bilmiyorum, sadece anlam\u0131n\u0131 tan\u0131mlayabiliyorum; ba\u015f\u0131n\u0131 rastgele \u00e7evirdi\u011fin bir yerde, sadece tek bir an, sanki onu g\u00f6recekmi\u015f hissiyle heyecanlan\u0131p, kalbin yerinden f\u0131rlayacakm\u0131\u015f gibi olurken,<span class=\"excerpt-hellip\"> [\u2026]<\/span><\/p>\n","protected":false},"featured_media":0,"template":"","meta":{"_monsterinsights_skip_tracking":false,"_monsterinsights_sitenote_active":false,"_monsterinsights_sitenote_note":"","_monsterinsights_sitenote_category":0},"product_brand":[],"product_cat":[12291,12509],"product_tag":[],"class_list":{"0":"post-768993","1":"product","2":"type-product","3":"status-publish","5":"product_cat-edebiyat","6":"product_cat-siir","7":"pa_cilt-ciltsiz","8":"pa_tur-kitap","9":"pa_yayinevi-luna-yayinlari","10":"pa_yazar-derya-ekmen","12":"first","13":"instock","14":"sale","15":"shipping-taxable","16":"purchasable","17":"product-type-simple"},"_links":{"self":[{"href":"https:\/\/roveyayinevi.com.tr\/index.php\/wp-json\/wp\/v2\/product\/768993","targetHints":{"allow":["GET"]}}],"collection":[{"href":"https:\/\/roveyayinevi.com.tr\/index.php\/wp-json\/wp\/v2\/product"}],"about":[{"href":"https:\/\/roveyayinevi.com.tr\/index.php\/wp-json\/wp\/v2\/types\/product"}],"wp:attachment":[{"href":"https:\/\/roveyayinevi.com.tr\/index.php\/wp-json\/wp\/v2\/media?parent=768993"}],"wp:term":[{"taxonomy":"product_brand","embeddable":true,"href":"https:\/\/roveyayinevi.com.tr\/index.php\/wp-json\/wp\/v2\/product_brand?post=768993"},{"taxonomy":"product_cat","embeddable":true,"href":"https:\/\/roveyayinevi.com.tr\/index.php\/wp-json\/wp\/v2\/product_cat?post=768993"},{"taxonomy":"product_tag","embeddable":true,"href":"https:\/\/roveyayinevi.com.tr\/index.php\/wp-json\/wp\/v2\/product_tag?post=768993"}],"curies":[{"name":"wp","href":"https:\/\/api.w.org\/{rel}","templated":true}]}}