{"id":768992,"date":"2025-08-28T13:38:32","date_gmt":"2025-08-28T10:38:32","guid":{"rendered":"https:\/\/roveyayinevi.com.tr\/index.php\/urun\/kutle-transferi-esaslari-ve-uygulamalar-eki\/"},"modified":"2026-04-15T03:34:56","modified_gmt":"2026-04-15T00:34:56","slug":"kutle-transferi-esaslari-ve-uygulamalar-eki","status":"publish","type":"product","link":"https:\/\/roveyayinevi.com.tr\/index.php\/urun\/kutle-transferi-esaslari-ve-uygulamalar-eki\/","title":{"rendered":"K\u00fctle Transferi Esaslar\u0131 Ve Uygulamalar Eki"},"content":{"rendered":"<p>\u0130\u00e7indekiler :            B\u00d6L\u00dcM 1: G\u0130R\u0130\u015e          B\u00d6L\u00dcM 2: K\u00dcTLE TRANSFER MEKAN\u0130ZMASI VE D\u0130F\u00dcZYON KATSAYISI          B\u00d6L\u00dcM 3: DURGUN VEYA LAM\u0130NAR KO\u015eULLARDAK\u0130 AKI\u015eKANLAR \u0130\u00c7\u0130NDE KARARLI HAL TEK Y\u00d6NDE MOLEK\u00dcLER D\u0130F\u00dcZYON          B\u00d6L\u00dcM 4: S\u00dcREKL\u0130L\u0130K DENKLEM\u0130          B\u00d6L\u00dcM 5: K\u00dcTLE TRANSFER KATSAYILARI          B\u00d6L\u00dcM 6: K\u00dcTLE TRANSFER TEOR\u0130LER\u0130          B\u00d6L\u00dcM 7: BENZERL\u0130K          B\u00d6L\u00dcM 8: FAZLAR ARASI K\u00dcTLE TRANSFER\u0130              B\u00d6L\u00dcM 9: AYIRMA \u0130\u015eLEMLER\u0130N\u0130N GENEL SINIFLANDIRILMASI VE HESAPLAMA METODLARI          B\u00d6L\u00dcM 10: GAZ ABSORPS\u0130YONU          B\u00d6L\u00dcM 11: D\u0130ST\u0130LASYON          B\u00d6L\u00dcM 12: SIVI-SIVI EKSTRAKS\u0130YON          B\u00d6L\u00dcM 13: KATI-SIVI EKSTRAKS\u0130YON          B\u00d6L\u00dcM 14: NEMLEND\u0130RME VE SO\u011eUTMA KULELER\u0130          B\u00d6L\u00dcM 15: KURUTMA          B\u00d6L\u00dcM 16: ADSORPS\u0130YON          B\u00d6L\u00dcM 17: BUHARLA\u015eMA          B\u00d6L\u00dcM 18: F\u0130LTRASYON          EKLER <\/p>\n","protected":false},"excerpt":{"rendered":"<p>\u0130\u00e7indekiler : B\u00d6L\u00dcM 1: G\u0130R\u0130\u015e B\u00d6L\u00dcM 2: K\u00dcTLE TRANSFER MEKAN\u0130ZMASI VE D\u0130F\u00dcZYON KATSAYISI B\u00d6L\u00dcM 3: DURGUN VEYA LAM\u0130NAR KO\u015eULLARDAK\u0130 AKI\u015eKANLAR \u0130\u00c7\u0130NDE KARARLI HAL TEK Y\u00d6NDE MOLEK\u00dcLER<span class=\"excerpt-hellip\"> [\u2026]<\/span><\/p>\n","protected":false},"featured_media":0,"template":"","meta":{"_monsterinsights_skip_tracking":false,"_monsterinsights_sitenote_active":false,"_monsterinsights_sitenote_note":"","_monsterinsights_sitenote_category":0},"product_brand":[],"product_cat":[13005],"product_tag":[],"class_list":{"0":"post-768992","1":"product","2":"type-product","3":"status-publish","5":"product_cat-bilim-muhendislik","6":"pa_cilt-ciltsiz","7":"pa_tur-kitap","8":"pa_yayinevi-gazi-kitabevi","9":"pa_yazar-bekir-zuhtu-uysal","11":"first","12":"instock","13":"sale","14":"shipping-taxable","15":"purchasable","16":"product-type-simple"},"_links":{"self":[{"href":"https:\/\/roveyayinevi.com.tr\/index.php\/wp-json\/wp\/v2\/product\/768992","targetHints":{"allow":["GET"]}}],"collection":[{"href":"https:\/\/roveyayinevi.com.tr\/index.php\/wp-json\/wp\/v2\/product"}],"about":[{"href":"https:\/\/roveyayinevi.com.tr\/index.php\/wp-json\/wp\/v2\/types\/product"}],"wp:attachment":[{"href":"https:\/\/roveyayinevi.com.tr\/index.php\/wp-json\/wp\/v2\/media?parent=768992"}],"wp:term":[{"taxonomy":"product_brand","embeddable":true,"href":"https:\/\/roveyayinevi.com.tr\/index.php\/wp-json\/wp\/v2\/product_brand?post=768992"},{"taxonomy":"product_cat","embeddable":true,"href":"https:\/\/roveyayinevi.com.tr\/index.php\/wp-json\/wp\/v2\/product_cat?post=768992"},{"taxonomy":"product_tag","embeddable":true,"href":"https:\/\/roveyayinevi.com.tr\/index.php\/wp-json\/wp\/v2\/product_tag?post=768992"}],"curies":[{"name":"wp","href":"https:\/\/api.w.org\/{rel}","templated":true}]}}