{"id":768991,"date":"2025-08-28T13:38:31","date_gmt":"2025-08-28T10:38:31","guid":{"rendered":"https:\/\/roveyayinevi.com.tr\/index.php\/urun\/sonsuz-hayat-sonsuz-dersler\/"},"modified":"2026-04-15T03:34:56","modified_gmt":"2026-04-15T00:34:56","slug":"sonsuz-hayat-sonsuz-dersler","status":"publish","type":"product","link":"https:\/\/roveyayinevi.com.tr\/index.php\/urun\/sonsuz-hayat-sonsuz-dersler\/","title":{"rendered":"Sonsuz Hayat, Sonsuz Dersler"},"content":{"rendered":"<p>Ruh \u015fifac\u0131s\u0131 olarak da tan\u0131nan \u00fcnl\u00fc medyum Susan Grau bu kitapta \u00f6l\u00fcme-yak\u0131n bir deneyimle ba\u015flayan ve verdi\u011fi derin m\u00fccadelelerden sonra binlerce insana yard\u0131m eden bir medyum olu\u015funun son derece etkileyici \u00f6yk\u00fcs\u00fcn\u00fc anlat\u0131yor. Yazar bu d\u00f6n\u00fc\u015f\u00fcm yarat\u0131c\u0131 yolculu\u011funu iyile\u015fmeyi ve ayd\u0131nlanmay\u0131 arayanlar i\u00e7in ilham verici bir yol haritas\u0131 olarak sunuyor. Onun y\u0131llar i\u00e7inde yard\u0131m etti\u011fi insanlar\u0131n -her biri ruhunuz i\u00e7in bir ders i\u00e7eren- \u00f6yk\u00fcleri sizi adeta b\u00fcy\u00fcleyecektir. Ruhsal \u00e2lemle ilgili bu bilgi ve i\u00e7g\u00f6r\u00fc dolu eserde \u00f6b\u00fcr d\u00fcnyan\u0131n daha derin bir anlay\u0131\u015f\u0131n\u0131 kazanacak ve melekler, rehberler ve kaybetti\u011finiz sevdikleriniz ile ba\u011flant\u0131 kurman\u0131n yollar\u0131n\u0131 \u00f6\u011freneceksiniz. Ayr\u0131ca, her b\u00f6l\u00fcm\u00fcn sonunda yer alan \u00d6z\u00fcmseme Anlar\u0131 ve Al\u0131\u015ft\u0131rmalar kitapta sunulan dersleri \u00f6z\u00fcmsemenize ve uygulaman\u0131za yard\u0131mc\u0131 olacakt\u0131r. Siz ister sevdi\u011finiz bir insan\u0131 kaybetmenin ac\u0131s\u0131n\u0131 \u00e7ekiyor olun, ister hayat\u0131n gizemlerini \u00e7\u00f6zmek istiyor olun, ister \u00f6l\u00fcme-yak\u0131n deneyimlerle ilgileniyor olun, isterse ruhsal fark\u0131ndal\u0131\u011f\u0131n\u0131z\u0131 derinle\u015ftirmeye \u00e7al\u0131\u015f\u0131yor olun, bu kitap yolculu\u011funuz i\u00e7in gerekli olan berrakl\u0131\u011f\u0131, bilgeli\u011fi ve teselliyi hu\u015fu verici bir bi\u00e7imde sunmaktad\u0131r. \u201cBu \u00f6b\u00fcr d\u00fcnyay\u0131 anlamak ve onunla ba\u011flant\u0131 kurmak isteyen herkesin okumas\u0131 gereken ve hem bu hayattaki hem \u00f6b\u00fcr d\u00fcnyadaki insan deneyiminin g\u00fczelli\u011fini ve derinli\u011fini yakalayan bir eser. Grau bize, Tanr\u0131 ile aram\u0131zdaki \u2018birli\u011fin\u2019 ilah\u00ee \u00f6z\u00fcn\u00fc \u015fimdi ve burada hissetmemizi sa\u011flayan gere\u00e7ler sunuyor.\u201d &#8211; Cindy Kaza, medyum, The Holzed Files adl\u0131 program\u0131n sunucusu \u201cBu kitap evrenin ebedi bilgeli\u011fini ortaya \u00e7\u0131kar\u0131yor ve derin dersler sunuyor. Ben bu \u00f6\u011fretileri ya\u015fam de\u011fi\u015ftirici buldum. Buradaki uygulamalar ve ruhsal i\u00e7g\u00f6r\u00fcler i\u00e7imde bir d\u00f6n\u00fc\u015f\u00fcm\u00fc h\u0131zland\u0131rarak \u00e7ok ihtiya\u00e7 duydu\u011fum bir iyile\u015fmeye yol a\u00e7t\u0131. Susan\u2019\u0131n etkili bir bi\u00e7imde anlatt\u0131\u011f\u0131 \u00f6yk\u00fc sonsuz bir tek\u00e2m\u00fcle ve anlay\u0131\u015fa do\u011fru bir yolculu\u011fu olu\u015fturuyor.\u201d &#8211; Riley J. Ford, New York Times \u00e7ok-satan yazar\u0131 \u201cE\u011fer bu ola\u011fan\u00fcst\u00fc ba\u015fyap\u0131tta sunulan bilgiyi uygularsan\u0131z, hayat\u0131n\u0131z\u0131n geriye kalan\u0131n\u0131 hayat\u0131n\u0131z\u0131n en iyi b\u00f6l\u00fcm\u00fc k\u0131labilirsiniz.\u201d -Kim Russo, medyum, yazar, sunuc<\/p>\n","protected":false},"excerpt":{"rendered":"<p>Ruh \u015fifac\u0131s\u0131 olarak da tan\u0131nan \u00fcnl\u00fc medyum Susan Grau bu kitapta \u00f6l\u00fcme-yak\u0131n bir deneyimle ba\u015flayan ve verdi\u011fi derin m\u00fccadelelerden sonra binlerce insana yard\u0131m eden bir medyum<span class=\"excerpt-hellip\"> [\u2026]<\/span><\/p>\n","protected":false},"featured_media":0,"template":"","meta":{"_monsterinsights_skip_tracking":false,"_monsterinsights_sitenote_active":false,"_monsterinsights_sitenote_note":"","_monsterinsights_sitenote_category":0},"product_brand":[],"product_cat":[12364,12376],"product_tag":[],"class_list":{"0":"post-768991","1":"product","2":"type-product","3":"status-publish","5":"product_cat-genel-konular","6":"product_cat-kisisel-gelisim","7":"pa_cilt-ciltsiz","8":"pa_tur-kitap","9":"pa_yayinevi-akasa-yayinlari","10":"pa_yazar-susan-grau","12":"first","13":"instock","14":"sale","15":"shipping-taxable","16":"purchasable","17":"product-type-simple"},"_links":{"self":[{"href":"https:\/\/roveyayinevi.com.tr\/index.php\/wp-json\/wp\/v2\/product\/768991","targetHints":{"allow":["GET"]}}],"collection":[{"href":"https:\/\/roveyayinevi.com.tr\/index.php\/wp-json\/wp\/v2\/product"}],"about":[{"href":"https:\/\/roveyayinevi.com.tr\/index.php\/wp-json\/wp\/v2\/types\/product"}],"wp:attachment":[{"href":"https:\/\/roveyayinevi.com.tr\/index.php\/wp-json\/wp\/v2\/media?parent=768991"}],"wp:term":[{"taxonomy":"product_brand","embeddable":true,"href":"https:\/\/roveyayinevi.com.tr\/index.php\/wp-json\/wp\/v2\/product_brand?post=768991"},{"taxonomy":"product_cat","embeddable":true,"href":"https:\/\/roveyayinevi.com.tr\/index.php\/wp-json\/wp\/v2\/product_cat?post=768991"},{"taxonomy":"product_tag","embeddable":true,"href":"https:\/\/roveyayinevi.com.tr\/index.php\/wp-json\/wp\/v2\/product_tag?post=768991"}],"curies":[{"name":"wp","href":"https:\/\/api.w.org\/{rel}","templated":true}]}}