{"id":768990,"date":"2025-08-28T13:38:30","date_gmt":"2025-08-28T10:38:30","guid":{"rendered":"https:\/\/roveyayinevi.com.tr\/index.php\/urun\/kuresellesen-dunyada-ekonomik-istikrar-arayisi-sermaye-kontrollerinin-uluslararasi-politik-ekonomisi\/"},"modified":"2026-04-15T03:34:56","modified_gmt":"2026-04-15T00:34:56","slug":"kuresellesen-dunyada-ekonomik-istikrar-arayisi-sermaye-kontrollerinin-uluslararasi-politik-ekonomisi","status":"publish","type":"product","link":"https:\/\/roveyayinevi.com.tr\/index.php\/urun\/kuresellesen-dunyada-ekonomik-istikrar-arayisi-sermaye-kontrollerinin-uluslararasi-politik-ekonomisi\/","title":{"rendered":"K\u00fcreselle\u015fen D\u00fcnyada Ekonomik \u0130stikrar Aray\u0131\u015f\u0131: Sermaye Kontrollerinin Uluslararas\u0131 Politik Ekonomisi"},"content":{"rendered":"<p>G\u00fcn\u00fcm\u00fcz\u00fcn h\u0131zla de\u011fi\u015fen ve k\u00fcreselle\u015fen finansal sisteminde, sermaye kontrolleri, geli\u015fmekte olan \u00fclkeler i\u00e7in yaln\u0131zca ekonomik bir ara\u00e7 de\u011fil, ayn\u0131 zamanda jeopolitik bir strateji olarak da \u00f6ne \u00e7\u0131k\u0131yor. Bu kitap, sermaye kontrollerini uluslararas\u0131 politik ekonominin \u00e7ok boyutlu perspektifinden ele alarak, ekonomik ba\u011f\u0131ms\u0131zl\u0131k ile k\u00fcresel g\u00fc\u00e7 dengeleri aras\u0131ndaki karma\u015f\u0131k ili\u015fkiyi mercek alt\u0131na al\u0131yor. Uluslararas\u0131 Politik Ekonomi disiplini \u00e7er\u00e7evesinde Merkantilizm, Liberalizm ve Marksizm gibi farkl\u0131 teorik yakla\u015f\u0131mlarla desteklenen bu kapsaml\u0131 \u00e7al\u0131\u015fma, sermaye kontrollerinin tarihsel ve g\u00fcncel ba\u011flamda oynad\u0131\u011f\u0131 rol\u00fc derinlemesine inceliyor. Ayr\u0131ca, uluslararas\u0131 finansal krizlerin artan etkisiyle, sermaye kontrollerinin devletler taraf\u0131ndan nas\u0131l bir savunma mekanizmas\u0131 olarak kullan\u0131ld\u0131\u011f\u0131n\u0131 ortaya koyuyor. Kitap, yaln\u0131zca teorik bir \u00e7er\u00e7eve sunmakla kalm\u0131yor; ayn\u0131 zamanda, farkl\u0131 \u00fclkelerin deneyimlerinden elde edilen empirik bulgular \u0131\u015f\u0131\u011f\u0131nda, bu politikalar\u0131n ekonomik ve siyasi etkilerini de analiz ediyor. Sermaye kontrollerinin faydalar\u0131n\u0131 ve risklerini tarafs\u0131z bir \u015fekilde ele alan bu eser, uluslararas\u0131 finansal sistemin dinamiklerini anlamak isteyen akademisyenler, politika yap\u0131c\u0131lar ve \u00f6\u011frenciler i\u00e7in \u00f6nemli bir kaynak niteli\u011fi ta\u015f\u0131yor. <\/p>\n","protected":false},"excerpt":{"rendered":"<p>G\u00fcn\u00fcm\u00fcz\u00fcn h\u0131zla de\u011fi\u015fen ve k\u00fcreselle\u015fen finansal sisteminde, sermaye kontrolleri, geli\u015fmekte olan \u00fclkeler i\u00e7in yaln\u0131zca ekonomik bir ara\u00e7 de\u011fil, ayn\u0131 zamanda jeopolitik bir strateji olarak da \u00f6ne<span class=\"excerpt-hellip\"> [\u2026]<\/span><\/p>\n","protected":false},"featured_media":0,"template":"","meta":{"_monsterinsights_skip_tracking":false,"_monsterinsights_sitenote_active":false,"_monsterinsights_sitenote_note":"","_monsterinsights_sitenote_category":0},"product_brand":[],"product_cat":[14841,13043],"product_tag":[],"class_list":{"0":"post-768990","1":"product","2":"type-product","3":"status-publish","5":"product_cat-arastirma-inceleme-kuram","6":"product_cat-ekonomi","7":"pa_cilt-ciltsiz","8":"pa_tur-kitap","9":"pa_yayinevi-astana-yayinlari","10":"pa_yazar-omer-demir","12":"first","13":"instock","14":"sale","15":"shipping-taxable","16":"purchasable","17":"product-type-simple"},"_links":{"self":[{"href":"https:\/\/roveyayinevi.com.tr\/index.php\/wp-json\/wp\/v2\/product\/768990","targetHints":{"allow":["GET"]}}],"collection":[{"href":"https:\/\/roveyayinevi.com.tr\/index.php\/wp-json\/wp\/v2\/product"}],"about":[{"href":"https:\/\/roveyayinevi.com.tr\/index.php\/wp-json\/wp\/v2\/types\/product"}],"wp:attachment":[{"href":"https:\/\/roveyayinevi.com.tr\/index.php\/wp-json\/wp\/v2\/media?parent=768990"}],"wp:term":[{"taxonomy":"product_brand","embeddable":true,"href":"https:\/\/roveyayinevi.com.tr\/index.php\/wp-json\/wp\/v2\/product_brand?post=768990"},{"taxonomy":"product_cat","embeddable":true,"href":"https:\/\/roveyayinevi.com.tr\/index.php\/wp-json\/wp\/v2\/product_cat?post=768990"},{"taxonomy":"product_tag","embeddable":true,"href":"https:\/\/roveyayinevi.com.tr\/index.php\/wp-json\/wp\/v2\/product_tag?post=768990"}],"curies":[{"name":"wp","href":"https:\/\/api.w.org\/{rel}","templated":true}]}}