{"id":768989,"date":"2025-08-28T13:38:28","date_gmt":"2025-08-28T10:38:28","guid":{"rendered":"https:\/\/roveyayinevi.com.tr\/index.php\/urun\/muamelat-fikhinda-kadin-farki-ve-gunumuz-turk-hukuku-cercevesinde-tahlili-bir-yaklasim\/"},"modified":"2026-04-15T03:34:56","modified_gmt":"2026-04-15T00:34:56","slug":"muamelat-fikhinda-kadin-farki-ve-gunumuz-turk-hukuku-cercevesinde-tahlili-bir-yaklasim","status":"publish","type":"product","link":"https:\/\/roveyayinevi.com.tr\/index.php\/urun\/muamelat-fikhinda-kadin-farki-ve-gunumuz-turk-hukuku-cercevesinde-tahlili-bir-yaklasim\/","title":{"rendered":"Muamelat F\u0131kh\u0131nda Kad\u0131n Fark\u0131 ve G\u00fcn\u00fcm\u00fcz T\u00fcrk Hukuku \u00c7er\u00e7evesinde Tahlili Bir Yakla\u015f\u0131m"},"content":{"rendered":"<p>Bu \u00e7al\u0131\u015fma, \u0130sl\u00e2m F\u0131kh\u0131\u2019n\u0131n mu\u00e2melat alan\u0131nda hak ve sorumluluklar\u0131na ba\u011fl\u0131 olarak kad\u0131n ve erkek aras\u0131ndaki farklar\u0131n barizle\u015fti\u011fi hukuki konular\u0131 incelemektedir. \u0130slam\u2019da kad\u0131n ile erkek aras\u0131nda bireysel ve sosyal ad\u00e2let temelli bir rol da\u011f\u0131l\u0131m\u0131n\u0131n esas oldu\u011fu, bilhassa kad\u0131n lehine \u00f6zel bir tak\u0131m uygulama ve ayr\u0131cal\u0131klar bulundu\u011fu bilinmektedir. Nik\u00e2h, tal\u00e2k, vel\u00e2yet, denklik, nafaka, mehir, \u015fahitlik, miras ba\u015fl\u0131klar\u0131 alt\u0131nda kad\u0131n lehine pozitif ayr\u0131m ile h\u00fckmedilirken iki cins aras\u0131ndaki ad\u00e2letin e\u015fzamanl\u0131 olarak korunabilmesi, \u0130sl\u00e2m hukukunun ilke ve prosed\u00fcrlerinin orijinalitesiyle ilgilidir. Kad\u0131n-erkek fark\u0131n\u0131 \u0130sl\u00e2m hukuk doktrinleri bak\u0131m\u0131ndan mukayeseli bir \u015fekilde g\u00f6r\u00fc\u015f ve delilleriyle ortaya koymay\u0131 ama\u00e7layan bu \u00e7al\u0131\u015fma, ayn\u0131 konular\u0131n y\u00fcr\u00fcrl\u00fckteki kanunlar bak\u0131m\u0131ndan hukuki kar\u015f\u0131l\u0131klar\u0131n\u0131 da tahlil etme \u00e7abas\u0131ndad\u0131r. <\/p>\n","protected":false},"excerpt":{"rendered":"<p>Bu \u00e7al\u0131\u015fma, \u0130sl\u00e2m F\u0131kh\u0131\u2019n\u0131n mu\u00e2melat alan\u0131nda hak ve sorumluluklar\u0131na ba\u011fl\u0131 olarak kad\u0131n ve erkek aras\u0131ndaki farklar\u0131n barizle\u015fti\u011fi hukuki konular\u0131 incelemektedir. \u0130slam\u2019da kad\u0131n ile erkek aras\u0131nda bireysel<span class=\"excerpt-hellip\"> [\u2026]<\/span><\/p>\n","protected":false},"featured_media":0,"template":"","meta":{"_monsterinsights_skip_tracking":false,"_monsterinsights_sitenote_active":false,"_monsterinsights_sitenote_note":"","_monsterinsights_sitenote_category":0},"product_brand":[],"product_cat":[14841,13043],"product_tag":[],"class_list":{"0":"post-768989","1":"product","2":"type-product","3":"status-publish","5":"product_cat-arastirma-inceleme-kuram","6":"product_cat-ekonomi","7":"pa_cilt-ciltsiz","8":"pa_tur-kitap","9":"pa_yayinevi-astana-yayinlari","10":"pa_yazar-ozlem-yanik","12":"first","13":"instock","14":"sale","15":"shipping-taxable","16":"purchasable","17":"product-type-simple"},"_links":{"self":[{"href":"https:\/\/roveyayinevi.com.tr\/index.php\/wp-json\/wp\/v2\/product\/768989","targetHints":{"allow":["GET"]}}],"collection":[{"href":"https:\/\/roveyayinevi.com.tr\/index.php\/wp-json\/wp\/v2\/product"}],"about":[{"href":"https:\/\/roveyayinevi.com.tr\/index.php\/wp-json\/wp\/v2\/types\/product"}],"wp:attachment":[{"href":"https:\/\/roveyayinevi.com.tr\/index.php\/wp-json\/wp\/v2\/media?parent=768989"}],"wp:term":[{"taxonomy":"product_brand","embeddable":true,"href":"https:\/\/roveyayinevi.com.tr\/index.php\/wp-json\/wp\/v2\/product_brand?post=768989"},{"taxonomy":"product_cat","embeddable":true,"href":"https:\/\/roveyayinevi.com.tr\/index.php\/wp-json\/wp\/v2\/product_cat?post=768989"},{"taxonomy":"product_tag","embeddable":true,"href":"https:\/\/roveyayinevi.com.tr\/index.php\/wp-json\/wp\/v2\/product_tag?post=768989"}],"curies":[{"name":"wp","href":"https:\/\/api.w.org\/{rel}","templated":true}]}}