{"id":768986,"date":"2025-08-28T13:38:23","date_gmt":"2025-08-28T10:38:23","guid":{"rendered":"https:\/\/roveyayinevi.com.tr\/index.php\/urun\/dunya-lekesi-ciltli\/"},"modified":"2026-04-12T03:26:20","modified_gmt":"2026-04-12T00:26:20","slug":"dunya-lekesi-ciltli","status":"publish","type":"product","link":"https:\/\/roveyayinevi.com.tr\/index.php\/urun\/dunya-lekesi-ciltli\/","title":{"rendered":"D\u00fcnya  Lekesi (Ciltli)"},"content":{"rendered":"<p>sonra madem insan kal ad\u0131nda bir belad\u0131r insan dalg\u0131n bir belgedir kendisiyle hayat aras\u0131nda neden eve d\u00f6nmekten ibarettir hayat neden bazen simsiyah bir do\u011fruyla denilir devletin ve Allah\u2019\u0131n en iyi fikridir k\u0131\u015f b\u00fct\u00fcn evlerin en m\u00fckemmel hatas\u0131d\u0131r baba   ba\u015fka incirin yaras\u0131n\u0131 ba\u015fka incir de bilmez gibi taland\u0131r bu herkesle herkes olmak kopan umur, ufalan \u00f6d\u00fcn ad\u0131yla iki lekenin birbirine da\u011f\u0131lmas\u0131na sadece a\u015fk m\u0131 denir di\u011fer zeytinin di\u011fer zeytine fethi gibi dilerim herkesin vaktiyle  ad\u0131 sinem olan uzun bir yasa de\u011fer eli sinem! o kadar o denli <\/p>\n","protected":false},"excerpt":{"rendered":"<p>sonra madem insan kal ad\u0131nda bir belad\u0131r insan dalg\u0131n bir belgedir kendisiyle hayat aras\u0131nda neden eve d\u00f6nmekten ibarettir hayat neden bazen simsiyah bir do\u011fruyla denilir devletin<span class=\"excerpt-hellip\"> [\u2026]<\/span><\/p>\n","protected":false},"featured_media":0,"template":"","meta":{"_monsterinsights_skip_tracking":false,"_monsterinsights_sitenote_active":false,"_monsterinsights_sitenote_note":"","_monsterinsights_sitenote_category":0},"product_brand":[],"product_cat":[12291,12711],"product_tag":[],"class_list":{"0":"post-768986","1":"product","2":"type-product","3":"status-publish","5":"product_cat-edebiyat","6":"product_cat-roman-oyku","7":"pa_cilt-ciltli","8":"pa_tur-kitap","9":"pa_yayinevi-everest-yayinlari","10":"pa_yazar-seyyidhan-komurcu","12":"first","13":"instock","14":"sale","15":"shipping-taxable","16":"purchasable","17":"product-type-simple"},"_links":{"self":[{"href":"https:\/\/roveyayinevi.com.tr\/index.php\/wp-json\/wp\/v2\/product\/768986","targetHints":{"allow":["GET"]}}],"collection":[{"href":"https:\/\/roveyayinevi.com.tr\/index.php\/wp-json\/wp\/v2\/product"}],"about":[{"href":"https:\/\/roveyayinevi.com.tr\/index.php\/wp-json\/wp\/v2\/types\/product"}],"wp:attachment":[{"href":"https:\/\/roveyayinevi.com.tr\/index.php\/wp-json\/wp\/v2\/media?parent=768986"}],"wp:term":[{"taxonomy":"product_brand","embeddable":true,"href":"https:\/\/roveyayinevi.com.tr\/index.php\/wp-json\/wp\/v2\/product_brand?post=768986"},{"taxonomy":"product_cat","embeddable":true,"href":"https:\/\/roveyayinevi.com.tr\/index.php\/wp-json\/wp\/v2\/product_cat?post=768986"},{"taxonomy":"product_tag","embeddable":true,"href":"https:\/\/roveyayinevi.com.tr\/index.php\/wp-json\/wp\/v2\/product_tag?post=768986"}],"curies":[{"name":"wp","href":"https:\/\/api.w.org\/{rel}","templated":true}]}}