{"id":768985,"date":"2025-08-28T13:38:21","date_gmt":"2025-08-28T10:38:21","guid":{"rendered":"https:\/\/roveyayinevi.com.tr\/index.php\/urun\/bi-radyocunun-anitomisi\/"},"modified":"2026-04-15T03:34:56","modified_gmt":"2026-04-15T00:34:56","slug":"bi-radyocunun-anitomisi","status":"publish","type":"product","link":"https:\/\/roveyayinevi.com.tr\/index.php\/urun\/bi-radyocunun-anitomisi\/","title":{"rendered":"Bi&#8217; Radyocunun An\u0131&#8217;tomisi"},"content":{"rendered":"<p>Radyo st\u00fcdyolar\u0131n\u0131n b\u00fcy\u00fcs\u00fc.. Ve bir DJ\u2019in yay\u0131nlardan sonra kalan hat\u0131ralar\u0131 bu kitapta gizli ve \u00f6l\u00fcms\u00fcz. St\u00fcdyolarda ya\u015fad\u0131klar\u0131m\u0131n hepsini bu kitapta yazmasam da. Ya\u015famaya de\u011fer di, Ve tabi yazmaya da. Hayalini kurmaya de\u011fmi\u015fti.. Radyo benim vazge\u00e7ilmez tutkumdu, Bu tutkuyu ya\u015famak i\u00e7in \u00f6yle \u00e7abalam\u0131\u015ft\u0131m ki Ve y\u0131lmad\u0131m asla, Asla pes etmedim ve sonunda ba\u015fard\u0131m, O yay\u0131n odalar\u0131nda o koltuklarda o kulakl\u0131klar kula\u011f\u0131mda, Ruh\u2019um mikrofondayd\u0131 her yay\u0131n\u0131mda.. Zaman\u0131 payla\u015ft\u0131m onlar la, \u00c7o\u011fu zaman kahkahalar havaday d\u0131, Daha \u00e7ok tekli yay\u0131nlar\u0131mda duyguyu yans\u0131tmaya \u00e7al\u0131\u015ft\u0131m, beni kalbiyle duyanlara, \u015eark\u0131lar\u0131n b\u00fcy\u00fcs\u00fcn de, \u015eiirlerin gizemin de,, \u00d6yk\u00fclerin ya\u015fanm\u0131\u015fl\u0131\u011f\u0131nda, gecelere gizlenmi\u015ftim. Her ne kadar evde yaln\u0131z kalsan da, Yaln\u0131z de\u011filsiniz dedim t\u00fcm ayr\u0131 kalanlara. Ben burada seninleyim, Sen uykuya dalana dek.. G\u00fczel bir sabaha uyan\u0131ncaya dek, Hep kal dedim sevdan da, Tutkun la, O kocaman y\u00fcre\u011fin le: Sen hep sevdan da sakl\u0131 kal.            \u0130.G\u00f6khan DURMAZ  (Karanl\u0131k)  &#8211; Aral\u0131k \u2013 2024 <\/p>\n","protected":false},"excerpt":{"rendered":"<p>Radyo st\u00fcdyolar\u0131n\u0131n b\u00fcy\u00fcs\u00fc.. Ve bir DJ\u2019in yay\u0131nlardan sonra kalan hat\u0131ralar\u0131 bu kitapta gizli ve \u00f6l\u00fcms\u00fcz. St\u00fcdyolarda ya\u015fad\u0131klar\u0131m\u0131n hepsini bu kitapta yazmasam da. Ya\u015famaya de\u011fer di, Ve<span class=\"excerpt-hellip\"> [\u2026]<\/span><\/p>\n","protected":false},"featured_media":0,"template":"","meta":{"_monsterinsights_skip_tracking":false,"_monsterinsights_sitenote_active":false,"_monsterinsights_sitenote_note":"","_monsterinsights_sitenote_category":0},"product_brand":[],"product_cat":[12777,12291],"product_tag":[],"class_list":{"0":"post-768985","1":"product","2":"type-product","3":"status-publish","5":"product_cat-deneme","6":"product_cat-edebiyat","7":"pa_cilt-ciltsiz","8":"pa_tur-kitap","9":"pa_yayinevi-omca-yayinlari","10":"pa_yazar-i-gokhan-durmaz","12":"first","13":"instock","14":"sale","15":"shipping-taxable","16":"purchasable","17":"product-type-simple"},"_links":{"self":[{"href":"https:\/\/roveyayinevi.com.tr\/index.php\/wp-json\/wp\/v2\/product\/768985","targetHints":{"allow":["GET"]}}],"collection":[{"href":"https:\/\/roveyayinevi.com.tr\/index.php\/wp-json\/wp\/v2\/product"}],"about":[{"href":"https:\/\/roveyayinevi.com.tr\/index.php\/wp-json\/wp\/v2\/types\/product"}],"wp:attachment":[{"href":"https:\/\/roveyayinevi.com.tr\/index.php\/wp-json\/wp\/v2\/media?parent=768985"}],"wp:term":[{"taxonomy":"product_brand","embeddable":true,"href":"https:\/\/roveyayinevi.com.tr\/index.php\/wp-json\/wp\/v2\/product_brand?post=768985"},{"taxonomy":"product_cat","embeddable":true,"href":"https:\/\/roveyayinevi.com.tr\/index.php\/wp-json\/wp\/v2\/product_cat?post=768985"},{"taxonomy":"product_tag","embeddable":true,"href":"https:\/\/roveyayinevi.com.tr\/index.php\/wp-json\/wp\/v2\/product_tag?post=768985"}],"curies":[{"name":"wp","href":"https:\/\/api.w.org\/{rel}","templated":true}]}}