{"id":768982,"date":"2025-08-28T13:38:16","date_gmt":"2025-08-28T10:38:16","guid":{"rendered":"https:\/\/roveyayinevi.com.tr\/index.php\/urun\/romanda-anlam-arkeolojisi\/"},"modified":"2026-04-15T03:34:56","modified_gmt":"2026-04-15T00:34:56","slug":"romanda-anlam-arkeolojisi","status":"publish","type":"product","link":"https:\/\/roveyayinevi.com.tr\/index.php\/urun\/romanda-anlam-arkeolojisi\/","title":{"rendered":"Romanda Anlam Arkeolojisi"},"content":{"rendered":"<p>Edebiyat\u0131n en kitleselle\u015fmi\u015f t\u00fcr\u00fc olan roman, derinliklerinde insan zihninin \u00fcretti\u011fi fikirlerin k\u0131r\u0131k d\u00f6k\u00fck kal\u0131nt\u0131lar\u0131n\u0131 ta\u015f\u0131r. Y\u00fczeyde, \u00f6yk\u00fcye dayal\u0131 dilsel-duygusal e\u011flencenin alt\u0131nda, y\u00fczy\u0131llarca geriye giden bir tarih vard\u0131r. Bu kitap roman t\u00fcr\u00fcn\u00fc \u00f6rneklendirebilecek kimi klasik yap\u0131tlarla daha yak\u0131n tarihli kurgulardaki bu tarihsel devaml\u0131l\u0131\u011f\u0131 vurgulamay\u0131 ama\u00e7l\u0131yor. Bir kurgusal yap\u0131 bir arada sunulan mekanik par\u00e7alar y\u0131\u011f\u0131n\u0131 de\u011fil, okuma edimiyle ya\u015famaya ba\u015flayan bir d\u00fcnya, bir kozmos olarak kar\u015f\u0131m\u0131za \u00e7\u0131kar. Ger\u00e7eklikle s\u0131k\u0131 ba\u011flar\u0131 olan bu d\u00fcnyan\u0131n bi\u00e7imi ne olursa olsun ruhunu yaratan \u015fey anlamlard\u0131r. Bu kitapta ba\u015flang\u0131c\u0131ndan g\u00fcn\u00fcm\u00fcze farkl\u0131 d\u00f6nemleri temsil eden romanlardaki bu g\u00f6m\u00fclm\u00fc\u015f anlamlar\u0131n nas\u0131l belirlenebilece\u011fine ili\u015fkin bir y\u00f6ntem \u00f6neriliyor. Bir yandan Rabelais, Voltaire, Rousseau, Hugo, Balzac, Sartre ve Echenoz \u00e7izgisinde bir roman tarihi tasla\u011f\u0131 \u00e7izilirken, di\u011fer yandan bu yazarlar\u0131n romanlar\u0131ndaki derinliklerde ne gibi kal\u0131nt\u0131lar\u0131n bulunup \u00e7\u0131kar\u0131labilece\u011fi sorgulan\u0131yor. Her roman kendi evrenini yarat\u0131yor, ama sanki kal\u0131c\u0131 olmas\u0131 buna ba\u011fl\u0131ym\u0131\u015f gibi, b\u00fct\u00fcn anlamlar\u0131n\u0131 farkl\u0131 derinliklere g\u00f6m\u00fcyor. S\u0131rf okur u\u011fra\u015fs\u0131n, u\u011fra\u015f\u0131rken de biraz olsun hayat\u0131n bulan\u0131k ve s\u0131k\u0131c\u0131 ger\u00e7ekli\u011finden uzakla\u015fs\u0131n diye\u2026 <\/p>\n","protected":false},"excerpt":{"rendered":"<p>Edebiyat\u0131n en kitleselle\u015fmi\u015f t\u00fcr\u00fc olan roman, derinliklerinde insan zihninin \u00fcretti\u011fi fikirlerin k\u0131r\u0131k d\u00f6k\u00fck kal\u0131nt\u0131lar\u0131n\u0131 ta\u015f\u0131r. Y\u00fczeyde, \u00f6yk\u00fcye dayal\u0131 dilsel-duygusal e\u011flencenin alt\u0131nda, y\u00fczy\u0131llarca geriye giden bir tarih<span class=\"excerpt-hellip\"> [\u2026]<\/span><\/p>\n","protected":false},"featured_media":0,"template":"","meta":{"_monsterinsights_skip_tracking":false,"_monsterinsights_sitenote_active":false,"_monsterinsights_sitenote_note":"","_monsterinsights_sitenote_category":0},"product_brand":[],"product_cat":[13072,12291],"product_tag":[],"class_list":{"0":"post-768982","1":"product","2":"type-product","3":"status-publish","5":"product_cat-arastirma-inceleme-referans","6":"product_cat-edebiyat","7":"pa_cilt-ciltsiz","8":"pa_tur-kitap","9":"pa_yayinevi-dogu-bati-yayinlari","10":"pa_yazar-mehmet-emin-ozcan","12":"first","13":"instock","14":"sale","15":"shipping-taxable","16":"purchasable","17":"product-type-simple"},"_links":{"self":[{"href":"https:\/\/roveyayinevi.com.tr\/index.php\/wp-json\/wp\/v2\/product\/768982","targetHints":{"allow":["GET"]}}],"collection":[{"href":"https:\/\/roveyayinevi.com.tr\/index.php\/wp-json\/wp\/v2\/product"}],"about":[{"href":"https:\/\/roveyayinevi.com.tr\/index.php\/wp-json\/wp\/v2\/types\/product"}],"wp:attachment":[{"href":"https:\/\/roveyayinevi.com.tr\/index.php\/wp-json\/wp\/v2\/media?parent=768982"}],"wp:term":[{"taxonomy":"product_brand","embeddable":true,"href":"https:\/\/roveyayinevi.com.tr\/index.php\/wp-json\/wp\/v2\/product_brand?post=768982"},{"taxonomy":"product_cat","embeddable":true,"href":"https:\/\/roveyayinevi.com.tr\/index.php\/wp-json\/wp\/v2\/product_cat?post=768982"},{"taxonomy":"product_tag","embeddable":true,"href":"https:\/\/roveyayinevi.com.tr\/index.php\/wp-json\/wp\/v2\/product_tag?post=768982"}],"curies":[{"name":"wp","href":"https:\/\/api.w.org\/{rel}","templated":true}]}}