{"id":768977,"date":"2025-08-28T13:38:07","date_gmt":"2025-08-28T10:38:07","guid":{"rendered":"https:\/\/roveyayinevi.com.tr\/index.php\/urun\/kaos-teorisi\/"},"modified":"2026-04-15T03:34:56","modified_gmt":"2026-04-15T00:34:56","slug":"kaos-teorisi","status":"publish","type":"product","link":"https:\/\/roveyayinevi.com.tr\/index.php\/urun\/kaos-teorisi\/","title":{"rendered":"Kaos Teorisi"},"content":{"rendered":"<p>\u00c9tienne Ghys (29 Aral\u0131k 1954) CNRS\u2019in teorik ve uygulamal\u0131 matematik b\u00f6l\u00fcm\u00fc ara\u015ft\u0131rma merkezi direkt\u00f6r\u00fc ve 2019\u2019dan beri Fransa Bilimler Akademisi\u2019nin daimi sekreteri Frans\u0131z matematik\u00e7i. Ara\u015ft\u0131rmalar\u0131n\u0131 \u201cdinamik sistemler\u201d \u00fczerine yo\u011funla\u015ft\u0131rm\u0131\u015f ve matemati\u011fin Fransa\u2019da halk nezdinde yay\u0131lmas\u0131na \u00f6nemli katk\u0131larda bulunmu\u015ftur. Ba\u015fl\u0131ca yap\u0131tlar\u0131: La Petite Histoire des Flocons de neige (Odile Jacob, 2021), La Petite Histoire du ballon de foot (Odile Jacob, 2023).   \u201c\u00d6nemli bir matematiksel kavram ya da d\u00fc\u015f\u00fcncenin kamuoyuna mal olmas\u0131 pek nadirdir. Bununla beraber, Ren\u00e9 Thom taraf\u0131ndan 1970\u2019li y\u0131llarda pop\u00fclerle\u015ftirilen felaketler (afet) teorisi ya da Beno\u00eet Mandelbrot\u2019un tasarlad\u0131\u011f\u0131, 1980-90 y\u0131llar\u0131nda ortaya \u00e7\u0131kan harika fraktal desenler gibi kamuoyuna ula\u015fm\u0131\u015f baz\u0131 \u00f6rnekler de vard\u0131r. Geni\u015f kesimlerce bilinen ama b\u00fcy\u00fck \u00f6l\u00e7\u00fcde \u00e7ok da yanl\u0131\u015f anla\u015f\u0131lan bir ba\u015fka kavram da \u2018kaos teorisi\u2019nin simgesi haline gelen \u00fcnl\u00fc \u2018kelebek etkisi\u2019dir. Genel olarak \u015f\u00f6yle ifade edilir: \u2018K\u00fc\u00e7\u00fck bir etki b\u00fcy\u00fck sonu\u00e7lar do\u011furabilir\u2019 ya da \u2018gelece\u011fi \u00f6ng\u00f6remeyiz\u2019, hatta \u2018gelece\u011fimiz ba\u015flang\u0131\u00e7 \u015fartlar\u0131na ba\u011fl\u0131d\u0131r\u2019 vb.\u201d   Frans\u0131z matematik\u00e7i \u00c9tienne Ghys, hava durumu tahminlerinden borsa \u00f6ng\u00f6r\u00fclerine kadar hayat\u0131n pek \u00e7ok alan\u0131nda kar\u015f\u0131m\u0131za \u00e7\u0131kan \u201ckaos\u201d olgusunu anlamland\u0131rma \u00e7abas\u0131n\u0131n matematiksel tarihini anlat\u0131yor: Az, \u00f6z ve rastlant\u0131sal. <\/p>\n","protected":false},"excerpt":{"rendered":"<p>\u00c9tienne Ghys (29 Aral\u0131k 1954) CNRS\u2019in teorik ve uygulamal\u0131 matematik b\u00f6l\u00fcm\u00fc ara\u015ft\u0131rma merkezi direkt\u00f6r\u00fc ve 2019\u2019dan beri Fransa Bilimler Akademisi\u2019nin daimi sekreteri Frans\u0131z matematik\u00e7i. Ara\u015ft\u0131rmalar\u0131n\u0131 \u201cdinamik<span class=\"excerpt-hellip\"> [\u2026]<\/span><\/p>\n","protected":false},"featured_media":0,"template":"","meta":{"_monsterinsights_skip_tracking":false,"_monsterinsights_sitenote_active":false,"_monsterinsights_sitenote_note":"","_monsterinsights_sitenote_category":0},"product_brand":[],"product_cat":[13005,13006],"product_tag":[],"class_list":{"0":"post-768977","1":"product","2":"type-product","3":"status-publish","5":"product_cat-bilim-muhendislik","6":"product_cat-populer-bilim","7":"pa_cilt-ciltsiz","8":"pa_tur-kitap","9":"pa_yayinevi-yapi-kredi-yayinlari","10":"pa_yazar-etienne-ghys","12":"first","13":"instock","14":"sale","15":"shipping-taxable","16":"purchasable","17":"product-type-simple"},"_links":{"self":[{"href":"https:\/\/roveyayinevi.com.tr\/index.php\/wp-json\/wp\/v2\/product\/768977","targetHints":{"allow":["GET"]}}],"collection":[{"href":"https:\/\/roveyayinevi.com.tr\/index.php\/wp-json\/wp\/v2\/product"}],"about":[{"href":"https:\/\/roveyayinevi.com.tr\/index.php\/wp-json\/wp\/v2\/types\/product"}],"wp:attachment":[{"href":"https:\/\/roveyayinevi.com.tr\/index.php\/wp-json\/wp\/v2\/media?parent=768977"}],"wp:term":[{"taxonomy":"product_brand","embeddable":true,"href":"https:\/\/roveyayinevi.com.tr\/index.php\/wp-json\/wp\/v2\/product_brand?post=768977"},{"taxonomy":"product_cat","embeddable":true,"href":"https:\/\/roveyayinevi.com.tr\/index.php\/wp-json\/wp\/v2\/product_cat?post=768977"},{"taxonomy":"product_tag","embeddable":true,"href":"https:\/\/roveyayinevi.com.tr\/index.php\/wp-json\/wp\/v2\/product_tag?post=768977"}],"curies":[{"name":"wp","href":"https:\/\/api.w.org\/{rel}","templated":true}]}}