{"id":768976,"date":"2025-08-28T13:38:05","date_gmt":"2025-08-28T10:38:05","guid":{"rendered":"https:\/\/roveyayinevi.com.tr\/index.php\/urun\/bir-arthur-andersen-vardi\/"},"modified":"2026-04-15T03:34:56","modified_gmt":"2026-04-15T00:34:56","slug":"bir-arthur-andersen-vardi","status":"publish","type":"product","link":"https:\/\/roveyayinevi.com.tr\/index.php\/urun\/bir-arthur-andersen-vardi\/","title":{"rendered":"Bir Arthur Andersen Var(d\u0131)"},"content":{"rendered":"<p>\u201c&#8230;Bo\u011fazi\u00e7i \u00dcniversitesi\u2019nin ilk mezunlar\u0131 olarak 1972 y\u0131l\u0131 Haziran ay\u0131nda yeni bir hayata ad\u0131m atma haz\u0131rl\u0131klar\u0131 i\u00e7indeyiz. Hen\u00fcz mezuniyet t\u00f6renimiz yap\u0131lmam\u0131\u015f, bir daha ya\u015fama f\u0131rsat\u0131 bulamayaca\u011f\u0131m\u0131z okuldaki son g\u00fcnlerimizin tad\u0131n\u0131 \u00e7\u0131karmaya \u00e7al\u0131\u015f\u0131yoruz. Bir g\u00fcn, de\u011ferli hocam Prof. \u00d6zer Ertuna beni ofisine davet etti. Kendisinden, Arthur Andersen &amp; Co. ad\u0131nda bir uluslararas\u0131 mali dan\u0131\u015fmanl\u0131k \u015firketinin, Londra ofislerinde Auditor  (ba\u011f\u0131ms\u0131z denet\u00e7i) olarak yeti\u015ftirilmek \u00fczere eleman se\u00e7meye \u0130stanbul\u2019a geleceklerini \u00f6\u011frendim. \u2018Audit\u2019 kelimesini ilk defa duyuyor ve ne anlama geldi\u011fini de bilmiyorum. \u00d6zer Hocam bu mesle\u011fi biraz tan\u0131tt\u0131ktan sonra T\u00fcrkiye\u2019de yak\u0131n bir gelecekte kurulaca\u011f\u0131n\u0131 belirterek, \u2018Gidin, \u00f6\u011frenin ve gelin; \u00fclkemizdeki kurulu\u015funa \u00f6nc\u00fcl\u00fck edin\u2019 diyerek cesaretlendirdi. Bizler de nereye, ne i\u00e7in gitti\u011fimizi tam anlam\u0131yla bilmeden bir heyecanla yola \u00e7\u0131kt\u0131k&#8230; Bug\u00fcn, binlerce y\u00fcksekokul mezunu gencimiz bu mesle\u011fi yap\u0131yor. Bir b\u00f6l\u00fcm\u00fc, bir s\u00fcre sonra ayr\u0131l\u0131p i\u015f d\u00fcnyas\u0131n\u0131n farkl\u0131 alanlar\u0131nda katk\u0131da bulunurken bir di\u011fer b\u00f6l\u00fcm\u00fc sermaye piyasalar\u0131nda ba\u011f\u0131ms\u0131z denetim, vergi uzmanl\u0131\u011f\u0131 ve y\u00f6netim dan\u0131\u015fmanl\u0131\u011f\u0131 hizmetlerini s\u00fcrd\u00fcr\u00fcyor. Bir Arthur Andersen Var(d\u0131) \u2013T\u00fcrkiye\u2019de Ba\u011f\u0131ms\u0131z Denetimin Do\u011fu\u015fu ve Y\u00fckseli\u015fi\u2013 ba\u015fl\u0131kl\u0131 bu kitapta, T\u00fcrkiye\u2019de elli y\u0131l \u00f6nce Arthur Andersen Muhasebe ve M\u00fc\u015favirlik Limited \u015eirketi ad\u0131yla faaliyete ge\u00e7en firman\u0131n kurulu\u015f, b\u00fcy\u00fcme ve birle\u015fme s\u00fcrecini anlat\u0131rken, \u00fclkede ba\u011f\u0131ms\u0131z denetim mesle\u011finin ge\u00e7irdi\u011fi a\u015famalar\u0131 da yans\u0131tt\u0131\u011f\u0131m\u0131za inan\u0131yoruz&#8230;\u201d <\/p>\n","protected":false},"excerpt":{"rendered":"<p>\u201c&#8230;Bo\u011fazi\u00e7i \u00dcniversitesi\u2019nin ilk mezunlar\u0131 olarak 1972 y\u0131l\u0131 Haziran ay\u0131nda yeni bir hayata ad\u0131m atma haz\u0131rl\u0131klar\u0131 i\u00e7indeyiz. Hen\u00fcz mezuniyet t\u00f6renimiz yap\u0131lmam\u0131\u015f, bir daha ya\u015fama f\u0131rsat\u0131 bulamayaca\u011f\u0131m\u0131z okuldaki<span class=\"excerpt-hellip\"> [\u2026]<\/span><\/p>\n","protected":false},"featured_media":0,"template":"","meta":{"_monsterinsights_skip_tracking":false,"_monsterinsights_sitenote_active":false,"_monsterinsights_sitenote_note":"","_monsterinsights_sitenote_category":0},"product_brand":[],"product_cat":[13701,12291],"product_tag":[],"class_list":{"0":"post-768976","1":"product","2":"type-product","3":"status-publish","5":"product_cat-ani-mektup-gunluk","6":"product_cat-edebiyat","7":"pa_cilt-ciltsiz","8":"pa_tur-kitap","9":"pa_yayinevi-kirmizi-kedi-yayinevi","10":"pa_yazar-burhan-karacam-saban-erdikler-selcuk-altun","12":"first","13":"instock","14":"sale","15":"shipping-taxable","16":"purchasable","17":"product-type-simple"},"_links":{"self":[{"href":"https:\/\/roveyayinevi.com.tr\/index.php\/wp-json\/wp\/v2\/product\/768976","targetHints":{"allow":["GET"]}}],"collection":[{"href":"https:\/\/roveyayinevi.com.tr\/index.php\/wp-json\/wp\/v2\/product"}],"about":[{"href":"https:\/\/roveyayinevi.com.tr\/index.php\/wp-json\/wp\/v2\/types\/product"}],"wp:attachment":[{"href":"https:\/\/roveyayinevi.com.tr\/index.php\/wp-json\/wp\/v2\/media?parent=768976"}],"wp:term":[{"taxonomy":"product_brand","embeddable":true,"href":"https:\/\/roveyayinevi.com.tr\/index.php\/wp-json\/wp\/v2\/product_brand?post=768976"},{"taxonomy":"product_cat","embeddable":true,"href":"https:\/\/roveyayinevi.com.tr\/index.php\/wp-json\/wp\/v2\/product_cat?post=768976"},{"taxonomy":"product_tag","embeddable":true,"href":"https:\/\/roveyayinevi.com.tr\/index.php\/wp-json\/wp\/v2\/product_tag?post=768976"}],"curies":[{"name":"wp","href":"https:\/\/api.w.org\/{rel}","templated":true}]}}