{"id":768973,"date":"2025-08-28T13:37:58","date_gmt":"2025-08-28T10:37:58","guid":{"rendered":"https:\/\/roveyayinevi.com.tr\/index.php\/urun\/yasattigini-yasa\/"},"modified":"2026-04-15T03:34:55","modified_gmt":"2026-04-15T00:34:55","slug":"yasattigini-yasa","status":"publish","type":"product","link":"https:\/\/roveyayinevi.com.tr\/index.php\/urun\/yasattigini-yasa\/","title":{"rendered":"Ya\u015fatt\u0131\u011f\u0131n\u0131 Ya\u015fa"},"content":{"rendered":"<p>Bu kitap senin i\u00e7in. Yazd\u0131\u011f\u0131m her bir c\u00fcmlede, her sat\u0131rda kalbinin derinliklerine dokunmak istedim. \u0130stedim ki yaln\u0131z olmad\u0131\u011f\u0131n\u0131 bil; ac\u0131n\u0131 hafifletecek bir teselli olabilirim sana\u2026 Ya\u015fad\u0131klar\u0131n\u0131, hissettiklerini ve belki de en \u00e7ok ihtiya\u00e7 duydu\u011fun \u015fey olan anlay\u0131\u015f\u0131, t\u00fcm kalbimle, senin i\u00e7in yazd\u0131m. Kalbindeki yaralar\u0131n\u0131n, sende b\u0131rakt\u0131\u011f\u0131 derin izlerin ve her bir g\u00f6zya\u015f\u0131n\u0131n ard\u0131ndaki hik\u00e2yeleri biliyorum. Nereden mi? Kendimden\u2026 Ben \u00e7ok zaman kendimi \u00fczd\u00fcm. Bu y\u00fczden; ba\u015f\u0131na ne geldiyse geldi, ge\u00e7ti. Olanlar oldu. Haks\u0131zl\u0131klar\u0131n ve kalp k\u0131r\u0131kl\u0131klar\u0131n\u0131n seni durdurmas\u0131na izin verme diye yazd\u0131m. Senin yan\u0131nday\u0131m, demek i\u00e7in\u2026 Belki de bu kitab\u0131n sayfalar\u0131nda gezinirken kendinle y\u00fczle\u015fecek ve hi\u00e7 de\u011fmeyecek insanlar i\u00e7in art\u0131k kendine haks\u0131zl\u0131k etmeyeceksin. Hak edene, \u201cYa\u015fatt\u0131\u011f\u0131n\u0131 Ya\u015fa!\u201d demeyi bileceksin. Unutma, senin hik\u00e2yen hen\u00fcz bitmedi.<\/p>\n","protected":false},"excerpt":{"rendered":"<p>Bu kitap senin i\u00e7in. Yazd\u0131\u011f\u0131m her bir c\u00fcmlede, her sat\u0131rda kalbinin derinliklerine dokunmak istedim. \u0130stedim ki yaln\u0131z olmad\u0131\u011f\u0131n\u0131 bil; ac\u0131n\u0131 hafifletecek bir teselli olabilirim sana\u2026 Ya\u015fad\u0131klar\u0131n\u0131,<span class=\"excerpt-hellip\"> [\u2026]<\/span><\/p>\n","protected":false},"featured_media":0,"template":"","meta":{"_monsterinsights_skip_tracking":false,"_monsterinsights_sitenote_active":false,"_monsterinsights_sitenote_note":"","_monsterinsights_sitenote_category":0},"product_brand":[],"product_cat":[12777,12291],"product_tag":[],"class_list":{"0":"post-768973","1":"product","2":"type-product","3":"status-publish","5":"product_cat-deneme","6":"product_cat-edebiyat","7":"pa_cilt-ciltsiz","8":"pa_tur-kitap","9":"pa_yayinevi-hayykitap","10":"pa_yazar-zeus-kabadayi","12":"first","13":"instock","14":"sale","15":"shipping-taxable","16":"purchasable","17":"product-type-simple"},"_links":{"self":[{"href":"https:\/\/roveyayinevi.com.tr\/index.php\/wp-json\/wp\/v2\/product\/768973","targetHints":{"allow":["GET"]}}],"collection":[{"href":"https:\/\/roveyayinevi.com.tr\/index.php\/wp-json\/wp\/v2\/product"}],"about":[{"href":"https:\/\/roveyayinevi.com.tr\/index.php\/wp-json\/wp\/v2\/types\/product"}],"wp:attachment":[{"href":"https:\/\/roveyayinevi.com.tr\/index.php\/wp-json\/wp\/v2\/media?parent=768973"}],"wp:term":[{"taxonomy":"product_brand","embeddable":true,"href":"https:\/\/roveyayinevi.com.tr\/index.php\/wp-json\/wp\/v2\/product_brand?post=768973"},{"taxonomy":"product_cat","embeddable":true,"href":"https:\/\/roveyayinevi.com.tr\/index.php\/wp-json\/wp\/v2\/product_cat?post=768973"},{"taxonomy":"product_tag","embeddable":true,"href":"https:\/\/roveyayinevi.com.tr\/index.php\/wp-json\/wp\/v2\/product_tag?post=768973"}],"curies":[{"name":"wp","href":"https:\/\/api.w.org\/{rel}","templated":true}]}}