{"id":768971,"date":"2025-08-28T13:37:54","date_gmt":"2025-08-28T10:37:54","guid":{"rendered":"https:\/\/roveyayinevi.com.tr\/index.php\/urun\/milliyetci-ataturk\/"},"modified":"2026-04-15T03:34:55","modified_gmt":"2026-04-15T00:34:55","slug":"milliyetci-ataturk","status":"publish","type":"product","link":"https:\/\/roveyayinevi.com.tr\/index.php\/urun\/milliyetci-ataturk\/","title":{"rendered":"Milliyet\u00e7i Atat\u00fcrk"},"content":{"rendered":"<p>Ba\u015fbu\u011f Mustafa Kemal Atat\u00fcrk, her \u015feyden \u00f6nce bir T\u00fcrk milliyet\u00e7isi idi. O, sadece fikirleriyle ve s\u00f6ylemleriyle de\u011fil; ayn\u0131 zamanda eserleriyle ve eylemleriyle de T\u00fcrk milliyet\u00e7isi oldu\u011funu fiilen g\u00f6sterdi. Onun en b\u00fcy\u00fck eseri, T\u00fcrkiye Cumhuriyeti Devleti\u2019dir. Bu devlet, tamamen T\u00fcrk milliyet\u00e7ili\u011fi fikri \u00fczerine kurulmu\u015ftur. Bu kutlu devletimizin devam ve bekas\u0131 da Atat\u00fcrk\u2019\u00fcn T\u00fcrk milliyet\u00e7ili\u011fi fikrini, felsefesini, ruhunu iyice \u00f6z\u00fcmsememize, i\u00e7selle\u015ftirmemize ve milli T\u00fcrk devletini koruyup geli\u015ftirmemize ba\u011fl\u0131d\u0131r. Her T\u00fcrk \u00e7ocu\u011fu, Atat\u00fcrk\u2019\u00fcn T\u00fcrk milliyet\u00e7ili\u011fi fikrini \u00f6\u011frenmesi ve hayat\u0131n her a\u015famas\u0131nda uygulamas\u0131 gerekir. <\/p>\n","protected":false},"excerpt":{"rendered":"<p>Ba\u015fbu\u011f Mustafa Kemal Atat\u00fcrk, her \u015feyden \u00f6nce bir T\u00fcrk milliyet\u00e7isi idi. O, sadece fikirleriyle ve s\u00f6ylemleriyle de\u011fil; ayn\u0131 zamanda eserleriyle ve eylemleriyle de T\u00fcrk milliyet\u00e7isi oldu\u011funu<span class=\"excerpt-hellip\"> [\u2026]<\/span><\/p>\n","protected":false},"featured_media":0,"template":"","meta":{"_monsterinsights_skip_tracking":false,"_monsterinsights_sitenote_active":false,"_monsterinsights_sitenote_note":"","_monsterinsights_sitenote_category":0},"product_brand":[],"product_cat":[12370,12304],"product_tag":[],"class_list":{"0":"post-768971","1":"product","2":"type-product","3":"status-publish","5":"product_cat-arastirma-inceleme","6":"product_cat-tarih","7":"pa_cilt-ciltsiz","8":"pa_tur-kitap","9":"pa_yayinevi-bilge-budun-yayinlari","10":"pa_yazar-nurullah-cetin","12":"first","13":"instock","14":"sale","15":"shipping-taxable","16":"purchasable","17":"product-type-simple"},"_links":{"self":[{"href":"https:\/\/roveyayinevi.com.tr\/index.php\/wp-json\/wp\/v2\/product\/768971","targetHints":{"allow":["GET"]}}],"collection":[{"href":"https:\/\/roveyayinevi.com.tr\/index.php\/wp-json\/wp\/v2\/product"}],"about":[{"href":"https:\/\/roveyayinevi.com.tr\/index.php\/wp-json\/wp\/v2\/types\/product"}],"wp:attachment":[{"href":"https:\/\/roveyayinevi.com.tr\/index.php\/wp-json\/wp\/v2\/media?parent=768971"}],"wp:term":[{"taxonomy":"product_brand","embeddable":true,"href":"https:\/\/roveyayinevi.com.tr\/index.php\/wp-json\/wp\/v2\/product_brand?post=768971"},{"taxonomy":"product_cat","embeddable":true,"href":"https:\/\/roveyayinevi.com.tr\/index.php\/wp-json\/wp\/v2\/product_cat?post=768971"},{"taxonomy":"product_tag","embeddable":true,"href":"https:\/\/roveyayinevi.com.tr\/index.php\/wp-json\/wp\/v2\/product_tag?post=768971"}],"curies":[{"name":"wp","href":"https:\/\/api.w.org\/{rel}","templated":true}]}}