{"id":768960,"date":"2025-08-28T13:37:31","date_gmt":"2025-08-28T10:37:31","guid":{"rendered":"https:\/\/roveyayinevi.com.tr\/index.php\/urun\/spor-bilimlerinde-psikososyal-arastirmalar-ii\/"},"modified":"2026-04-15T03:34:55","modified_gmt":"2026-04-15T00:34:55","slug":"spor-bilimlerinde-psikososyal-arastirmalar-ii","status":"publish","type":"product","link":"https:\/\/roveyayinevi.com.tr\/index.php\/urun\/spor-bilimlerinde-psikososyal-arastirmalar-ii\/","title":{"rendered":"Spor Bilimlerinde Psikososyal Ara\u015ft\u0131rmalar- II"},"content":{"rendered":"<p>\u0130\u00e7indekiler :   \u00b7         BASKETBOLDA Z\u0130H\u0130NSEL DAYANIKLILIK: Z\u0130RVE PERFORMANSIN G\u00d6R\u00dcNMEYEN Y\u00dcZ\u00dc   \u00b7         SPOR VE MAKYAVEL\u0130ZM: REKABET\u0130N STRATEJ\u0130K OYUNU   \u00b7         PS\u0130KOLOJ\u0130K \u015e\u0130DDET VE SPOR ARASINDAK\u0130 \u0130L\u0130\u015eK\u0130N\u0130N \u0130NCELENMES\u0130   \u00b7         CURL\u0130NG SPOR BRAN\u015eINDA YARI\u015eAN SPORCULARIN \u00c7OK Y\u00d6NL\u00dc L\u0130DERL\u0130K Y\u00d6NEL\u0130MLER\u0130 D\u00dcZEYLER\u0130N\u0130N FARKLI DE\u011e\u0130\u015eKENLER A\u00c7ISINDAN \u0130NCELENMES\u0130   \u00b7         SHORT TRACK SPORCULARININ ATILGANLIK VE SAHTE BENL\u0130K D\u00dcZEYLER\u0130 ARASINDAK\u0130 \u0130L\u0130\u015eK\u0130N\u0130N FARKLI DE\u011e\u0130\u015eKENLER A\u00c7ISINDAN \u0130NCELENMES\u0130   \u00b7         SPOR KUL\u00dcPLER\u0130 B\u00dcNYES\u0130NDEK\u0130 OKULLARDA TAKIM SPORU VE B\u0130REYSEL SPOR YAPAN \u00d6\u011eRENC\u0130LER\u0130N ETK\u0130L\u0130 \u0130LET\u0130\u015e\u0130M BECER\u0130LER\u0130 \u0130LE YETERL\u0130L\u0130K ALGISININ \u0130NCELENMES\u0130   \u00b7         BEDEN E\u011e\u0130T\u0130M\u0130 DERS\u0130NDE SINIFTA K\u0130\u015e\u0130L\u0130\u011e\u0130N KARANLIK Y\u00dcZ\u00dc: \u0130STENMEYEN ERGEN \u00d6\u011eRENC\u0130 DAVRANI\u015eLARI \u00dcZER\u0130NDE K\u0130\u015e\u0130L\u0130\u011e\u0130N VE DAVRANI\u015eSAL BA\u011eIMLILI\u011eIN YANSIMASI   \u00b7         SPORDA SEND\u0130KALA\u015eMA <\/p>\n","protected":false},"excerpt":{"rendered":"<p>\u0130\u00e7indekiler : \u00b7 BASKETBOLDA Z\u0130H\u0130NSEL DAYANIKLILIK: Z\u0130RVE PERFORMANSIN G\u00d6R\u00dcNMEYEN Y\u00dcZ\u00dc \u00b7 SPOR VE MAKYAVEL\u0130ZM: REKABET\u0130N STRATEJ\u0130K OYUNU \u00b7 PS\u0130KOLOJ\u0130K \u015e\u0130DDET VE SPOR ARASINDAK\u0130 \u0130L\u0130\u015eK\u0130N\u0130N \u0130NCELENMES\u0130 \u00b7<span class=\"excerpt-hellip\"> [\u2026]<\/span><\/p>\n","protected":false},"featured_media":0,"template":"","meta":{"_monsterinsights_skip_tracking":false,"_monsterinsights_sitenote_active":false,"_monsterinsights_sitenote_note":"","_monsterinsights_sitenote_category":0},"product_brand":[],"product_cat":[15563,15564],"product_tag":[],"class_list":{"0":"post-768960","1":"product","2":"type-product","3":"status-publish","5":"product_cat-hobi","6":"product_cat-spor","7":"pa_cilt-ciltsiz","8":"pa_tur-kitap","9":"pa_yayinevi-gazi-kitabevi","10":"pa_yazar-kolektif","12":"first","13":"instock","14":"sale","15":"shipping-taxable","16":"purchasable","17":"product-type-simple"},"_links":{"self":[{"href":"https:\/\/roveyayinevi.com.tr\/index.php\/wp-json\/wp\/v2\/product\/768960","targetHints":{"allow":["GET"]}}],"collection":[{"href":"https:\/\/roveyayinevi.com.tr\/index.php\/wp-json\/wp\/v2\/product"}],"about":[{"href":"https:\/\/roveyayinevi.com.tr\/index.php\/wp-json\/wp\/v2\/types\/product"}],"wp:attachment":[{"href":"https:\/\/roveyayinevi.com.tr\/index.php\/wp-json\/wp\/v2\/media?parent=768960"}],"wp:term":[{"taxonomy":"product_brand","embeddable":true,"href":"https:\/\/roveyayinevi.com.tr\/index.php\/wp-json\/wp\/v2\/product_brand?post=768960"},{"taxonomy":"product_cat","embeddable":true,"href":"https:\/\/roveyayinevi.com.tr\/index.php\/wp-json\/wp\/v2\/product_cat?post=768960"},{"taxonomy":"product_tag","embeddable":true,"href":"https:\/\/roveyayinevi.com.tr\/index.php\/wp-json\/wp\/v2\/product_tag?post=768960"}],"curies":[{"name":"wp","href":"https:\/\/api.w.org\/{rel}","templated":true}]}}