{"id":768959,"date":"2025-08-28T13:37:30","date_gmt":"2025-08-28T10:37:30","guid":{"rendered":"https:\/\/roveyayinevi.com.tr\/index.php\/urun\/spor-bilimlerinde-psikososyal-arastirmalar-i\/"},"modified":"2026-04-15T03:34:55","modified_gmt":"2026-04-15T00:34:55","slug":"spor-bilimlerinde-psikososyal-arastirmalar-i","status":"publish","type":"product","link":"https:\/\/roveyayinevi.com.tr\/index.php\/urun\/spor-bilimlerinde-psikososyal-arastirmalar-i\/","title":{"rendered":"Spor Bilimlerinde Psikososyal Ara\u015ft\u0131rmalar- I"},"content":{"rendered":"<p>\u0130\u00e7indekiler :   \u00b7         ORTAOKUL \u00d6\u011eRENC\u0130LER\u0130N\u0130N SPORTMENL\u0130K DAVRANI\u015eLARININ \u00c7E\u015e\u0130TL\u0130 DE\u011e\u0130\u015eKENLER A\u00c7ISINDAN \u0130NCELENMES\u0130: ERZURUM \u0130L\u0130 \u00d6RNE\u011e\u0130   \u00b7         \u00d6\u011eRETMENLER\u0130N ALGILADIKLARI \u00d6RG\u00dcTSEL DESTEK D\u00dcZEY\u0130 \u0130LE AKADEM\u0130K \u0130Y\u0130MSERL\u0130K ARASINDAK\u0130 \u0130L\u0130\u015eK\u0130N\u0130N \u0130NCELENMES\u0130   \u00b7         SPOR B\u0130L\u0130MLER\u0130 FAK\u00dcLTES\u0130 \u00d6\u011eRENC\u0130LER\u0130N\u0130N EMPAT\u0130 D\u00dcZEYLER\u0130 \u0130LE SPORTMENL\u0130K BECER\u0130LER\u0130 ARASINDAK\u0130 \u0130L\u0130\u015eK\u0130N\u0130N FARKLI DE\u011e\u0130\u015eKENLER A\u00c7ISINDAN \u0130NCELENMES\u0130   \u00b7         SPOR UZMANLARININ SA\u011eLIKLI YA\u015eAM B\u0130\u00c7\u0130M\u0130 DAVRANI\u015eLARI \u0130LE YA\u015eAM KAL\u0130TES\u0130 D\u00dcZEYLER\u0130 ARASINDAK\u0130 \u0130L\u0130\u015eK\u0130N\u0130N \u0130NCELENMES\u0130   \u00b7         \u00c7OCUK PS\u0130KOLOJ\u0130S\u0130 VE SPOR ALANINDA YAPILAN B\u0130L\u0130MSEL ARA\u015eTIRMALARIN HAR\u0130TASI   \u00b7         PROFESYONEL BASKETBOLDA TAKIM RUHUNU \u0130N\u015eA ETMEK     \u00b7         SPORDA PS\u0130KOLOJ\u0130K \u0130HT\u0130YA\u00c7LARIN KAR\u015eILANMASI \u0130LE PS\u0130KOLOJ\u0130K \u0130Y\u0130 OLU\u015e ARASINDAK\u0130 \u0130L\u0130\u015eK\u0130N\u0130N \u0130NCELENMES\u0130   \u00b7         ORTAOKUL \u00d6\u011eRENC\u0130LER\u0130N\u0130N, SOSYAL BECER\u0130LERLE \u0130LET\u0130\u015e\u0130M BECER\u0130LER\u0130 D\u00dcZEYLER\u0130N\u0130N BAZI DE\u011e\u0130\u015eKENLER A\u00c7ISINDAN \u0130NCELENMES\u0130   \u00b7         BEDEN E\u011e\u0130T\u0130M\u0130 VE SPOR \u00d6\u011eRETMENLER\u0130N\u0130N DUYGUSAL ZEK\u00c2 D\u00dcZEYLER\u0130 \u0130LE L\u0130DERL\u0130K \u00d6ZELL\u0130KLER\u0130 ARASINDAK\u0130 \u0130L\u0130\u015eK\u0130N\u0130N \u0130NCELENMES\u0130 (ERZURUM \u0130L\u0130 \u00d6RNE\u011e\u0130)   \u00b7         PS\u0130KOLOJ\u0130K SA\u011eLAMLIK VE SPOR ARASINDAK\u0130 \u0130L\u0130\u015eK\u0130N\u0130N \u0130NCELENMES\u0130 <\/p>\n","protected":false},"excerpt":{"rendered":"<p>\u0130\u00e7indekiler : \u00b7 ORTAOKUL \u00d6\u011eRENC\u0130LER\u0130N\u0130N SPORTMENL\u0130K DAVRANI\u015eLARININ \u00c7E\u015e\u0130TL\u0130 DE\u011e\u0130\u015eKENLER A\u00c7ISINDAN \u0130NCELENMES\u0130: ERZURUM \u0130L\u0130 \u00d6RNE\u011e\u0130 \u00b7 \u00d6\u011eRETMENLER\u0130N ALGILADIKLARI \u00d6RG\u00dcTSEL DESTEK D\u00dcZEY\u0130 \u0130LE AKADEM\u0130K \u0130Y\u0130MSERL\u0130K ARASINDAK\u0130 \u0130L\u0130\u015eK\u0130N\u0130N \u0130NCELENMES\u0130<span class=\"excerpt-hellip\"> [\u2026]<\/span><\/p>\n","protected":false},"featured_media":0,"template":"","meta":{"_monsterinsights_skip_tracking":false,"_monsterinsights_sitenote_active":false,"_monsterinsights_sitenote_note":"","_monsterinsights_sitenote_category":0},"product_brand":[],"product_cat":[15563,15564],"product_tag":[],"class_list":{"0":"post-768959","1":"product","2":"type-product","3":"status-publish","5":"product_cat-hobi","6":"product_cat-spor","7":"pa_cilt-ciltsiz","8":"pa_tur-kitap","9":"pa_yayinevi-gazi-kitabevi","10":"pa_yazar-kolektif","12":"first","13":"instock","14":"sale","15":"shipping-taxable","16":"purchasable","17":"product-type-simple"},"_links":{"self":[{"href":"https:\/\/roveyayinevi.com.tr\/index.php\/wp-json\/wp\/v2\/product\/768959","targetHints":{"allow":["GET"]}}],"collection":[{"href":"https:\/\/roveyayinevi.com.tr\/index.php\/wp-json\/wp\/v2\/product"}],"about":[{"href":"https:\/\/roveyayinevi.com.tr\/index.php\/wp-json\/wp\/v2\/types\/product"}],"wp:attachment":[{"href":"https:\/\/roveyayinevi.com.tr\/index.php\/wp-json\/wp\/v2\/media?parent=768959"}],"wp:term":[{"taxonomy":"product_brand","embeddable":true,"href":"https:\/\/roveyayinevi.com.tr\/index.php\/wp-json\/wp\/v2\/product_brand?post=768959"},{"taxonomy":"product_cat","embeddable":true,"href":"https:\/\/roveyayinevi.com.tr\/index.php\/wp-json\/wp\/v2\/product_cat?post=768959"},{"taxonomy":"product_tag","embeddable":true,"href":"https:\/\/roveyayinevi.com.tr\/index.php\/wp-json\/wp\/v2\/product_tag?post=768959"}],"curies":[{"name":"wp","href":"https:\/\/api.w.org\/{rel}","templated":true}]}}