{"id":768958,"date":"2025-08-28T13:37:28","date_gmt":"2025-08-28T10:37:28","guid":{"rendered":"https:\/\/roveyayinevi.com.tr\/index.php\/urun\/birbirinin-iyiligini-istemek-ve-birbirine-kotuluk-etmek\/"},"modified":"2026-04-15T03:34:55","modified_gmt":"2026-04-15T00:34:55","slug":"birbirinin-iyiligini-istemek-ve-birbirine-kotuluk-etmek","status":"publish","type":"product","link":"https:\/\/roveyayinevi.com.tr\/index.php\/urun\/birbirinin-iyiligini-istemek-ve-birbirine-kotuluk-etmek\/","title":{"rendered":"Birbirinin \u0130yili\u011fini \u0130stemek ve Birbirine K\u00f6t\u00fcl\u00fck Etmek"},"content":{"rendered":"<p>\u201cNe kadar \u00e7ok seversek, o kadar \u00e7ok incitiriz.\u201dMaxime Rovere Birbirinin \u0130yili\u011fini \u0130stemek ve Birbirine K\u00f6t\u00fcl\u00fck Etmek: Tart\u0131\u015fman\u0131n Felsefesi\u2019nde insan ili\u015fkilerini sarsan \u00e7at\u0131\u015fmalar\u0131n do\u011fas\u0131n\u0131 didik didik ediyor; tart\u0131\u015fman\u0131n tuzaklar\u0131n\u0131 bertaraf ederken bir yandan da kar\u015f\u0131 koyulmaz \u00e7ekicili\u011fine kucak a\u00e7\u0131yor. \u0130li\u015fkilerin sahnesine felsefeyi yerle\u015ftiren bu kitap, keskin bir fark\u0131ndal\u0131k sunuyor: \u201cHi\u00e7bir ac\u0131 ka\u00e7\u0131n\u0131lmaz de\u011fildir, hi\u00e7bir ac\u0131 bo\u015fa \u00e7ekilmez.\u201d Belki de bizi inciten bizzat s\u00f6zler de\u011fil, a\u00e7t\u0131klar\u0131 gedikler, bizi en yak\u0131n\u0131m\u0131zdakileri ve kendi i\u00e7 d\u00fcnyam\u0131z\u0131 ke\u015ffetmeye zorlayan derin yar\u0131klard\u0131r. Ama as\u0131l mesele, bu bo\u015fluklar\u0131 nas\u0131l dolduraca\u011f\u0131m\u0131z\u0131 \u00f6\u011frenmekte yat\u0131yor. Rovere\u2019in bu eseri tutkular\u0131m\u0131z, hatalar\u0131m\u0131z ve ideallerimiz \u00fczerine sars\u0131c\u0131 bir de\u011ferlendirme. <\/p>\n","protected":false},"excerpt":{"rendered":"<p>\u201cNe kadar \u00e7ok seversek, o kadar \u00e7ok incitiriz.\u201dMaxime Rovere Birbirinin \u0130yili\u011fini \u0130stemek ve Birbirine K\u00f6t\u00fcl\u00fck Etmek: Tart\u0131\u015fman\u0131n Felsefesi\u2019nde insan ili\u015fkilerini sarsan \u00e7at\u0131\u015fmalar\u0131n do\u011fas\u0131n\u0131 didik didik ediyor;<span class=\"excerpt-hellip\"> [\u2026]<\/span><\/p>\n","protected":false},"featured_media":0,"template":"","meta":{"_monsterinsights_skip_tracking":false,"_monsterinsights_sitenote_active":false,"_monsterinsights_sitenote_note":"","_monsterinsights_sitenote_category":0},"product_brand":[],"product_cat":[16038,12388],"product_tag":[],"class_list":{"0":"post-768958","1":"product","2":"type-product","3":"status-publish","5":"product_cat-arastirma-inceleme-referans-felsefe","6":"product_cat-felsefe","7":"pa_cilt-ciltsiz","8":"pa_tur-kitap","9":"pa_yayinevi-kolektif-kitap","10":"pa_yazar-maxime-rovere","12":"first","13":"instock","14":"sale","15":"shipping-taxable","16":"purchasable","17":"product-type-simple"},"_links":{"self":[{"href":"https:\/\/roveyayinevi.com.tr\/index.php\/wp-json\/wp\/v2\/product\/768958","targetHints":{"allow":["GET"]}}],"collection":[{"href":"https:\/\/roveyayinevi.com.tr\/index.php\/wp-json\/wp\/v2\/product"}],"about":[{"href":"https:\/\/roveyayinevi.com.tr\/index.php\/wp-json\/wp\/v2\/types\/product"}],"wp:attachment":[{"href":"https:\/\/roveyayinevi.com.tr\/index.php\/wp-json\/wp\/v2\/media?parent=768958"}],"wp:term":[{"taxonomy":"product_brand","embeddable":true,"href":"https:\/\/roveyayinevi.com.tr\/index.php\/wp-json\/wp\/v2\/product_brand?post=768958"},{"taxonomy":"product_cat","embeddable":true,"href":"https:\/\/roveyayinevi.com.tr\/index.php\/wp-json\/wp\/v2\/product_cat?post=768958"},{"taxonomy":"product_tag","embeddable":true,"href":"https:\/\/roveyayinevi.com.tr\/index.php\/wp-json\/wp\/v2\/product_tag?post=768958"}],"curies":[{"name":"wp","href":"https:\/\/api.w.org\/{rel}","templated":true}]}}