{"id":768957,"date":"2025-08-28T13:37:26","date_gmt":"2025-08-28T10:37:26","guid":{"rendered":"https:\/\/roveyayinevi.com.tr\/index.php\/urun\/kopek-adamdan-sevgilerle-boyama-kitabi\/"},"modified":"2026-04-15T03:34:55","modified_gmt":"2026-04-15T00:34:55","slug":"kopek-adamdan-sevgilerle-boyama-kitabi","status":"publish","type":"product","link":"https:\/\/roveyayinevi.com.tr\/index.php\/urun\/kopek-adamdan-sevgilerle-boyama-kitabi\/","title":{"rendered":"K\u00f6pek Adam&#8217;dan Sevgilerle Boyama Kitab\u0131"},"content":{"rendered":"<p>K\u00d6PEK ADAM VE KED\u0130 \u00c7OCUK \u00c7\u0130ZG\u0130 ROMAN KUL\u00dcB\u00dc SER\u0130S\u0130N\u0130N YAZARINDANDav Pilkey\u2019in K\u00f6pek Adam\u2019dan Sevgilerle Boyama Kitab\u0131\u2019nda en sevdi\u011finiz karakterleri boyayarak e\u011flenceli saatler ge\u00e7irebilirsiniz!\u201cUmar\u0131m bu kitab\u0131 boyamaktan keyif al\u0131rs\u0131n\u0131z. Haydi e\u011flence ba\u015flas\u0131n!\u201d<\/p>\n","protected":false},"excerpt":{"rendered":"<p>K\u00d6PEK ADAM VE KED\u0130 \u00c7OCUK \u00c7\u0130ZG\u0130 ROMAN KUL\u00dcB\u00dc SER\u0130S\u0130N\u0130N YAZARINDANDav Pilkey\u2019in K\u00f6pek Adam\u2019dan Sevgilerle Boyama Kitab\u0131\u2019nda en sevdi\u011finiz karakterleri boyayarak e\u011flenceli saatler ge\u00e7irebilirsiniz!\u201cUmar\u0131m bu kitab\u0131 boyamaktan<span class=\"excerpt-hellip\"> [\u2026]<\/span><\/p>\n","protected":false},"featured_media":0,"template":"","meta":{"_monsterinsights_skip_tracking":false,"_monsterinsights_sitenote_active":false,"_monsterinsights_sitenote_note":"","_monsterinsights_sitenote_category":0},"product_brand":[],"product_cat":[12644,12274],"product_tag":[],"class_list":{"0":"post-768957","1":"product","2":"type-product","3":"status-publish","5":"product_cat-boyama-kitaplari","6":"product_cat-cocuk-ve-genclik-kitaplari","7":"pa_cilt-ciltsiz","8":"pa_tur-kitap","9":"pa_yayinevi-altin-kitaplar-cocuk-kitaplari","10":"pa_yazar-dav-pilkey","12":"first","13":"instock","14":"sale","15":"shipping-taxable","16":"purchasable","17":"product-type-simple"},"_links":{"self":[{"href":"https:\/\/roveyayinevi.com.tr\/index.php\/wp-json\/wp\/v2\/product\/768957","targetHints":{"allow":["GET"]}}],"collection":[{"href":"https:\/\/roveyayinevi.com.tr\/index.php\/wp-json\/wp\/v2\/product"}],"about":[{"href":"https:\/\/roveyayinevi.com.tr\/index.php\/wp-json\/wp\/v2\/types\/product"}],"wp:attachment":[{"href":"https:\/\/roveyayinevi.com.tr\/index.php\/wp-json\/wp\/v2\/media?parent=768957"}],"wp:term":[{"taxonomy":"product_brand","embeddable":true,"href":"https:\/\/roveyayinevi.com.tr\/index.php\/wp-json\/wp\/v2\/product_brand?post=768957"},{"taxonomy":"product_cat","embeddable":true,"href":"https:\/\/roveyayinevi.com.tr\/index.php\/wp-json\/wp\/v2\/product_cat?post=768957"},{"taxonomy":"product_tag","embeddable":true,"href":"https:\/\/roveyayinevi.com.tr\/index.php\/wp-json\/wp\/v2\/product_tag?post=768957"}],"curies":[{"name":"wp","href":"https:\/\/api.w.org\/{rel}","templated":true}]}}