{"id":768955,"date":"2025-08-28T13:37:24","date_gmt":"2025-08-28T10:37:24","guid":{"rendered":"https:\/\/roveyayinevi.com.tr\/index.php\/urun\/sonsuz-bir-iz\/"},"modified":"2026-04-15T03:34:55","modified_gmt":"2026-04-15T00:34:55","slug":"sonsuz-bir-iz","status":"publish","type":"product","link":"https:\/\/roveyayinevi.com.tr\/index.php\/urun\/sonsuz-bir-iz\/","title":{"rendered":"Sonsuz Bir \u0130z"},"content":{"rendered":"<p>Bu kitap, Hazreti Peygamber Efendimiz&#8217;in (sav) hayat\u0131n\u0131n her y\u00f6n\u00fcyle derin bir ke\u015ffini sunuyor. O, sadece bir lider de\u011fil, insanl\u0131\u011f\u0131n en y\u00fcksek ahlak\u0131n\u0131, merhametini ve adaletini t\u00fcm d\u00fcnyaya \u00f6rnek g\u00f6steren bir rehberdir. Hazreti Peygamber\u2019in (sav) g\u00fczel ahlak\u0131, insanl\u0131\u011fa olan sevgisi, \u00f6\u011fretilerindeki derin hikmetler ve hayat\u0131n\u0131 \u015fekillendiren iman g\u00fcc\u00fc, bizlere bug\u00fcn de \u0131\u015f\u0131k tutmaya devam etmektedir. Bu eserde, Efendimizin tebli\u011f etti\u011fi \u00f6\u011fretilerin insanl\u0131\u011fa nas\u0131l yol g\u00f6sterdi\u011fi, onun \u015fem\u00e2li \u015ferifine dair derin izlenimler, ahlaki de\u011ferlerin hayat\u0131m\u0131za nas\u0131l yans\u0131mas\u0131 gerekti\u011fi ve gelece\u011fe dair verdi\u011fi haberlerin bug\u00fcn\u00fcn d\u00fcnyas\u0131nda ne kadar anlam ta\u015f\u0131d\u0131\u011f\u0131 konu ediliyor. Sonsuz Bir \u0130z&#8221;, Hazreti Peygamber\u2019in hayat\u0131n\u0131n ayd\u0131nlat\u0131c\u0131 \u0131\u015f\u0131\u011f\u0131n\u0131 ke\u015ffetmek isteyenler i\u00e7in, sadece ge\u00e7mi\u015fin de\u011fil, bug\u00fcn\u00fcn ve yar\u0131n\u0131n da rehberidir. Kitap, onun hayat\u0131n\u0131n her alan\u0131na dair derinlemesine bir bak\u0131\u015f sunarak, insanl\u0131\u011fa dair evrensel bir mesaj verir. Hazreti Peygamber&#8217;in (sav) hayat\u0131ndan al\u0131nacak dersler, her d\u00f6nemde insanlara ilham vermekle kalmay\u0131p, onlar\u0131 daha g\u00fczel bir d\u00fcnyaya ta\u015f\u0131mak i\u00e7in birer pusula g\u00f6revi g\u00f6rmektedir.<\/p>\n","protected":false},"excerpt":{"rendered":"<p>Bu kitap, Hazreti Peygamber Efendimiz&#8217;in (sav) hayat\u0131n\u0131n her y\u00f6n\u00fcyle derin bir ke\u015ffini sunuyor. O, sadece bir lider de\u011fil, insanl\u0131\u011f\u0131n en y\u00fcksek ahlak\u0131n\u0131, merhametini ve adaletini t\u00fcm<span class=\"excerpt-hellip\"> [\u2026]<\/span><\/p>\n","protected":false},"featured_media":0,"template":"","meta":{"_monsterinsights_skip_tracking":false,"_monsterinsights_sitenote_active":false,"_monsterinsights_sitenote_note":"","_monsterinsights_sitenote_category":0},"product_brand":[],"product_cat":[12718],"product_tag":[],"class_list":{"0":"post-768955","1":"product","2":"type-product","3":"status-publish","5":"product_cat-din","6":"pa_cilt-ciltsiz","7":"pa_tur-kitap","8":"pa_yayinevi-kalem-lugat-yayincilik","9":"pa_yazar-zubeyt-bozkurt","11":"first","12":"instock","13":"sale","14":"shipping-taxable","15":"purchasable","16":"product-type-simple"},"_links":{"self":[{"href":"https:\/\/roveyayinevi.com.tr\/index.php\/wp-json\/wp\/v2\/product\/768955","targetHints":{"allow":["GET"]}}],"collection":[{"href":"https:\/\/roveyayinevi.com.tr\/index.php\/wp-json\/wp\/v2\/product"}],"about":[{"href":"https:\/\/roveyayinevi.com.tr\/index.php\/wp-json\/wp\/v2\/types\/product"}],"wp:attachment":[{"href":"https:\/\/roveyayinevi.com.tr\/index.php\/wp-json\/wp\/v2\/media?parent=768955"}],"wp:term":[{"taxonomy":"product_brand","embeddable":true,"href":"https:\/\/roveyayinevi.com.tr\/index.php\/wp-json\/wp\/v2\/product_brand?post=768955"},{"taxonomy":"product_cat","embeddable":true,"href":"https:\/\/roveyayinevi.com.tr\/index.php\/wp-json\/wp\/v2\/product_cat?post=768955"},{"taxonomy":"product_tag","embeddable":true,"href":"https:\/\/roveyayinevi.com.tr\/index.php\/wp-json\/wp\/v2\/product_tag?post=768955"}],"curies":[{"name":"wp","href":"https:\/\/api.w.org\/{rel}","templated":true}]}}