{"id":768952,"date":"2025-08-28T13:37:18","date_gmt":"2025-08-28T10:37:18","guid":{"rendered":"https:\/\/roveyayinevi.com.tr\/index.php\/urun\/cahiliye-karakterlerinin-anatomisi\/"},"modified":"2026-04-15T03:34:55","modified_gmt":"2026-04-15T00:34:55","slug":"cahiliye-karakterlerinin-anatomisi","status":"publish","type":"product","link":"https:\/\/roveyayinevi.com.tr\/index.php\/urun\/cahiliye-karakterlerinin-anatomisi\/","title":{"rendered":"Cahiliye Karakterlerinin Anatomisi"},"content":{"rendered":"<p>Bu kitap, cahiliye toplumlar\u0131nda var olan ve bireylerin ya\u015fam\u0131n\u0131 derinden etkileyen karakterlerin anatomisini \u00e7izerken, bu karakterlerin sahip oldu\u011fu derin \u201cs\u0131k\u0131nt\u0131\u201d ve \u201ckay\u0131p\u201d duygusunu g\u00f6zler \u00f6n\u00fcne seriyor. Her bir fig\u00fcr, i\u00e7sel huzurdan yoksun, dengeden uzak bir ya\u015fam s\u00fcrerken, bu ya\u015fam\u0131n sonunda ger\u00e7ek anlamda mutlulu\u011fu bulam\u0131yorlar. Bir \u00e7a\u011fr\u0131 niteli\u011fi ta\u015f\u0131r; okuyucuyu, cahiliye karakterlerinin etkisinden s\u0131yr\u0131larak, Allah\u2019\u0131n vaad etti\u011fi ger\u00e7ek huzura ve mutlulu\u011fa y\u00f6nelmek i\u00e7in davet eder. Allah, insan\u0131n kalbindeki niyeti bilendir ve samimi bir d\u00f6n\u00fc\u015fle, ki\u015fiye ger\u00e7ek mutlulu\u011fu sunmak i\u00e7in her zaman haz\u0131rd\u0131r. Bu yolculuk, basit bir niyet de\u011fi\u015fikli\u011fi ile ba\u015flamaktad\u0131r ve Allah\u2019\u0131n rahmetinin kap\u0131lar\u0131n\u0131 ard\u0131na kadar a\u00e7maktad\u0131r. Bu eseri okuyan her bir insan, en k\u0131sa s\u00fcrede, bir niyetle hayat\u0131n\u0131 de\u011fi\u015ftirebilir ve ger\u00e7ek anlamda huzuru bulabilir. Cahiliye sisteminin etkilerinden kurtulmak isteyenler i\u00e7in bu kitap, bir yol g\u00f6sterici, bir davet niteli\u011findedir. Ve unutulmamal\u0131d\u0131r ki, her insan i\u00e7in bu f\u0131rsat sonsuz bir \u015fekilde mevcuttur.<\/p>\n","protected":false},"excerpt":{"rendered":"<p>Bu kitap, cahiliye toplumlar\u0131nda var olan ve bireylerin ya\u015fam\u0131n\u0131 derinden etkileyen karakterlerin anatomisini \u00e7izerken, bu karakterlerin sahip oldu\u011fu derin \u201cs\u0131k\u0131nt\u0131\u201d ve \u201ckay\u0131p\u201d duygusunu g\u00f6zler \u00f6n\u00fcne seriyor.<span class=\"excerpt-hellip\"> [\u2026]<\/span><\/p>\n","protected":false},"featured_media":0,"template":"","meta":{"_monsterinsights_skip_tracking":false,"_monsterinsights_sitenote_active":false,"_monsterinsights_sitenote_note":"","_monsterinsights_sitenote_category":0},"product_brand":[],"product_cat":[12718],"product_tag":[],"class_list":{"0":"post-768952","1":"product","2":"type-product","3":"status-publish","5":"product_cat-din","6":"pa_cilt-ciltsiz","7":"pa_tur-kitap","8":"pa_yayinevi-kalem-lugat-yayincilik","9":"pa_yazar-zubeyt-bozkurt","11":"first","12":"instock","13":"sale","14":"shipping-taxable","15":"purchasable","16":"product-type-simple"},"_links":{"self":[{"href":"https:\/\/roveyayinevi.com.tr\/index.php\/wp-json\/wp\/v2\/product\/768952","targetHints":{"allow":["GET"]}}],"collection":[{"href":"https:\/\/roveyayinevi.com.tr\/index.php\/wp-json\/wp\/v2\/product"}],"about":[{"href":"https:\/\/roveyayinevi.com.tr\/index.php\/wp-json\/wp\/v2\/types\/product"}],"wp:attachment":[{"href":"https:\/\/roveyayinevi.com.tr\/index.php\/wp-json\/wp\/v2\/media?parent=768952"}],"wp:term":[{"taxonomy":"product_brand","embeddable":true,"href":"https:\/\/roveyayinevi.com.tr\/index.php\/wp-json\/wp\/v2\/product_brand?post=768952"},{"taxonomy":"product_cat","embeddable":true,"href":"https:\/\/roveyayinevi.com.tr\/index.php\/wp-json\/wp\/v2\/product_cat?post=768952"},{"taxonomy":"product_tag","embeddable":true,"href":"https:\/\/roveyayinevi.com.tr\/index.php\/wp-json\/wp\/v2\/product_tag?post=768952"}],"curies":[{"name":"wp","href":"https:\/\/api.w.org\/{rel}","templated":true}]}}