{"id":768951,"date":"2025-08-28T13:37:17","date_gmt":"2025-08-28T10:37:17","guid":{"rendered":"https:\/\/roveyayinevi.com.tr\/index.php\/urun\/yusufun-izinde-hikmet-yolculugu\/"},"modified":"2026-04-15T03:34:55","modified_gmt":"2026-04-15T00:34:55","slug":"yusufun-izinde-hikmet-yolculugu","status":"publish","type":"product","link":"https:\/\/roveyayinevi.com.tr\/index.php\/urun\/yusufun-izinde-hikmet-yolculugu\/","title":{"rendered":"Yusuf\u2019un Izinde Hikmet Yolculu\u011fu"},"content":{"rendered":"<p>&#8220;Yusuf\u2019un \u0130zinde: Hikmet Yolculu\u011fu&#8221; kitab\u0131, Hz. Yusuf\u2019un ya\u015fam\u0131ndan ilham alarak, zorluklar kar\u015f\u0131s\u0131nda sab\u0131r, teslimiyet ve hikmetle yol almay\u0131 anlatan bir ba\u015fucu rehberidir. Hz. Yusuf&#8217;un masumiyetine ra\u011fmen ya\u015fad\u0131\u011f\u0131 hapis hayat\u0131, iman\u0131n\u0131 ve tebli\u011f g\u00f6revini asla terk etmeyen g\u00fc\u00e7l\u00fc bir duru\u015f sergileyen \u00f6rnek bir ya\u015fam\u0131 temsil eder. Kitap, sadece bir hik\u00e2ye de\u011fil, i\u00e7indeki derin anlamlarla dolu bir yolculuktur. Tarih boyunca iftiraya u\u011fram\u0131\u015f \u0130slam b\u00fcy\u00fcklerinin de benzer \u015fekilde ya\u015fad\u0131klar\u0131 manevi s\u0131navlar, okura her t\u00fcrl\u00fc zorlukta nas\u0131l hak ve adaletle yol almas\u0131 gerekti\u011fini g\u00f6steriyor. Yusuf\u2019un izinden giderek, her t\u00fcrl\u00fc s\u0131k\u0131nt\u0131y\u0131 bir nimete d\u00f6n\u00fc\u015ft\u00fcrmenin ve hikmetle ya\u015famay\u0131 \u00f6\u011frenmenin yollar\u0131 bu eserde ke\u015ffediliyor.<\/p>\n","protected":false},"excerpt":{"rendered":"<p>&#8220;Yusuf\u2019un \u0130zinde: Hikmet Yolculu\u011fu&#8221; kitab\u0131, Hz. Yusuf\u2019un ya\u015fam\u0131ndan ilham alarak, zorluklar kar\u015f\u0131s\u0131nda sab\u0131r, teslimiyet ve hikmetle yol almay\u0131 anlatan bir ba\u015fucu rehberidir. Hz. Yusuf&#8217;un masumiyetine ra\u011fmen<span class=\"excerpt-hellip\"> [\u2026]<\/span><\/p>\n","protected":false},"featured_media":0,"template":"","meta":{"_monsterinsights_skip_tracking":false,"_monsterinsights_sitenote_active":false,"_monsterinsights_sitenote_note":"","_monsterinsights_sitenote_category":0},"product_brand":[],"product_cat":[12718,12719],"product_tag":[],"class_list":{"0":"post-768951","1":"product","2":"type-product","3":"status-publish","5":"product_cat-din","6":"product_cat-islam","7":"pa_cilt-ciltsiz","8":"pa_tur-kitap","9":"pa_yayinevi-kalem-lugat-yayincilik","10":"pa_yazar-zubeyt-bozkurt","12":"first","13":"instock","14":"sale","15":"shipping-taxable","16":"purchasable","17":"product-type-simple"},"_links":{"self":[{"href":"https:\/\/roveyayinevi.com.tr\/index.php\/wp-json\/wp\/v2\/product\/768951","targetHints":{"allow":["GET"]}}],"collection":[{"href":"https:\/\/roveyayinevi.com.tr\/index.php\/wp-json\/wp\/v2\/product"}],"about":[{"href":"https:\/\/roveyayinevi.com.tr\/index.php\/wp-json\/wp\/v2\/types\/product"}],"wp:attachment":[{"href":"https:\/\/roveyayinevi.com.tr\/index.php\/wp-json\/wp\/v2\/media?parent=768951"}],"wp:term":[{"taxonomy":"product_brand","embeddable":true,"href":"https:\/\/roveyayinevi.com.tr\/index.php\/wp-json\/wp\/v2\/product_brand?post=768951"},{"taxonomy":"product_cat","embeddable":true,"href":"https:\/\/roveyayinevi.com.tr\/index.php\/wp-json\/wp\/v2\/product_cat?post=768951"},{"taxonomy":"product_tag","embeddable":true,"href":"https:\/\/roveyayinevi.com.tr\/index.php\/wp-json\/wp\/v2\/product_tag?post=768951"}],"curies":[{"name":"wp","href":"https:\/\/api.w.org\/{rel}","templated":true}]}}