{"id":768950,"date":"2025-08-28T13:37:16","date_gmt":"2025-08-28T10:37:16","guid":{"rendered":"https:\/\/roveyayinevi.com.tr\/index.php\/urun\/guncel-spor-arastirmalari\/"},"modified":"2026-04-15T03:34:55","modified_gmt":"2026-04-15T00:34:55","slug":"guncel-spor-arastirmalari","status":"publish","type":"product","link":"https:\/\/roveyayinevi.com.tr\/index.php\/urun\/guncel-spor-arastirmalari\/","title":{"rendered":"G\u00fcncel Spor Ara\u015ft\u0131rmalar\u0131"},"content":{"rendered":"<p>\u0130\u00e7indekiler :   \u00b7         Giri\u015fimcilik ve Rekreasyon   \u00b7         Rekreasyonda Liderlik ve Yeni Yakla\u015f\u0131mlar   \u00b7         Sporda Alg\u0131lanan G\u00fcd\u00fcsel \u0130klim: Futbolda Bir \u0130nceleme   \u00b7         Performans\u0131n \u0130hmal Edilen Yan\u0131: Zihinsel Antrenman   \u00b7         Egzersiz Performas\u0131n\u0131n Art\u0131r\u0131lmas\u0131nda Geli\u015fmekte Olan Supplementler: Mevcut Literat\u00fcr\u00fcn G\u00fcncellenmesi   \u00b7         12-14 Ya\u015f Spor Yapan \u00c7ocuklar\u0131n Performans Parametreleri Aras\u0131ndaki \u0130li\u015fkinin \u0130ncelenmesi   \u00b7         Fonksiyonel Antrenmanlar\u0131n Core B\u00f6lge Aktivasyonuna Etkisi: Deneysel \u00c7al\u0131\u015fmalar\u0131n Derlemesi   \u00b7         Kronobiyoloji ve Atletik Performans <\/p>\n","protected":false},"excerpt":{"rendered":"<p>\u0130\u00e7indekiler : \u00b7 Giri\u015fimcilik ve Rekreasyon \u00b7 Rekreasyonda Liderlik ve Yeni Yakla\u015f\u0131mlar \u00b7 Sporda Alg\u0131lanan G\u00fcd\u00fcsel \u0130klim: Futbolda Bir \u0130nceleme \u00b7 Performans\u0131n \u0130hmal Edilen Yan\u0131: Zihinsel<span class=\"excerpt-hellip\"> [\u2026]<\/span><\/p>\n","protected":false},"featured_media":0,"template":"","meta":{"_monsterinsights_skip_tracking":false,"_monsterinsights_sitenote_active":false,"_monsterinsights_sitenote_note":"","_monsterinsights_sitenote_category":0},"product_brand":[],"product_cat":[15563,15564],"product_tag":[],"class_list":{"0":"post-768950","1":"product","2":"type-product","3":"status-publish","5":"product_cat-hobi","6":"product_cat-spor","7":"pa_cilt-ciltsiz","8":"pa_tur-kitap","9":"pa_yayinevi-gazi-kitabevi","10":"pa_yazar-kolektif","12":"first","13":"instock","14":"sale","15":"shipping-taxable","16":"purchasable","17":"product-type-simple"},"_links":{"self":[{"href":"https:\/\/roveyayinevi.com.tr\/index.php\/wp-json\/wp\/v2\/product\/768950","targetHints":{"allow":["GET"]}}],"collection":[{"href":"https:\/\/roveyayinevi.com.tr\/index.php\/wp-json\/wp\/v2\/product"}],"about":[{"href":"https:\/\/roveyayinevi.com.tr\/index.php\/wp-json\/wp\/v2\/types\/product"}],"wp:attachment":[{"href":"https:\/\/roveyayinevi.com.tr\/index.php\/wp-json\/wp\/v2\/media?parent=768950"}],"wp:term":[{"taxonomy":"product_brand","embeddable":true,"href":"https:\/\/roveyayinevi.com.tr\/index.php\/wp-json\/wp\/v2\/product_brand?post=768950"},{"taxonomy":"product_cat","embeddable":true,"href":"https:\/\/roveyayinevi.com.tr\/index.php\/wp-json\/wp\/v2\/product_cat?post=768950"},{"taxonomy":"product_tag","embeddable":true,"href":"https:\/\/roveyayinevi.com.tr\/index.php\/wp-json\/wp\/v2\/product_tag?post=768950"}],"curies":[{"name":"wp","href":"https:\/\/api.w.org\/{rel}","templated":true}]}}