{"id":768949,"date":"2025-08-28T13:37:14","date_gmt":"2025-08-28T10:37:14","guid":{"rendered":"https:\/\/roveyayinevi.com.tr\/index.php\/urun\/rembrandt-sanat-felsefesi-uzerine-bir-deneme\/"},"modified":"2026-04-15T03:34:55","modified_gmt":"2026-04-15T00:34:55","slug":"rembrandt-sanat-felsefesi-uzerine-bir-deneme","status":"publish","type":"product","link":"https:\/\/roveyayinevi.com.tr\/index.php\/urun\/rembrandt-sanat-felsefesi-uzerine-bir-deneme\/","title":{"rendered":"Rembrandt &#8211; Sanat Felsefesi \u00dczerine Bir Deneme"},"content":{"rendered":"<p>Rembrandt\u2019\u0131n sanat\u0131n\u0131n tarihsel geli\u015fimiyle ilgilenmemizin nedeni, herhangi bir rateninkinden ziyade, [tarihsel] geli\u015fimin kendisinden \u00e7\u0131kar\u0131lamaz; daha ziyade, ortaya \u00e7\u0131k\u0131\u015f ko\u015fullar\u0131ndan tamamen ba\u011f\u0131ms\u0131z olarak, onun sanat\u0131na atfetti\u011fimiz de\u011fer alg\u0131lar\u0131na dayan\u0131r. Ancak s\u00f6z\u00fcn\u00fc etti\u011fim estetik analiz, sanat eserine var oldu\u011fu ya da ortaya \u00e7\u0131kt\u0131\u011f\u0131 h\u00e2liyle odaklan\u0131r. Estetik analiz bir tablonun her bir bile\u015fenini derinlemesine incelemi\u015f olsayd\u0131 bile, bu ne sanat eserinin yarat\u0131l\u0131\u015f\u0131n\u0131 ne de yaratt\u0131\u011f\u0131 izlenimi tam olarak yakalayabilirdi. Elbette, tamamlanm\u0131\u015f sanat olgusu \u00e7e\u015fitli bi\u00e7imsel ve \u00f6zsel bak\u0131\u015f a\u00e7\u0131lar\u0131na g\u00f6re kategorize edilebilir ve b\u00f6ylece bir dizi ayr\u0131 izlenim fakt\u00f6r\u00fcne ayr\u0131labilir Ancak canl\u0131 bir bedenin te\u015frih tezg\u00e2h\u0131nda par\u00e7alara ayr\u0131lm\u0131\u015f uzuvlar\u0131ndan ya\u015fayan bir varl\u0131k canland\u0131r\u0131lamayaca\u011f\u0131 gibi, bu unsurlar\u0131n bir araya getirilmesiyle bir sanat eseri de yeniden yarat\u0131lamaz ve b\u00f6ylece anla\u015f\u0131l\u0131r h\u00e2le getirilemez. Sanat eseri ne estetik unsurlar\u0131n yan yana geli\u015fine ne de i\u00e7inden \u00e7\u0131kt\u0131\u011f\u0131 tarihsel s\u0131ralamaya tekab\u00fcl eder, \u00e7\u00fcnk\u00fc belirleyici olan bamba\u015fka bir \u015feydir, yani belki de bu unsurlar\u0131 bir ara\u00e7 olarak kullanan ya da belki de onlar arac\u0131l\u0131\u011f\u0131yla somut, analitik olarak tan\u0131mlanabilir d\u00fczeye ula\u015fan yarat\u0131c\u0131 b\u00fct\u00fcnl\u00fckt\u00fcr. Sanat\u0131n \u00f6z\u00fcn\u00fc ve o sanata de\u011fgin eserlerin s\u0131ralamas\u0131n\u0131, bu kategorilerin eklenmesinden ibaret olarak d\u00fc\u015f\u00fcnmek kendini kand\u0131rman\u0131n en b\u00fcy\u00fc\u011f\u00fcd\u00fcr. GEORG SIMMEL <\/p>\n","protected":false},"excerpt":{"rendered":"<p>Rembrandt\u2019\u0131n sanat\u0131n\u0131n tarihsel geli\u015fimiyle ilgilenmemizin nedeni, herhangi bir rateninkinden ziyade, [tarihsel] geli\u015fimin kendisinden \u00e7\u0131kar\u0131lamaz; daha ziyade, ortaya \u00e7\u0131k\u0131\u015f ko\u015fullar\u0131ndan tamamen ba\u011f\u0131ms\u0131z olarak, onun sanat\u0131na atfetti\u011fimiz de\u011fer<span class=\"excerpt-hellip\"> [\u2026]<\/span><\/p>\n","protected":false},"featured_media":0,"template":"","meta":{"_monsterinsights_skip_tracking":false,"_monsterinsights_sitenote_active":false,"_monsterinsights_sitenote_note":"","_monsterinsights_sitenote_category":0},"product_brand":[],"product_cat":[15733,12408],"product_tag":[],"class_list":{"0":"post-768949","1":"product","2":"type-product","3":"status-publish","5":"product_cat-resim","6":"product_cat-sanat","7":"pa_cilt-ciltsiz","8":"pa_tur-kitap","9":"pa_yayinevi-medakitap-yayinlari","10":"pa_yazar-georg-simmel","12":"first","13":"instock","14":"sale","15":"shipping-taxable","16":"purchasable","17":"product-type-simple"},"_links":{"self":[{"href":"https:\/\/roveyayinevi.com.tr\/index.php\/wp-json\/wp\/v2\/product\/768949","targetHints":{"allow":["GET"]}}],"collection":[{"href":"https:\/\/roveyayinevi.com.tr\/index.php\/wp-json\/wp\/v2\/product"}],"about":[{"href":"https:\/\/roveyayinevi.com.tr\/index.php\/wp-json\/wp\/v2\/types\/product"}],"wp:attachment":[{"href":"https:\/\/roveyayinevi.com.tr\/index.php\/wp-json\/wp\/v2\/media?parent=768949"}],"wp:term":[{"taxonomy":"product_brand","embeddable":true,"href":"https:\/\/roveyayinevi.com.tr\/index.php\/wp-json\/wp\/v2\/product_brand?post=768949"},{"taxonomy":"product_cat","embeddable":true,"href":"https:\/\/roveyayinevi.com.tr\/index.php\/wp-json\/wp\/v2\/product_cat?post=768949"},{"taxonomy":"product_tag","embeddable":true,"href":"https:\/\/roveyayinevi.com.tr\/index.php\/wp-json\/wp\/v2\/product_tag?post=768949"}],"curies":[{"name":"wp","href":"https:\/\/api.w.org\/{rel}","templated":true}]}}