{"id":768948,"date":"2025-08-28T13:37:12","date_gmt":"2025-08-28T10:37:12","guid":{"rendered":"https:\/\/roveyayinevi.com.tr\/index.php\/urun\/dil-terzisi\/"},"modified":"2026-04-15T03:34:55","modified_gmt":"2026-04-15T00:34:55","slug":"dil-terzisi","status":"publish","type":"product","link":"https:\/\/roveyayinevi.com.tr\/index.php\/urun\/dil-terzisi\/","title":{"rendered":"Dil Terzisi"},"content":{"rendered":"<p>Ali Hikmet Eren\u2019in \u015fiirlerini uzun s\u00fcre \u201chi\u00e7 sevmedim!..\u201d Hazzetmedi\u011fim bu \u015fiirler \u00fczerine d\u00fc\u015f\u00fcnmeyi, sevmiyor olu\u015fumun neli\u011fini betimlemeyi de hayat me\u015fgalesi i\u00e7erisinde hep erteledim. Ancak bir kez daha kabul ettim ki Tanr\u0131 hakl\u0131yd\u0131, her \u015feyin bir zaman\u0131 vard\u0131 ve bu \u015fiirlerin zaman\u0131 \u201c\u015fimdi\u201d gelmi\u015fti&#8230; Turgut Uyar\u2019\u0131n en etkileyici \u015fiirlerinden birisi \u201cTerziler Geldiler\u201ddir. Bu \u015fiiri ne zaman okusam, \u015fiirin ne oldu\u011funu ve ne olmamas\u0131 gerekti\u011fini duyumsar\u0131m. Ve bir g\u00fcn yine bu \u015fiiri okurken, deyim yerindeyse bir ayd\u0131nlanma ya\u015fad\u0131m ve anlad\u0131m ki Ali Hikmet Eren bir \u2018Dil Terzisi\u2019ydi, dil kuma\u015f\u0131ndan bize yeni kost\u00fcmler sunuyordu ve onun \u015fiirleri \u00fczerine s\u00f6z almam\u0131m zaman\u0131n gelmi\u015fti. Sevmememin ve \u201cart\u0131k\u201d seviyor olmam\u0131n neli\u011fini ifade etmeliydim. Belki de \u015fu, konfor alan\u0131mdan \u00e7\u0131kmamak, sunulan farkl\u0131 ve \u00e7etin \u015fiirlerin bende yaratt\u0131\u011f\u0131 gerilimden uzak durmak i\u00e7in bunca zaman\u0131 pas ge\u00e7mi\u015ftim. Oysa bu \u015fiirleri niye sevmedi\u011fimi ve \u201cart\u0131k\u201d ni\u00e7in sevdi\u011fimi \u00f6ncelikle kendime izah edebilmeliydim. \u0130lk izah\u0131m ve saptamam da kendili\u011finden olu\u015fmu\u015ftu; Ali Hikmet Eren\u2019in \u015fiirleri bu \u015fiirlerle etkile\u015fime giren \u00f6teki ben\u2019in, okurlar\u0131n konfor alan\u0131n\u0131 tahrip eden bir niteli\u011fe sahipti ve bu tahribat\u0131n neli\u011fi, niyesi, ni\u00e7ini \u00e7\u00f6z\u00fcmlenmeliydi. Serdar Ayd\u0131n <\/p>\n","protected":false},"excerpt":{"rendered":"<p>Ali Hikmet Eren\u2019in \u015fiirlerini uzun s\u00fcre \u201chi\u00e7 sevmedim!..\u201d Hazzetmedi\u011fim bu \u015fiirler \u00fczerine d\u00fc\u015f\u00fcnmeyi, sevmiyor olu\u015fumun neli\u011fini betimlemeyi de hayat me\u015fgalesi i\u00e7erisinde hep erteledim. Ancak bir kez<span class=\"excerpt-hellip\"> [\u2026]<\/span><\/p>\n","protected":false},"featured_media":0,"template":"","meta":{"_monsterinsights_skip_tracking":false,"_monsterinsights_sitenote_active":false,"_monsterinsights_sitenote_note":"","_monsterinsights_sitenote_category":0},"product_brand":[],"product_cat":[12291,12509],"product_tag":[],"class_list":{"0":"post-768948","1":"product","2":"type-product","3":"status-publish","5":"product_cat-edebiyat","6":"product_cat-siir","7":"pa_cilt-ciltsiz","8":"pa_tur-kitap","9":"pa_yayinevi-medakitap-yayinlari","10":"pa_yazar-serdar-aydin","12":"first","13":"instock","14":"sale","15":"shipping-taxable","16":"purchasable","17":"product-type-simple"},"_links":{"self":[{"href":"https:\/\/roveyayinevi.com.tr\/index.php\/wp-json\/wp\/v2\/product\/768948","targetHints":{"allow":["GET"]}}],"collection":[{"href":"https:\/\/roveyayinevi.com.tr\/index.php\/wp-json\/wp\/v2\/product"}],"about":[{"href":"https:\/\/roveyayinevi.com.tr\/index.php\/wp-json\/wp\/v2\/types\/product"}],"wp:attachment":[{"href":"https:\/\/roveyayinevi.com.tr\/index.php\/wp-json\/wp\/v2\/media?parent=768948"}],"wp:term":[{"taxonomy":"product_brand","embeddable":true,"href":"https:\/\/roveyayinevi.com.tr\/index.php\/wp-json\/wp\/v2\/product_brand?post=768948"},{"taxonomy":"product_cat","embeddable":true,"href":"https:\/\/roveyayinevi.com.tr\/index.php\/wp-json\/wp\/v2\/product_cat?post=768948"},{"taxonomy":"product_tag","embeddable":true,"href":"https:\/\/roveyayinevi.com.tr\/index.php\/wp-json\/wp\/v2\/product_tag?post=768948"}],"curies":[{"name":"wp","href":"https:\/\/api.w.org\/{rel}","templated":true}]}}