{"id":768947,"date":"2025-08-28T13:37:11","date_gmt":"2025-08-28T10:37:11","guid":{"rendered":"https:\/\/roveyayinevi.com.tr\/index.php\/urun\/kant-calismalari-dergisi-sayi-3\/"},"modified":"2026-04-15T03:34:55","modified_gmt":"2026-04-15T00:34:55","slug":"kant-calismalari-dergisi-sayi-3","status":"publish","type":"product","link":"https:\/\/roveyayinevi.com.tr\/index.php\/urun\/kant-calismalari-dergisi-sayi-3\/","title":{"rendered":"Kant \u00c7al\u0131\u015fmalar\u0131 Dergisi Say\u0131 3"},"content":{"rendered":"<p>Kant ve \u00d6zbilin\u00e7 Hasan B\u00fclent G\u00f6zk\u00e2n   Kant\u2019\u0131n Ele\u015ftirel Felsefesi ve Bili\u015fsel Bilimlerin Olana\u011f\u0131 Kant\u2019s Critical Philosophy and The Possibility Of Cognitive Science Kenneth R. Westphal   Reichenbach\u2019\u0131n Kurucu ve Ampirik Aksiyomlar Ayr\u0131m\u0131 ve A Priori Kavram\u0131 Korcan Evgin   Davos Tart\u0131\u015fmas\u0131 Ba\u011flam\u0131nda Kant Felsefesinin Neli\u011fi \u00dczerine Bir Soru\u015fturma Ozan \u00c7\u0131lg\u0131n <\/p>\n","protected":false},"excerpt":{"rendered":"<p>Kant ve \u00d6zbilin\u00e7 Hasan B\u00fclent G\u00f6zk\u00e2n Kant\u2019\u0131n Ele\u015ftirel Felsefesi ve Bili\u015fsel Bilimlerin Olana\u011f\u0131 Kant\u2019s Critical Philosophy and The Possibility Of Cognitive Science Kenneth R. Westphal Reichenbach\u2019\u0131n<span class=\"excerpt-hellip\"> [\u2026]<\/span><\/p>\n","protected":false},"featured_media":0,"template":"","meta":{"_monsterinsights_skip_tracking":false,"_monsterinsights_sitenote_active":false,"_monsterinsights_sitenote_note":"","_monsterinsights_sitenote_category":0},"product_brand":[],"product_cat":[13527],"product_tag":[],"class_list":{"0":"post-768947","1":"product","2":"type-product","3":"status-publish","5":"product_cat-sureli-yayinlar","6":"pa_cilt-ciltsiz","7":"pa_tur-dergi","8":"pa_yayinevi-vakifbank-kultur-yayinlari","9":"pa_yazar-kolektif","11":"first","12":"instock","13":"sale","14":"shipping-taxable","15":"purchasable","16":"product-type-simple"},"_links":{"self":[{"href":"https:\/\/roveyayinevi.com.tr\/index.php\/wp-json\/wp\/v2\/product\/768947","targetHints":{"allow":["GET"]}}],"collection":[{"href":"https:\/\/roveyayinevi.com.tr\/index.php\/wp-json\/wp\/v2\/product"}],"about":[{"href":"https:\/\/roveyayinevi.com.tr\/index.php\/wp-json\/wp\/v2\/types\/product"}],"wp:attachment":[{"href":"https:\/\/roveyayinevi.com.tr\/index.php\/wp-json\/wp\/v2\/media?parent=768947"}],"wp:term":[{"taxonomy":"product_brand","embeddable":true,"href":"https:\/\/roveyayinevi.com.tr\/index.php\/wp-json\/wp\/v2\/product_brand?post=768947"},{"taxonomy":"product_cat","embeddable":true,"href":"https:\/\/roveyayinevi.com.tr\/index.php\/wp-json\/wp\/v2\/product_cat?post=768947"},{"taxonomy":"product_tag","embeddable":true,"href":"https:\/\/roveyayinevi.com.tr\/index.php\/wp-json\/wp\/v2\/product_tag?post=768947"}],"curies":[{"name":"wp","href":"https:\/\/api.w.org\/{rel}","templated":true}]}}