{"id":768945,"date":"2025-08-28T13:37:08","date_gmt":"2025-08-28T10:37:08","guid":{"rendered":"https:\/\/roveyayinevi.com.tr\/index.php\/urun\/kucuk-atlar-buyuk-kopekler\/"},"modified":"2026-04-15T03:34:55","modified_gmt":"2026-04-15T00:34:55","slug":"kucuk-atlar-buyuk-kopekler","status":"publish","type":"product","link":"https:\/\/roveyayinevi.com.tr\/index.php\/urun\/kucuk-atlar-buyuk-kopekler\/","title":{"rendered":"K\u00fc\u00e7\u00fck Atlar B\u00fcy\u00fck K\u00f6pekler"},"content":{"rendered":"<p>Hadi gelin \u201c\u00f6nceki d\u00fcnyay\u0131 hayal etmek de keyiflidir\u201d deyip, g\u00fczelli\u011fin ve \u00f6l\u00fcm\u00fcn kol kola gezdi\u011fi vadilere gidelim.   Ufuk a\u00e7an, s\u00fcrprizlerle bezenmi\u015f, ba\u015ftan a\u015fa\u011f\u0131 gerilim dolu bir ser\u00fcvene kendimizi kapt\u0131ral\u0131m.   G\u00fcnah nedir bilmeyen bir toplumda, yanl\u0131\u015f yapan\u0131n, yanl\u0131\u015f\u0131n bedelini nas\u0131l \u00f6dedi\u011fini izleyelim.   \u0130nsan\u0131n kontrol\u00fc geleneklerde mi? Sorgulayal\u0131m.   <\/p>\n","protected":false},"excerpt":{"rendered":"<p>Hadi gelin \u201c\u00f6nceki d\u00fcnyay\u0131 hayal etmek de keyiflidir\u201d deyip, g\u00fczelli\u011fin ve \u00f6l\u00fcm\u00fcn kol kola gezdi\u011fi vadilere gidelim. Ufuk a\u00e7an, s\u00fcrprizlerle bezenmi\u015f, ba\u015ftan a\u015fa\u011f\u0131 gerilim dolu bir<span class=\"excerpt-hellip\"> [\u2026]<\/span><\/p>\n","protected":false},"featured_media":0,"template":"","meta":{"_monsterinsights_skip_tracking":false,"_monsterinsights_sitenote_active":false,"_monsterinsights_sitenote_note":"","_monsterinsights_sitenote_category":0},"product_brand":[],"product_cat":[12291,12711],"product_tag":[],"class_list":{"0":"post-768945","1":"product","2":"type-product","3":"status-publish","5":"product_cat-edebiyat","6":"product_cat-roman-oyku","7":"pa_cilt-ciltsiz","8":"pa_tur-kitap","9":"pa_yayinevi-zerre-kitap","10":"pa_yazar-tan-beyhan-kafdagli","12":"first","13":"instock","14":"sale","15":"shipping-taxable","16":"purchasable","17":"product-type-simple"},"_links":{"self":[{"href":"https:\/\/roveyayinevi.com.tr\/index.php\/wp-json\/wp\/v2\/product\/768945","targetHints":{"allow":["GET"]}}],"collection":[{"href":"https:\/\/roveyayinevi.com.tr\/index.php\/wp-json\/wp\/v2\/product"}],"about":[{"href":"https:\/\/roveyayinevi.com.tr\/index.php\/wp-json\/wp\/v2\/types\/product"}],"wp:attachment":[{"href":"https:\/\/roveyayinevi.com.tr\/index.php\/wp-json\/wp\/v2\/media?parent=768945"}],"wp:term":[{"taxonomy":"product_brand","embeddable":true,"href":"https:\/\/roveyayinevi.com.tr\/index.php\/wp-json\/wp\/v2\/product_brand?post=768945"},{"taxonomy":"product_cat","embeddable":true,"href":"https:\/\/roveyayinevi.com.tr\/index.php\/wp-json\/wp\/v2\/product_cat?post=768945"},{"taxonomy":"product_tag","embeddable":true,"href":"https:\/\/roveyayinevi.com.tr\/index.php\/wp-json\/wp\/v2\/product_tag?post=768945"}],"curies":[{"name":"wp","href":"https:\/\/api.w.org\/{rel}","templated":true}]}}