{"id":768944,"date":"2025-08-28T13:37:06","date_gmt":"2025-08-28T10:37:06","guid":{"rendered":"https:\/\/roveyayinevi.com.tr\/index.php\/urun\/padisahlarla-osmanli-tarihi\/"},"modified":"2026-04-15T03:34:55","modified_gmt":"2026-04-15T00:34:55","slug":"padisahlarla-osmanli-tarihi","status":"publish","type":"product","link":"https:\/\/roveyayinevi.com.tr\/index.php\/urun\/padisahlarla-osmanli-tarihi\/","title":{"rendered":"Padi\u015fahlarla Osmanl\u0131 Tarihi"},"content":{"rendered":"<p>Elinizdeki eser; Osmanl\u0131 tarihini, Osmanl\u0131 padi\u015fahlar\u0131 \u00fczerinden g\u00fcncel ve disiplinleraras\u0131 bir bak\u0131\u015f a\u00e7\u0131s\u0131yla anlatmaktad\u0131r.   Kitapta, T\u00fcrk tarihinin en \u00f6nemli devirlerinden biri olan ve 600 y\u0131l\u0131 a\u015fk\u0131n bir s\u00fcreyi kapsayan Osmanl\u0131 tarihine ve padi\u015fahlar\u0131na dair merak edilen b\u00fct\u00fcn \u00f6nemli hadiselere yer verilmi\u015ftir. Ayr\u0131ca olaylar aras\u0131nda neden-sonu\u00e7 ili\u015fkisi kurularak \u00f6n yarg\u0131lardan uzak, objektif bir anlat\u0131m benimsenmi\u015f; b\u00f6ylece okuyucu a\u00e7\u0131s\u0131ndan daha iyi bir analiz imkan\u0131 olu\u015fturulmas\u0131 hedeflenmi\u015ftir.   Sonu\u00e7 olarak bu kitapla, tarihin s\u0131k\u0131c\u0131 olarak varsay\u0131lan halbuki olduk\u00e7a ilgi \u00e7ekici ve faydal\u0131 i\u00e7eri\u011fi, hem anla\u015f\u0131labilir ve ak\u0131c\u0131 bir usl\u00fcpla hem de akademik bir disiplin i\u00e7erisinde okuyucuyla bulu\u015fturulmu\u015ftur. <\/p>\n","protected":false},"excerpt":{"rendered":"<p>Elinizdeki eser; Osmanl\u0131 tarihini, Osmanl\u0131 padi\u015fahlar\u0131 \u00fczerinden g\u00fcncel ve disiplinleraras\u0131 bir bak\u0131\u015f a\u00e7\u0131s\u0131yla anlatmaktad\u0131r. Kitapta, T\u00fcrk tarihinin en \u00f6nemli devirlerinden biri olan ve 600 y\u0131l\u0131 a\u015fk\u0131n<span class=\"excerpt-hellip\"> [\u2026]<\/span><\/p>\n","protected":false},"featured_media":0,"template":"","meta":{"_monsterinsights_skip_tracking":false,"_monsterinsights_sitenote_active":false,"_monsterinsights_sitenote_note":"","_monsterinsights_sitenote_category":0},"product_brand":[],"product_cat":[13517,12304],"product_tag":[],"class_list":{"0":"post-768944","1":"product","2":"type-product","3":"status-publish","5":"product_cat-osmanli-tarihi","6":"product_cat-tarih","7":"pa_cilt-ciltsiz","8":"pa_tur-kitap","9":"pa_yayinevi-zerre-kitap","10":"pa_yazar-dr-enes-mert-demir","12":"first","13":"instock","14":"sale","15":"shipping-taxable","16":"purchasable","17":"product-type-simple"},"_links":{"self":[{"href":"https:\/\/roveyayinevi.com.tr\/index.php\/wp-json\/wp\/v2\/product\/768944","targetHints":{"allow":["GET"]}}],"collection":[{"href":"https:\/\/roveyayinevi.com.tr\/index.php\/wp-json\/wp\/v2\/product"}],"about":[{"href":"https:\/\/roveyayinevi.com.tr\/index.php\/wp-json\/wp\/v2\/types\/product"}],"wp:attachment":[{"href":"https:\/\/roveyayinevi.com.tr\/index.php\/wp-json\/wp\/v2\/media?parent=768944"}],"wp:term":[{"taxonomy":"product_brand","embeddable":true,"href":"https:\/\/roveyayinevi.com.tr\/index.php\/wp-json\/wp\/v2\/product_brand?post=768944"},{"taxonomy":"product_cat","embeddable":true,"href":"https:\/\/roveyayinevi.com.tr\/index.php\/wp-json\/wp\/v2\/product_cat?post=768944"},{"taxonomy":"product_tag","embeddable":true,"href":"https:\/\/roveyayinevi.com.tr\/index.php\/wp-json\/wp\/v2\/product_tag?post=768944"}],"curies":[{"name":"wp","href":"https:\/\/api.w.org\/{rel}","templated":true}]}}