{"id":768941,"date":"2025-08-28T13:37:01","date_gmt":"2025-08-28T10:37:01","guid":{"rendered":"https:\/\/roveyayinevi.com.tr\/index.php\/urun\/futbol-kulupleri-altyapilarinda-kurumsallasma\/"},"modified":"2026-04-15T03:34:55","modified_gmt":"2026-04-15T00:34:55","slug":"futbol-kulupleri-altyapilarinda-kurumsallasma","status":"publish","type":"product","link":"https:\/\/roveyayinevi.com.tr\/index.php\/urun\/futbol-kulupleri-altyapilarinda-kurumsallasma\/","title":{"rendered":"Futbol Kul\u00fcpleri Altyap\u0131lar\u0131nda Kurumsalla\u015fma"},"content":{"rendered":"<p>\u0130\u00e7indekiler :   \u00b7         KURUMSALLIK VE SPOR   \u00b7         KURUMSALLA\u015eMA YAKLA\u015eIMLARI   \u00b7         KURUMSALLA\u015eMANIN UNSURLARI   \u00b7         KURUMSALLA\u015eMA S\u00dcREC\u0130   \u00b7         SPOR KUL\u00dcPLER\u0130N\u0130N Y\u00d6NET\u0130M\u0130 VE KURUMSAL YAPISI   \u00b7         SPORUN Y\u00d6NET\u0130M\u0130   \u00b7         T\u00dcRK\u0130YE\u2019DEK\u0130 VE AVRUPA\u2019DAK\u0130 ALTYAPI KUL\u00dcPLER\u0130N\u0130N KAR\u015eILA\u015eTIRILMASI <\/p>\n","protected":false},"excerpt":{"rendered":"<p>\u0130\u00e7indekiler : \u00b7 KURUMSALLIK VE SPOR \u00b7 KURUMSALLA\u015eMA YAKLA\u015eIMLARI \u00b7 KURUMSALLA\u015eMANIN UNSURLARI \u00b7 KURUMSALLA\u015eMA S\u00dcREC\u0130 \u00b7 SPOR KUL\u00dcPLER\u0130N\u0130N Y\u00d6NET\u0130M\u0130 VE KURUMSAL YAPISI \u00b7 SPORUN Y\u00d6NET\u0130M\u0130 \u00b7<span class=\"excerpt-hellip\"> [\u2026]<\/span><\/p>\n","protected":false},"featured_media":0,"template":"","meta":{"_monsterinsights_skip_tracking":false,"_monsterinsights_sitenote_active":false,"_monsterinsights_sitenote_note":"","_monsterinsights_sitenote_category":0},"product_brand":[],"product_cat":[15563,15564],"product_tag":[],"class_list":{"0":"post-768941","1":"product","2":"type-product","3":"status-publish","5":"product_cat-hobi","6":"product_cat-spor","7":"pa_cilt-ciltsiz","8":"pa_tur-kitap","9":"pa_yayinevi-gazi-kitabevi","10":"pa_yazar-ugur-alemdar","12":"first","13":"instock","14":"sale","15":"shipping-taxable","16":"purchasable","17":"product-type-simple"},"_links":{"self":[{"href":"https:\/\/roveyayinevi.com.tr\/index.php\/wp-json\/wp\/v2\/product\/768941","targetHints":{"allow":["GET"]}}],"collection":[{"href":"https:\/\/roveyayinevi.com.tr\/index.php\/wp-json\/wp\/v2\/product"}],"about":[{"href":"https:\/\/roveyayinevi.com.tr\/index.php\/wp-json\/wp\/v2\/types\/product"}],"wp:attachment":[{"href":"https:\/\/roveyayinevi.com.tr\/index.php\/wp-json\/wp\/v2\/media?parent=768941"}],"wp:term":[{"taxonomy":"product_brand","embeddable":true,"href":"https:\/\/roveyayinevi.com.tr\/index.php\/wp-json\/wp\/v2\/product_brand?post=768941"},{"taxonomy":"product_cat","embeddable":true,"href":"https:\/\/roveyayinevi.com.tr\/index.php\/wp-json\/wp\/v2\/product_cat?post=768941"},{"taxonomy":"product_tag","embeddable":true,"href":"https:\/\/roveyayinevi.com.tr\/index.php\/wp-json\/wp\/v2\/product_tag?post=768941"}],"curies":[{"name":"wp","href":"https:\/\/api.w.org\/{rel}","templated":true}]}}