{"id":768940,"date":"2025-08-28T13:37:00","date_gmt":"2025-08-28T10:37:00","guid":{"rendered":"https:\/\/roveyayinevi.com.tr\/index.php\/urun\/spor-kuluplerinin-marka-kisiligi\/"},"modified":"2026-04-15T03:34:55","modified_gmt":"2026-04-15T00:34:55","slug":"spor-kuluplerinin-marka-kisiligi","status":"publish","type":"product","link":"https:\/\/roveyayinevi.com.tr\/index.php\/urun\/spor-kuluplerinin-marka-kisiligi\/","title":{"rendered":"Spor Kul\u00fcplerinin Marka Ki\u015fili\u011fi"},"content":{"rendered":"<p>\u0130\u00e7indekiler :   \u00b7         B\u0130R\u0130NC\u0130 B\u00d6L\u00dcM: MARKA KAVRAMI VE \u0130L\u0130\u015eK\u0130L\u0130 A\u00c7IKLAMALAR   \u00b7         \u0130K\u0130NC\u0130 B\u00d6L\u00dcM: MARKA K\u0130\u015e\u0130L\u0130\u011e\u0130   \u00b7         \u00dc\u00c7\u00dcNC\u00dc B\u00d6L\u00dcM: SPOR END\u00dcSTR\u0130S\u0130NDE T\u00dcKET\u0130C\u0130 VE TARAFTARLIK KAVRAMI   \u00b7         D\u00d6RD\u00dcNC\u00dc B\u00d6L\u00dcM: Y\u00d6NTEM   \u00b7         BE\u015e\u0130NC\u0130 B\u00d6L\u00dcM: BULGULAR   \u00b7         ALTINCI B\u00d6L\u00dcM: TARTI\u015eMA <\/p>\n","protected":false},"excerpt":{"rendered":"<p>\u0130\u00e7indekiler : \u00b7 B\u0130R\u0130NC\u0130 B\u00d6L\u00dcM: MARKA KAVRAMI VE \u0130L\u0130\u015eK\u0130L\u0130 A\u00c7IKLAMALAR \u00b7 \u0130K\u0130NC\u0130 B\u00d6L\u00dcM: MARKA K\u0130\u015e\u0130L\u0130\u011e\u0130 \u00b7 \u00dc\u00c7\u00dcNC\u00dc B\u00d6L\u00dcM: SPOR END\u00dcSTR\u0130S\u0130NDE T\u00dcKET\u0130C\u0130 VE TARAFTARLIK KAVRAMI \u00b7 D\u00d6RD\u00dcNC\u00dc<span class=\"excerpt-hellip\"> [\u2026]<\/span><\/p>\n","protected":false},"featured_media":0,"template":"","meta":{"_monsterinsights_skip_tracking":false,"_monsterinsights_sitenote_active":false,"_monsterinsights_sitenote_note":"","_monsterinsights_sitenote_category":0},"product_brand":[],"product_cat":[15563,15564],"product_tag":[],"class_list":{"0":"post-768940","1":"product","2":"type-product","3":"status-publish","5":"product_cat-hobi","6":"product_cat-spor","7":"pa_cilt-ciltsiz","8":"pa_tur-kitap","9":"pa_yayinevi-gazi-kitabevi","10":"pa_yazar-berkant-aral","12":"first","13":"instock","14":"sale","15":"shipping-taxable","16":"purchasable","17":"product-type-simple"},"_links":{"self":[{"href":"https:\/\/roveyayinevi.com.tr\/index.php\/wp-json\/wp\/v2\/product\/768940","targetHints":{"allow":["GET"]}}],"collection":[{"href":"https:\/\/roveyayinevi.com.tr\/index.php\/wp-json\/wp\/v2\/product"}],"about":[{"href":"https:\/\/roveyayinevi.com.tr\/index.php\/wp-json\/wp\/v2\/types\/product"}],"wp:attachment":[{"href":"https:\/\/roveyayinevi.com.tr\/index.php\/wp-json\/wp\/v2\/media?parent=768940"}],"wp:term":[{"taxonomy":"product_brand","embeddable":true,"href":"https:\/\/roveyayinevi.com.tr\/index.php\/wp-json\/wp\/v2\/product_brand?post=768940"},{"taxonomy":"product_cat","embeddable":true,"href":"https:\/\/roveyayinevi.com.tr\/index.php\/wp-json\/wp\/v2\/product_cat?post=768940"},{"taxonomy":"product_tag","embeddable":true,"href":"https:\/\/roveyayinevi.com.tr\/index.php\/wp-json\/wp\/v2\/product_tag?post=768940"}],"curies":[{"name":"wp","href":"https:\/\/api.w.org\/{rel}","templated":true}]}}