{"id":768939,"date":"2025-08-28T13:36:58","date_gmt":"2025-08-28T10:36:58","guid":{"rendered":"https:\/\/roveyayinevi.com.tr\/index.php\/urun\/proje-analitigi-proje-yonetiminde-veri-analitigi\/"},"modified":"2026-04-15T03:34:55","modified_gmt":"2026-04-15T00:34:55","slug":"proje-analitigi-proje-yonetiminde-veri-analitigi","status":"publish","type":"product","link":"https:\/\/roveyayinevi.com.tr\/index.php\/urun\/proje-analitigi-proje-yonetiminde-veri-analitigi\/","title":{"rendered":"Proje Analiti\u011fi (Proje Y\u00f6netiminde Veri Analiti\u011fi)"},"content":{"rendered":"<p>\u0130\u00e7indekiler :     \u00b7         KISIM 1 PROJE ANAL\u0130T\u0130\u011e\u0130N\u0130N TEMELLER\u0130   \u00b7         KISIM 2 PROJE PERFORMANS DE\u011eERLEND\u0130RMES\u0130   \u00b7         KISIM 3 VER\u0130 B\u0130L\u0130M\u0130NE DAYALI PROJE ANAL\u0130T\u0130\u011e\u0130   \u00b7         KISIM 4 PROJE S\u00dcRE\u00c7LER\u0130 BAZINDA PROJE ANAL\u0130T\u0130\u011e\u0130   \u00b7         KISIM 5 PROJE B\u0130LG\u0130 ALANLARI BAZINDA PROJE VER\u0130 ANAL\u0130T\u0130\u011e\u0130   \u00b7         KISIM 6 \u00c7EV\u0130K PROJE Y\u00d6NET\u0130M\u0130NDE PROJE ANAL\u0130T\u0130\u011e\u0130 <\/p>\n","protected":false},"excerpt":{"rendered":"<p>\u0130\u00e7indekiler : \u00b7 KISIM 1 PROJE ANAL\u0130T\u0130\u011e\u0130N\u0130N TEMELLER\u0130 \u00b7 KISIM 2 PROJE PERFORMANS DE\u011eERLEND\u0130RMES\u0130 \u00b7 KISIM 3 VER\u0130 B\u0130L\u0130M\u0130NE DAYALI PROJE ANAL\u0130T\u0130\u011e\u0130 \u00b7 KISIM 4 PROJE<span class=\"excerpt-hellip\"> [\u2026]<\/span><\/p>\n","protected":false},"featured_media":0,"template":"","meta":{"_monsterinsights_skip_tracking":false,"_monsterinsights_sitenote_active":false,"_monsterinsights_sitenote_note":"","_monsterinsights_sitenote_category":0},"product_brand":[],"product_cat":[13005],"product_tag":[],"class_list":{"0":"post-768939","1":"product","2":"type-product","3":"status-publish","5":"product_cat-bilim-muhendislik","6":"pa_cilt-ciltsiz","7":"pa_tur-kitap","8":"pa_yayinevi-gazi-kitabevi","9":"pa_yazar-dogan-yildiz-ayse-yildiz","11":"first","12":"instock","13":"sale","14":"shipping-taxable","15":"purchasable","16":"product-type-simple"},"_links":{"self":[{"href":"https:\/\/roveyayinevi.com.tr\/index.php\/wp-json\/wp\/v2\/product\/768939","targetHints":{"allow":["GET"]}}],"collection":[{"href":"https:\/\/roveyayinevi.com.tr\/index.php\/wp-json\/wp\/v2\/product"}],"about":[{"href":"https:\/\/roveyayinevi.com.tr\/index.php\/wp-json\/wp\/v2\/types\/product"}],"wp:attachment":[{"href":"https:\/\/roveyayinevi.com.tr\/index.php\/wp-json\/wp\/v2\/media?parent=768939"}],"wp:term":[{"taxonomy":"product_brand","embeddable":true,"href":"https:\/\/roveyayinevi.com.tr\/index.php\/wp-json\/wp\/v2\/product_brand?post=768939"},{"taxonomy":"product_cat","embeddable":true,"href":"https:\/\/roveyayinevi.com.tr\/index.php\/wp-json\/wp\/v2\/product_cat?post=768939"},{"taxonomy":"product_tag","embeddable":true,"href":"https:\/\/roveyayinevi.com.tr\/index.php\/wp-json\/wp\/v2\/product_tag?post=768939"}],"curies":[{"name":"wp","href":"https:\/\/api.w.org\/{rel}","templated":true}]}}