{"id":768937,"date":"2025-08-28T13:36:56","date_gmt":"2025-08-28T10:36:56","guid":{"rendered":"https:\/\/roveyayinevi.com.tr\/index.php\/urun\/is-yerinde-muhalefet-ve-donusturucu-liderlik-turizm-isletmelerinde-bir-arastirma\/"},"modified":"2026-04-15T03:34:55","modified_gmt":"2026-04-15T00:34:55","slug":"is-yerinde-muhalefet-ve-donusturucu-liderlik-turizm-isletmelerinde-bir-arastirma","status":"publish","type":"product","link":"https:\/\/roveyayinevi.com.tr\/index.php\/urun\/is-yerinde-muhalefet-ve-donusturucu-liderlik-turizm-isletmelerinde-bir-arastirma\/","title":{"rendered":"\u0130\u015f Yerinde Muhalefet Ve D\u00f6n\u00fc\u015ft\u00fcr\u00fcc\u00fc Liderlik Turizm \u0130\u015fletmelerinde Bir Ara\u015ft\u0131rma"},"content":{"rendered":"<p>\u0130\u00e7indekiler :     B\u0130R\u0130NC\u0130 B\u00d6L\u00dcM \u0130\u015eYER\u0130NDE MUHALEFET   \u0130K\u0130NC\u0130 B\u00d6L\u00dcM D\u00d6N\u00dc\u015eT\u00dcR\u00dcC\u00dc L\u0130DERL\u0130K   \u00dc\u00c7\u00dcNC\u00dc B\u00d6L\u00dcM \u0130\u015e YER\u0130NDE MUHALEFET VE D\u00d6N\u00dc\u015eT\u00dcR\u00dcC\u00dc L\u0130DERL\u0130K \u0130L\u0130\u015eK\u0130S\u0130 \u00dcZER\u0130NE TUR\u0130ZM \u0130\u015eLETMELER\u0130NDE B\u0130R ARA\u015eTIRMA <\/p>\n","protected":false},"excerpt":{"rendered":"<p>\u0130\u00e7indekiler : B\u0130R\u0130NC\u0130 B\u00d6L\u00dcM \u0130\u015eYER\u0130NDE MUHALEFET \u0130K\u0130NC\u0130 B\u00d6L\u00dcM D\u00d6N\u00dc\u015eT\u00dcR\u00dcC\u00dc L\u0130DERL\u0130K \u00dc\u00c7\u00dcNC\u00dc B\u00d6L\u00dcM \u0130\u015e YER\u0130NDE MUHALEFET VE D\u00d6N\u00dc\u015eT\u00dcR\u00dcC\u00dc L\u0130DERL\u0130K \u0130L\u0130\u015eK\u0130S\u0130 \u00dcZER\u0130NE TUR\u0130ZM \u0130\u015eLETMELER\u0130NDE B\u0130R ARA\u015eTIRMA<\/p>\n","protected":false},"featured_media":0,"template":"","meta":{"_monsterinsights_skip_tracking":false,"_monsterinsights_sitenote_active":false,"_monsterinsights_sitenote_note":"","_monsterinsights_sitenote_category":0},"product_brand":[],"product_cat":[13043],"product_tag":[],"class_list":{"0":"post-768937","1":"product","2":"type-product","3":"status-publish","5":"product_cat-ekonomi","6":"pa_cilt-ciltsiz","7":"pa_tur-kitap","8":"pa_yayinevi-gazi-kitabevi","9":"pa_yazar-bayram-kirmizigul","11":"first","12":"instock","13":"sale","14":"shipping-taxable","15":"purchasable","16":"product-type-simple"},"_links":{"self":[{"href":"https:\/\/roveyayinevi.com.tr\/index.php\/wp-json\/wp\/v2\/product\/768937","targetHints":{"allow":["GET"]}}],"collection":[{"href":"https:\/\/roveyayinevi.com.tr\/index.php\/wp-json\/wp\/v2\/product"}],"about":[{"href":"https:\/\/roveyayinevi.com.tr\/index.php\/wp-json\/wp\/v2\/types\/product"}],"wp:attachment":[{"href":"https:\/\/roveyayinevi.com.tr\/index.php\/wp-json\/wp\/v2\/media?parent=768937"}],"wp:term":[{"taxonomy":"product_brand","embeddable":true,"href":"https:\/\/roveyayinevi.com.tr\/index.php\/wp-json\/wp\/v2\/product_brand?post=768937"},{"taxonomy":"product_cat","embeddable":true,"href":"https:\/\/roveyayinevi.com.tr\/index.php\/wp-json\/wp\/v2\/product_cat?post=768937"},{"taxonomy":"product_tag","embeddable":true,"href":"https:\/\/roveyayinevi.com.tr\/index.php\/wp-json\/wp\/v2\/product_tag?post=768937"}],"curies":[{"name":"wp","href":"https:\/\/api.w.org\/{rel}","templated":true}]}}