{"id":768936,"date":"2025-08-28T13:36:55","date_gmt":"2025-08-28T10:36:55","guid":{"rendered":"https:\/\/roveyayinevi.com.tr\/index.php\/urun\/turkiyenin-100-yillik-tarihinde-belediyelerde-kadin-temsili\/"},"modified":"2026-04-15T03:34:54","modified_gmt":"2026-04-15T00:34:54","slug":"turkiyenin-100-yillik-tarihinde-belediyelerde-kadin-temsili","status":"publish","type":"product","link":"https:\/\/roveyayinevi.com.tr\/index.php\/urun\/turkiyenin-100-yillik-tarihinde-belediyelerde-kadin-temsili\/","title":{"rendered":"T\u00fcrkiye&#8217;nin 100 Y\u0131ll\u0131k Tarihinde Belediyelerde Kad\u0131n Temsili"},"content":{"rendered":"<p>\u0130\u00e7indekiler :            1. TEMS\u0130L VE DEMOKRAS\u0130 \u0130L\u0130\u015eK\u0130S\u0130          2. D\u00dcNYA\u2019DA VE T\u00dcRK\u0130YE\u2019DE KADIN TEMS\u0130L\u0130          3. T\u00dcRK\u0130YE\u2019DE G\u00d6REVE BA\u015eLAYAN KADIN BELED\u0130YE BA\u015eKANLARI <\/p>\n","protected":false},"excerpt":{"rendered":"<p>\u0130\u00e7indekiler : 1. TEMS\u0130L VE DEMOKRAS\u0130 \u0130L\u0130\u015eK\u0130S\u0130 2. D\u00dcNYA\u2019DA VE T\u00dcRK\u0130YE\u2019DE KADIN TEMS\u0130L\u0130 3. T\u00dcRK\u0130YE\u2019DE G\u00d6REVE BA\u015eLAYAN KADIN BELED\u0130YE BA\u015eKANLARI<\/p>\n","protected":false},"featured_media":0,"template":"","meta":{"_monsterinsights_skip_tracking":false,"_monsterinsights_sitenote_active":false,"_monsterinsights_sitenote_note":"","_monsterinsights_sitenote_category":0},"product_brand":[],"product_cat":[13005,40995],"product_tag":[],"class_list":{"0":"post-768936","1":"product","2":"type-product","3":"status-publish","5":"product_cat-bilim-muhendislik","6":"product_cat-sosyal-bilimler","7":"pa_cilt-ciltsiz","8":"pa_tur-kitap","9":"pa_yayinevi-gazi-kitabevi","10":"pa_yazar-ibrahim-yildiz","12":"first","13":"instock","14":"sale","15":"shipping-taxable","16":"purchasable","17":"product-type-simple"},"_links":{"self":[{"href":"https:\/\/roveyayinevi.com.tr\/index.php\/wp-json\/wp\/v2\/product\/768936","targetHints":{"allow":["GET"]}}],"collection":[{"href":"https:\/\/roveyayinevi.com.tr\/index.php\/wp-json\/wp\/v2\/product"}],"about":[{"href":"https:\/\/roveyayinevi.com.tr\/index.php\/wp-json\/wp\/v2\/types\/product"}],"wp:attachment":[{"href":"https:\/\/roveyayinevi.com.tr\/index.php\/wp-json\/wp\/v2\/media?parent=768936"}],"wp:term":[{"taxonomy":"product_brand","embeddable":true,"href":"https:\/\/roveyayinevi.com.tr\/index.php\/wp-json\/wp\/v2\/product_brand?post=768936"},{"taxonomy":"product_cat","embeddable":true,"href":"https:\/\/roveyayinevi.com.tr\/index.php\/wp-json\/wp\/v2\/product_cat?post=768936"},{"taxonomy":"product_tag","embeddable":true,"href":"https:\/\/roveyayinevi.com.tr\/index.php\/wp-json\/wp\/v2\/product_tag?post=768936"}],"curies":[{"name":"wp","href":"https:\/\/api.w.org\/{rel}","templated":true}]}}