{"id":768930,"date":"2025-08-28T13:36:44","date_gmt":"2025-08-28T10:36:44","guid":{"rendered":"https:\/\/roveyayinevi.com.tr\/index.php\/urun\/antik-misir-ciltli\/"},"modified":"2026-04-15T03:34:54","modified_gmt":"2026-04-15T00:34:54","slug":"antik-misir-ciltli","status":"publish","type":"product","link":"https:\/\/roveyayinevi.com.tr\/index.php\/urun\/antik-misir-ciltli\/","title":{"rendered":"Antik M\u0131s\u0131r (Ciltli)"},"content":{"rendered":"<p>Eski M\u0131s\u0131r mitolojisine ve dinine, d\u00fcnyan\u0131n ilk b\u00fcy\u00fck uygarl\u0131\u011f\u0131n\u0131n hayranl\u0131k uyand\u0131ran tap\u0131naklar\u0131na, mezarlar\u0131na ve di\u011fer kutsal mek\u00e2nlar\u0131na y\u00f6nelik b\u00fcy\u00fcleyici bir k\u0131lavuz, Bu kitapta Eski M\u0131s\u0131r\u2019da 5.000 y\u0131l boyunca geli\u015fen ve 3.000 y\u0131ll\u0131k parlak bir d\u00f6nem ya\u015fayan bir toplumdaki olaylara \u0131\u015f\u0131k tutuluyor, Gize, Sakkara ve Krallar Vadisi gibi en me\u015fhur g\u00f6m\u00fc alanlar\u0131na y\u00f6nelik merak uyand\u0131r\u0131c\u0131 bir k\u0131lavuz, Firavunlar\u0131n g\u00f6m\u00fcld\u00fckleri tap\u0131naklardan, \u00e7ok say\u0131da tanr\u0131ya ve tanr\u0131\u00e7aya adanan tap\u0131naklara uzanan b\u00fcy\u00fcleyici bir tur, Antik tarihin en ilgi \u00e7ekici d\u00f6nemlerinden birinde, dini inan\u00e7lar\u0131n ve mitolojinin oynad\u0131\u011f\u0131 \u00f6nemli rol\u00fcn derinlemesine bir incelemesi, 750\u2019den fazla renkli foto\u011fraf <\/p>\n","protected":false},"excerpt":{"rendered":"<p>Eski M\u0131s\u0131r mitolojisine ve dinine, d\u00fcnyan\u0131n ilk b\u00fcy\u00fck uygarl\u0131\u011f\u0131n\u0131n hayranl\u0131k uyand\u0131ran tap\u0131naklar\u0131na, mezarlar\u0131na ve di\u011fer kutsal mek\u00e2nlar\u0131na y\u00f6nelik b\u00fcy\u00fcleyici bir k\u0131lavuz, Bu kitapta Eski M\u0131s\u0131r\u2019da 5.000<span class=\"excerpt-hellip\"> [\u2026]<\/span><\/p>\n","protected":false},"featured_media":0,"template":"","meta":{"_monsterinsights_skip_tracking":false,"_monsterinsights_sitenote_active":false,"_monsterinsights_sitenote_note":"","_monsterinsights_sitenote_category":0},"product_brand":[],"product_cat":[12304],"product_tag":[],"class_list":{"0":"post-768930","1":"product","2":"type-product","3":"status-publish","5":"product_cat-tarih","6":"pa_cilt-ciltli","7":"pa_tur-kitap","8":"pa_yayinevi-is-bankasi-kultur-yayinlari","9":"pa_yazar-lorna-oakes-lucia-gahlin","11":"first","12":"instock","13":"sale","14":"shipping-taxable","15":"purchasable","16":"product-type-simple"},"_links":{"self":[{"href":"https:\/\/roveyayinevi.com.tr\/index.php\/wp-json\/wp\/v2\/product\/768930","targetHints":{"allow":["GET"]}}],"collection":[{"href":"https:\/\/roveyayinevi.com.tr\/index.php\/wp-json\/wp\/v2\/product"}],"about":[{"href":"https:\/\/roveyayinevi.com.tr\/index.php\/wp-json\/wp\/v2\/types\/product"}],"wp:attachment":[{"href":"https:\/\/roveyayinevi.com.tr\/index.php\/wp-json\/wp\/v2\/media?parent=768930"}],"wp:term":[{"taxonomy":"product_brand","embeddable":true,"href":"https:\/\/roveyayinevi.com.tr\/index.php\/wp-json\/wp\/v2\/product_brand?post=768930"},{"taxonomy":"product_cat","embeddable":true,"href":"https:\/\/roveyayinevi.com.tr\/index.php\/wp-json\/wp\/v2\/product_cat?post=768930"},{"taxonomy":"product_tag","embeddable":true,"href":"https:\/\/roveyayinevi.com.tr\/index.php\/wp-json\/wp\/v2\/product_tag?post=768930"}],"curies":[{"name":"wp","href":"https:\/\/api.w.org\/{rel}","templated":true}]}}