{"id":768929,"date":"2025-08-28T13:36:43","date_gmt":"2025-08-28T10:36:43","guid":{"rendered":"https:\/\/roveyayinevi.com.tr\/index.php\/urun\/antik-roma-ciltli\/"},"modified":"2026-04-15T03:34:54","modified_gmt":"2026-04-15T00:34:54","slug":"antik-roma-ciltli","status":"publish","type":"product","link":"https:\/\/roveyayinevi.com.tr\/index.php\/urun\/antik-roma-ciltli\/","title":{"rendered":"Antik Roma (Ciltli)"},"content":{"rendered":"<p>Klasik Roma\u2019n\u0131n Bat\u0131 k\u00fclt\u00fcr\u00fc, mimarisi ve sanat\u0131 \u00fczerindeki geni\u015f kapsaml\u0131 etkisinin ve Roma\u2019n\u0131n emperyal, askeri ve siyasi g\u00fcc\u00fcn\u00fcn yetkin bir a\u00e7\u0131klamas\u0131, Roma \u0130mparatorlu\u011fu\u2019nun y\u00fckseli\u015finin ve \u00e7\u00f6k\u00fc\u015f\u00fcn\u00fcn t\u00fcm tarihi ve d\u00fcnyan\u0131n gelmi\u015f ge\u00e7mi\u015f en \u00f6nemli ve etkili uygarl\u0131\u011f\u0131n\u0131n \u00f6yk\u00fcs\u00fc, \u0130mparatorlar Caligula ve Nero\u2019nun k\u00f6t\u00fc \u015f\u00f6hretli hayatlar\u0131, Marcus Antonius ile Kleopatra\u2019n\u0131n \u00fcnl\u00fc ili\u015fkisi, Antik Roma\u2019y\u0131 sarsan skandallar ve dana nicesi\u2026 Yakla\u015f\u0131k 1000 renkli foto\u011fraf, tablolar, sanat eserleri ve rekonstr\u00fcksiyonlar, soy a\u011fa\u00e7lar\u0131, haritalar, muharebe planlar\u0131, mimari \u00e7izimler ve kesitler Antik Roma\u2019n\u0131n ihti\u015fam\u0131n\u0131 ve g\u00fcc\u00fcn\u00fc g\u00f6zler \u00f6n\u00fcne seriyor. <\/p>\n","protected":false},"excerpt":{"rendered":"<p>Klasik Roma\u2019n\u0131n Bat\u0131 k\u00fclt\u00fcr\u00fc, mimarisi ve sanat\u0131 \u00fczerindeki geni\u015f kapsaml\u0131 etkisinin ve Roma\u2019n\u0131n emperyal, askeri ve siyasi g\u00fcc\u00fcn\u00fcn yetkin bir a\u00e7\u0131klamas\u0131, Roma \u0130mparatorlu\u011fu\u2019nun y\u00fckseli\u015finin ve \u00e7\u00f6k\u00fc\u015f\u00fcn\u00fcn<span class=\"excerpt-hellip\"> [\u2026]<\/span><\/p>\n","protected":false},"featured_media":0,"template":"","meta":{"_monsterinsights_skip_tracking":false,"_monsterinsights_sitenote_active":false,"_monsterinsights_sitenote_note":"","_monsterinsights_sitenote_category":0},"product_brand":[],"product_cat":[12304],"product_tag":[],"class_list":{"0":"post-768929","1":"product","2":"type-product","3":"status-publish","5":"product_cat-tarih","6":"pa_cilt-ciltli","7":"pa_tur-kitap","8":"pa_yayinevi-is-bankasi-kultur-yayinlari","9":"pa_yazar-nigel-rodgers","11":"first","12":"instock","13":"sale","14":"shipping-taxable","15":"purchasable","16":"product-type-simple"},"_links":{"self":[{"href":"https:\/\/roveyayinevi.com.tr\/index.php\/wp-json\/wp\/v2\/product\/768929","targetHints":{"allow":["GET"]}}],"collection":[{"href":"https:\/\/roveyayinevi.com.tr\/index.php\/wp-json\/wp\/v2\/product"}],"about":[{"href":"https:\/\/roveyayinevi.com.tr\/index.php\/wp-json\/wp\/v2\/types\/product"}],"wp:attachment":[{"href":"https:\/\/roveyayinevi.com.tr\/index.php\/wp-json\/wp\/v2\/media?parent=768929"}],"wp:term":[{"taxonomy":"product_brand","embeddable":true,"href":"https:\/\/roveyayinevi.com.tr\/index.php\/wp-json\/wp\/v2\/product_brand?post=768929"},{"taxonomy":"product_cat","embeddable":true,"href":"https:\/\/roveyayinevi.com.tr\/index.php\/wp-json\/wp\/v2\/product_cat?post=768929"},{"taxonomy":"product_tag","embeddable":true,"href":"https:\/\/roveyayinevi.com.tr\/index.php\/wp-json\/wp\/v2\/product_tag?post=768929"}],"curies":[{"name":"wp","href":"https:\/\/api.w.org\/{rel}","templated":true}]}}