{"id":768927,"date":"2025-08-28T13:36:40","date_gmt":"2025-08-28T10:36:40","guid":{"rendered":"https:\/\/roveyayinevi.com.tr\/index.php\/urun\/ogretim-elemanlarinin-orgutsel-sosyallesme-ve-orgutsel-sessizlik-duzeylerinin-incelenmesi\/"},"modified":"2026-04-15T03:34:54","modified_gmt":"2026-04-15T00:34:54","slug":"ogretim-elemanlarinin-orgutsel-sosyallesme-ve-orgutsel-sessizlik-duzeylerinin-incelenmesi","status":"publish","type":"product","link":"https:\/\/roveyayinevi.com.tr\/index.php\/urun\/ogretim-elemanlarinin-orgutsel-sosyallesme-ve-orgutsel-sessizlik-duzeylerinin-incelenmesi\/","title":{"rendered":"\u00d6\u011fretim Elemanlar\u0131n\u0131n \u00d6rg\u00fctsel Sosyalle\u015fme Ve \u00d6rg\u00fctsel Sessizlik D\u00fczeylerinin \u0130ncelenmesi"},"content":{"rendered":"<p>\u0130\u00e7indekiler :   B\u0130R\u0130NC\u0130 B\u00d6L\u00dcM \u00d6RG\u00dcTSEL SOSYALLE\u015eME   \u0130K\u0130NC\u0130 B\u00d6L\u00dcM \u00d6RG\u00dcTSEL SESS\u0130ZL\u0130K   \u00dc\u00c7\u00dcNC\u00dc B\u00d6L\u00dcM \u00d6RG\u00dcTSEL SOSYALLE\u015eME VE \u00d6RG\u00dcTSEL SESS\u0130ZL\u0130K \u00d6L\u00c7EKLER\u0130N\u0130N UYGULANMASI VE BULGULARI <\/p>\n","protected":false},"excerpt":{"rendered":"<p>\u0130\u00e7indekiler : B\u0130R\u0130NC\u0130 B\u00d6L\u00dcM \u00d6RG\u00dcTSEL SOSYALLE\u015eME \u0130K\u0130NC\u0130 B\u00d6L\u00dcM \u00d6RG\u00dcTSEL SESS\u0130ZL\u0130K \u00dc\u00c7\u00dcNC\u00dc B\u00d6L\u00dcM \u00d6RG\u00dcTSEL SOSYALLE\u015eME VE \u00d6RG\u00dcTSEL SESS\u0130ZL\u0130K \u00d6L\u00c7EKLER\u0130N\u0130N UYGULANMASI VE BULGULARI<\/p>\n","protected":false},"featured_media":0,"template":"","meta":{"_monsterinsights_skip_tracking":false,"_monsterinsights_sitenote_active":false,"_monsterinsights_sitenote_note":"","_monsterinsights_sitenote_category":0},"product_brand":[],"product_cat":[13365],"product_tag":[],"class_list":{"0":"post-768927","1":"product","2":"type-product","3":"status-publish","5":"product_cat-saglik","6":"pa_cilt-ciltsiz","7":"pa_tur-kitap","8":"pa_yayinevi-gazi-kitabevi","9":"pa_yazar-buse-celik","11":"first","12":"instock","13":"sale","14":"shipping-taxable","15":"purchasable","16":"product-type-simple"},"_links":{"self":[{"href":"https:\/\/roveyayinevi.com.tr\/index.php\/wp-json\/wp\/v2\/product\/768927","targetHints":{"allow":["GET"]}}],"collection":[{"href":"https:\/\/roveyayinevi.com.tr\/index.php\/wp-json\/wp\/v2\/product"}],"about":[{"href":"https:\/\/roveyayinevi.com.tr\/index.php\/wp-json\/wp\/v2\/types\/product"}],"wp:attachment":[{"href":"https:\/\/roveyayinevi.com.tr\/index.php\/wp-json\/wp\/v2\/media?parent=768927"}],"wp:term":[{"taxonomy":"product_brand","embeddable":true,"href":"https:\/\/roveyayinevi.com.tr\/index.php\/wp-json\/wp\/v2\/product_brand?post=768927"},{"taxonomy":"product_cat","embeddable":true,"href":"https:\/\/roveyayinevi.com.tr\/index.php\/wp-json\/wp\/v2\/product_cat?post=768927"},{"taxonomy":"product_tag","embeddable":true,"href":"https:\/\/roveyayinevi.com.tr\/index.php\/wp-json\/wp\/v2\/product_tag?post=768927"}],"curies":[{"name":"wp","href":"https:\/\/api.w.org\/{rel}","templated":true}]}}