{"id":768926,"date":"2025-08-28T13:36:39","date_gmt":"2025-08-28T10:36:39","guid":{"rendered":"https:\/\/roveyayinevi.com.tr\/index.php\/urun\/sporda-ronesans-olimpik-sanat-yarismalari\/"},"modified":"2026-04-15T03:34:54","modified_gmt":"2026-04-15T00:34:54","slug":"sporda-ronesans-olimpik-sanat-yarismalari","status":"publish","type":"product","link":"https:\/\/roveyayinevi.com.tr\/index.php\/urun\/sporda-ronesans-olimpik-sanat-yarismalari\/","title":{"rendered":"Sporda R\u00f6nesans: Olimpik Sanat Yar\u0131\u015fmalar\u0131"},"content":{"rendered":"<p>\u0130\u00e7indekiler :   B\u0130R\u0130NC\u0130 B\u00d6L\u00dcM Felice de Fredis\u2019in \u00dcz\u00fcm Ba\u011flar\u0131ndan Coubertin \u015eatosuna Sanat Modern Olimpiyat Oyunlar\u0131\u2019n\u0131n Kurulmas\u0131 ve 1896 Atina Olimpiyatlar\u0131   \u0130K\u0130NC\u0130 B\u00d6L\u00dcM Olimpik Sanat Yar\u0131\u015fmalar\u0131 \u00d6nc\u00fc giri\u015fimler ve 1906 Paris sanat, edebiyat ve spor dan\u0131\u015fma konferans\u0131 <\/p>\n","protected":false},"excerpt":{"rendered":"<p>\u0130\u00e7indekiler : B\u0130R\u0130NC\u0130 B\u00d6L\u00dcM Felice de Fredis\u2019in \u00dcz\u00fcm Ba\u011flar\u0131ndan Coubertin \u015eatosuna Sanat Modern Olimpiyat Oyunlar\u0131\u2019n\u0131n Kurulmas\u0131 ve 1896 Atina Olimpiyatlar\u0131 \u0130K\u0130NC\u0130 B\u00d6L\u00dcM Olimpik Sanat Yar\u0131\u015fmalar\u0131 \u00d6nc\u00fc<span class=\"excerpt-hellip\"> [\u2026]<\/span><\/p>\n","protected":false},"featured_media":0,"template":"","meta":{"_monsterinsights_skip_tracking":false,"_monsterinsights_sitenote_active":false,"_monsterinsights_sitenote_note":"","_monsterinsights_sitenote_category":0},"product_brand":[],"product_cat":[15563,15564],"product_tag":[],"class_list":{"0":"post-768926","1":"product","2":"type-product","3":"status-publish","5":"product_cat-hobi","6":"product_cat-spor","7":"pa_cilt-ciltsiz","8":"pa_tur-kitap","9":"pa_yayinevi-gazi-kitabevi","10":"pa_yazar-bayram-ali-sivaz-emre-donmez","12":"first","13":"instock","14":"sale","15":"shipping-taxable","16":"purchasable","17":"product-type-simple"},"_links":{"self":[{"href":"https:\/\/roveyayinevi.com.tr\/index.php\/wp-json\/wp\/v2\/product\/768926","targetHints":{"allow":["GET"]}}],"collection":[{"href":"https:\/\/roveyayinevi.com.tr\/index.php\/wp-json\/wp\/v2\/product"}],"about":[{"href":"https:\/\/roveyayinevi.com.tr\/index.php\/wp-json\/wp\/v2\/types\/product"}],"wp:attachment":[{"href":"https:\/\/roveyayinevi.com.tr\/index.php\/wp-json\/wp\/v2\/media?parent=768926"}],"wp:term":[{"taxonomy":"product_brand","embeddable":true,"href":"https:\/\/roveyayinevi.com.tr\/index.php\/wp-json\/wp\/v2\/product_brand?post=768926"},{"taxonomy":"product_cat","embeddable":true,"href":"https:\/\/roveyayinevi.com.tr\/index.php\/wp-json\/wp\/v2\/product_cat?post=768926"},{"taxonomy":"product_tag","embeddable":true,"href":"https:\/\/roveyayinevi.com.tr\/index.php\/wp-json\/wp\/v2\/product_tag?post=768926"}],"curies":[{"name":"wp","href":"https:\/\/api.w.org\/{rel}","templated":true}]}}