{"id":768924,"date":"2025-08-28T13:36:34","date_gmt":"2025-08-28T10:36:34","guid":{"rendered":"https:\/\/roveyayinevi.com.tr\/index.php\/urun\/mahkeme-kapisi-2\/"},"modified":"2026-04-15T03:34:54","modified_gmt":"2026-04-15T00:34:54","slug":"mahkeme-kapisi-2","status":"publish","type":"product","link":"https:\/\/roveyayinevi.com.tr\/index.php\/urun\/mahkeme-kapisi-2\/","title":{"rendered":"Mahkeme kap\u0131s\u0131"},"content":{"rendered":"<p>\u201c(\u2026) \u0130\u015fte, bizim kaplamalar\u0131 s\u00f6kt\u00fc\u011f\u00fcm\u00fcz, harabeleri y\u0131kt\u0131\u011f\u0131m\u0131z, gelinlik sand\u0131klar\u0131 par\u00e7alad\u0131\u011f\u0131m\u0131z, mars\u0131k hasretiyle kapkara karard\u0131\u011f\u0131m\u0131z g\u00fcnlerde i\u015flenen bir cinayeti bug\u00fcn mahkeme salonunda dinlerken, d\u0131\u015farda bahar\u0131n, Postane\u2019nin yan yollar\u0131ndan birinde kedi yavrular\u0131 g\u00fczelli\u011fi ve sevimlili\u011fi ile oyna\u015ft\u0131\u011f\u0131n\u0131 g\u00f6r\u00fcyor, hemen hemen bu cinayeti bir film seyreder gibi seyre haz\u0131rlan\u0131yordum.\u201d\u201cBu Senenin Me\u015fhur Karak\u0131\u015f\u0131 Cinayeti\u201d adl\u0131 yaz\u0131danKalemini yontup a\u00e7t\u0131ktan sonra \u00f6pecek kadar yaz\u0131ya ba\u011fl\u0131 olan Sait Faik Abas\u0131yan\u0131k hayat\u0131 boyunca yazd\u0131. \u00d6yk\u00fc, \u015fiir, roman yazmad\u0131\u011f\u0131 zamanlarda \u00e7e\u015fitli dergilere, gazetelere yaz\u0131lar yaz\u0131yordu. Bu kitapta yer alan 26 yaz\u0131y\u0131 Haber gazetesinin \u201cMahkemelerde\u201d adl\u0131 s\u00fctunu i\u00e7in 1942\u2019de kaleme alm\u0131\u015ft\u0131.Mahkeme kap\u0131lar\u0131nda s\u00fcr\u00fcp giden dramlarda, g\u00fcl\u00fcn\u00e7 olaylarda, s\u0131radan davalarda yine insan\u0131 bulup \u00e7\u0131karan Sait Faik\u2019in haber r\u00f6portajlar\u0131 okurun dama\u011f\u0131nda ger\u00e7ek bir \u00f6yk\u00fc lezzeti b\u0131rak\u0131yor.<\/p>\n","protected":false},"excerpt":{"rendered":"<p>\u201c(\u2026) \u0130\u015fte, bizim kaplamalar\u0131 s\u00f6kt\u00fc\u011f\u00fcm\u00fcz, harabeleri y\u0131kt\u0131\u011f\u0131m\u0131z, gelinlik sand\u0131klar\u0131 par\u00e7alad\u0131\u011f\u0131m\u0131z, mars\u0131k hasretiyle kapkara karard\u0131\u011f\u0131m\u0131z g\u00fcnlerde i\u015flenen bir cinayeti bug\u00fcn mahkeme salonunda dinlerken, d\u0131\u015farda bahar\u0131n, Postane\u2019nin yan<span class=\"excerpt-hellip\"> [\u2026]<\/span><\/p>\n","protected":false},"featured_media":0,"template":"","meta":{"_monsterinsights_skip_tracking":false,"_monsterinsights_sitenote_active":false,"_monsterinsights_sitenote_note":"","_monsterinsights_sitenote_category":0},"product_brand":[],"product_cat":[12291,12711],"product_tag":[],"class_list":{"0":"post-768924","1":"product","2":"type-product","3":"status-publish","5":"product_cat-edebiyat","6":"product_cat-roman-oyku","7":"pa_cilt-ciltsiz","8":"pa_tur-kitap","9":"pa_yayinevi-yapi-kredi-yayinlari","10":"pa_yazar-sait-faik-abasiyanik","12":"first","13":"instock","14":"sale","15":"shipping-taxable","16":"purchasable","17":"product-type-simple"},"_links":{"self":[{"href":"https:\/\/roveyayinevi.com.tr\/index.php\/wp-json\/wp\/v2\/product\/768924","targetHints":{"allow":["GET"]}}],"collection":[{"href":"https:\/\/roveyayinevi.com.tr\/index.php\/wp-json\/wp\/v2\/product"}],"about":[{"href":"https:\/\/roveyayinevi.com.tr\/index.php\/wp-json\/wp\/v2\/types\/product"}],"wp:attachment":[{"href":"https:\/\/roveyayinevi.com.tr\/index.php\/wp-json\/wp\/v2\/media?parent=768924"}],"wp:term":[{"taxonomy":"product_brand","embeddable":true,"href":"https:\/\/roveyayinevi.com.tr\/index.php\/wp-json\/wp\/v2\/product_brand?post=768924"},{"taxonomy":"product_cat","embeddable":true,"href":"https:\/\/roveyayinevi.com.tr\/index.php\/wp-json\/wp\/v2\/product_cat?post=768924"},{"taxonomy":"product_tag","embeddable":true,"href":"https:\/\/roveyayinevi.com.tr\/index.php\/wp-json\/wp\/v2\/product_tag?post=768924"}],"curies":[{"name":"wp","href":"https:\/\/api.w.org\/{rel}","templated":true}]}}