{"id":768919,"date":"2025-08-28T13:36:23","date_gmt":"2025-08-28T10:36:23","guid":{"rendered":"https:\/\/roveyayinevi.com.tr\/index.php\/urun\/nesrin-sipahi-sahnelerin-radyolarin-plaklarin-hanimefendisi\/"},"modified":"2026-04-15T03:34:54","modified_gmt":"2026-04-15T00:34:54","slug":"nesrin-sipahi-sahnelerin-radyolarin-plaklarin-hanimefendisi","status":"publish","type":"product","link":"https:\/\/roveyayinevi.com.tr\/index.php\/urun\/nesrin-sipahi-sahnelerin-radyolarin-plaklarin-hanimefendisi\/","title":{"rendered":"Nesrin Sipahi-Sahnelerin, Radyolar\u0131n, Plaklar\u0131n Han\u0131mefendisi"},"content":{"rendered":"<p>\u201cNesrin Sipahi, hem radyoda, hem plak d\u00fcnyas\u0131nda, hem de sahnelerde ger\u00e7ek bir y\u0131ld\u0131zd\u0131. (\u2026) T\u00fcm yetene\u011fine ra\u011fmen son derece m\u00fctevaz\u0131 ve sakin bir karaktere sahipti. Ekol\u00fcn\u00fcn yeg\u00e2ne temsilcisi ve bir daha benzeri gelmeyecek biriydi o.\u201d Murat Be\u015fer, T\u00fcrk m\u00fczi\u011finin zarif sesi Nesrin Sipahi\u2019nin ya\u015fam\u0131 ve sanat ser\u00fcvenini titizlikle anlat\u0131yor: Ye\u015filk\u00f6y\u2019de ba\u015flayan \u00e7ocuklu\u011fun radyolardan plak kay\u0131tlar\u0131na, turnelerden gazinolara uzanan b\u00fcy\u00fck bir ba\u015far\u0131 \u00f6yk\u00fcs\u00fcne d\u00f6n\u00fc\u015f\u00fcm\u00fcn\u00fc oldu\u011fu kadar Sipahi\u2019nin bilinmeyen y\u00f6nlerini de ortaya koyuyor. Sanat\u00e7\u0131n\u0131n kariyerinden dostluklar\u0131na, aile ba\u011flar\u0131ndan renkli an\u0131lar\u0131na pek \u00e7ok detay bar\u0131nd\u0131ran Nesrin Sipahi-Sahnelerin, Radyolar\u0131n, Plaklar\u0131n Han\u0131mefendisi ayn\u0131 zamanda bir d\u00f6nemin k\u00fclt\u00fcrel portresi. Burhan Felek\u2019in tarifiyle \u201cm\u00fczi\u011fimizin y\u00fcz ak\u0131\u201d Nesrin Sipahi\u2019yi tan\u0131yanlar i\u00e7in zevkli, yeni nesilleri\u00e7in ilham verici bir m\u00fczikal yolculuk&#8230;<\/p>\n","protected":false},"excerpt":{"rendered":"<p>\u201cNesrin Sipahi, hem radyoda, hem plak d\u00fcnyas\u0131nda, hem de sahnelerde ger\u00e7ek bir y\u0131ld\u0131zd\u0131. (\u2026) T\u00fcm yetene\u011fine ra\u011fmen son derece m\u00fctevaz\u0131 ve sakin bir karaktere sahipti. Ekol\u00fcn\u00fcn<span class=\"excerpt-hellip\"> [\u2026]<\/span><\/p>\n","protected":false},"featured_media":0,"template":"","meta":{"_monsterinsights_skip_tracking":false,"_monsterinsights_sitenote_active":false,"_monsterinsights_sitenote_note":"","_monsterinsights_sitenote_category":0},"product_brand":[],"product_cat":[14009,12291],"product_tag":[],"class_list":{"0":"post-768919","1":"product","2":"type-product","3":"status-publish","5":"product_cat-biyografi-otobiyografi-edebiyat","6":"product_cat-edebiyat","7":"pa_cilt-ciltsiz","8":"pa_tur-kitap","9":"pa_yayinevi-iletisim-yayinlari","10":"pa_yazar-murat-beser","12":"first","13":"instock","14":"sale","15":"shipping-taxable","16":"purchasable","17":"product-type-simple"},"_links":{"self":[{"href":"https:\/\/roveyayinevi.com.tr\/index.php\/wp-json\/wp\/v2\/product\/768919","targetHints":{"allow":["GET"]}}],"collection":[{"href":"https:\/\/roveyayinevi.com.tr\/index.php\/wp-json\/wp\/v2\/product"}],"about":[{"href":"https:\/\/roveyayinevi.com.tr\/index.php\/wp-json\/wp\/v2\/types\/product"}],"wp:attachment":[{"href":"https:\/\/roveyayinevi.com.tr\/index.php\/wp-json\/wp\/v2\/media?parent=768919"}],"wp:term":[{"taxonomy":"product_brand","embeddable":true,"href":"https:\/\/roveyayinevi.com.tr\/index.php\/wp-json\/wp\/v2\/product_brand?post=768919"},{"taxonomy":"product_cat","embeddable":true,"href":"https:\/\/roveyayinevi.com.tr\/index.php\/wp-json\/wp\/v2\/product_cat?post=768919"},{"taxonomy":"product_tag","embeddable":true,"href":"https:\/\/roveyayinevi.com.tr\/index.php\/wp-json\/wp\/v2\/product_tag?post=768919"}],"curies":[{"name":"wp","href":"https:\/\/api.w.org\/{rel}","templated":true}]}}