{"id":768916,"date":"2025-08-28T13:36:18","date_gmt":"2025-08-28T10:36:18","guid":{"rendered":"https:\/\/roveyayinevi.com.tr\/index.php\/urun\/emanet-2\/"},"modified":"2026-04-15T03:34:54","modified_gmt":"2026-04-15T00:34:54","slug":"emanet-2","status":"publish","type":"product","link":"https:\/\/roveyayinevi.com.tr\/index.php\/urun\/emanet-2\/","title":{"rendered":"Emanet"},"content":{"rendered":"<p>\u201cVan der Wouden, ruhun \u00e7atlaklar\u0131n\u0131 incelikle resmediyor. Emanet, hem bir \u00e7\u0131k\u0131\u015f roman\u0131 hem de bir edebi manifesto.\u201d \u2014Booker \u00d6d\u00fcl\u00fc J\u00fcrisi Bir evin odalar\u0131 ne kadar s\u0131r saklayabilir? Ya bir insan\u0131n kalbi? Hollanda k\u0131rsal\u0131nda, sava\u015f\u0131n ve kay\u0131plar\u0131n g\u00f6lgesinde bir ta\u015f ev&#8230; Bu evin yaln\u0131zl\u0131\u011f\u0131n\u0131 kutsal bir emanet gibi ta\u015f\u0131yan Isabel. Ge\u00e7mi\u015fin izlerini birer birer kataloglayan, an\u0131lar\u0131n tozunu silerken kendi k\u0131r\u0131k d\u00f6k\u00fck hik\u00e2yesini in\u015fa eden Isabel\u2019in hayat\u0131, karde\u015fi Louis\u2019nin sevgilisi Eva\u2019n\u0131n geli\u015fiyle alt\u00fcst olur. Eva, yaln\u0131zca bir misafir de\u011fil; Isabel\u2019in sessiz d\u00fcnyas\u0131na at\u0131lm\u0131\u015f bir k\u0131v\u0131lc\u0131md\u0131r. Ve bu k\u0131v\u0131lc\u0131m, hem Isabel\u2019in hem de evin ta\u015f duvarlar\u0131n\u0131n ard\u0131na saklanm\u0131\u015f s\u0131rlar\u0131 ortaya \u00e7\u0131karacakt\u0131r. Emanet, yasak bir a\u015fk\u0131n b\u00fcy\u00fcs\u00fcn\u00fc, bir evin duvarlar\u0131na sinmi\u015f f\u0131s\u0131lt\u0131lar\u0131 ve ge\u00e7mi\u015fin inatla direnen a\u011f\u0131rl\u0131\u011f\u0131n\u0131 anlat\u0131yor. Yael van der Wouden, 2024 Booker k\u0131sa listesine kalan bu usta i\u015fi ilk roman\u0131yla insan ruhunun en mahrem k\u00f6\u015felerine dokunurken bizleri yaln\u0131zca bir hik\u00e2yenin i\u00e7ine \u00e7ekmekle kalm\u0131yor, ayn\u0131 zamanda unutman\u0131n a\u011f\u0131rl\u0131\u011f\u0131n\u0131 ve hat\u0131rlaman\u0131n cesaretini sorgulat\u0131yor. Van der Wouden\u2019in c\u00fcmlelerinde zaman yava\u015fl\u0131yor; ge\u00e7mi\u015fle bug\u00fcn i\u00e7 i\u00e7e ge\u00e7iyor. Emanet, yasak bir a\u015fk\u0131n, kapanmam\u0131\u015f yaralar\u0131n ve s\u0131rr\u0131n\u0131 korumak i\u00e7in direnen bir evin hik\u00e2yesini derin bir duyarl\u0131l\u0131kla anlat\u0131yor. \u201cEmanet, bir evin kalbini dinlemeye davet ediyor. Sessiz ve derin bir yank\u0131, adeta bir f\u0131s\u0131lt\u0131: Bu hik\u00e2ye sizi kendine \u00e7ekecek.\u201d\u2014 The Independent <\/p>\n","protected":false},"excerpt":{"rendered":"<p>\u201cVan der Wouden, ruhun \u00e7atlaklar\u0131n\u0131 incelikle resmediyor. Emanet, hem bir \u00e7\u0131k\u0131\u015f roman\u0131 hem de bir edebi manifesto.\u201d \u2014Booker \u00d6d\u00fcl\u00fc J\u00fcrisi Bir evin odalar\u0131 ne kadar s\u0131r<span class=\"excerpt-hellip\"> [\u2026]<\/span><\/p>\n","protected":false},"featured_media":0,"template":"","meta":{"_monsterinsights_skip_tracking":false,"_monsterinsights_sitenote_active":false,"_monsterinsights_sitenote_note":"","_monsterinsights_sitenote_category":0},"product_brand":[],"product_cat":[12291,12711],"product_tag":[],"class_list":{"0":"post-768916","1":"product","2":"type-product","3":"status-publish","5":"product_cat-edebiyat","6":"product_cat-roman-oyku","7":"pa_cilt-ciltsiz","8":"pa_tur-kitap","9":"pa_yayinevi-livera-yayinevi","10":"pa_yazar-yael-van-der-wouden","12":"first","13":"instock","14":"sale","15":"shipping-taxable","16":"purchasable","17":"product-type-simple"},"_links":{"self":[{"href":"https:\/\/roveyayinevi.com.tr\/index.php\/wp-json\/wp\/v2\/product\/768916","targetHints":{"allow":["GET"]}}],"collection":[{"href":"https:\/\/roveyayinevi.com.tr\/index.php\/wp-json\/wp\/v2\/product"}],"about":[{"href":"https:\/\/roveyayinevi.com.tr\/index.php\/wp-json\/wp\/v2\/types\/product"}],"wp:attachment":[{"href":"https:\/\/roveyayinevi.com.tr\/index.php\/wp-json\/wp\/v2\/media?parent=768916"}],"wp:term":[{"taxonomy":"product_brand","embeddable":true,"href":"https:\/\/roveyayinevi.com.tr\/index.php\/wp-json\/wp\/v2\/product_brand?post=768916"},{"taxonomy":"product_cat","embeddable":true,"href":"https:\/\/roveyayinevi.com.tr\/index.php\/wp-json\/wp\/v2\/product_cat?post=768916"},{"taxonomy":"product_tag","embeddable":true,"href":"https:\/\/roveyayinevi.com.tr\/index.php\/wp-json\/wp\/v2\/product_tag?post=768916"}],"curies":[{"name":"wp","href":"https:\/\/api.w.org\/{rel}","templated":true}]}}