{"id":768913,"date":"2025-08-28T13:36:14","date_gmt":"2025-08-28T10:36:14","guid":{"rendered":"https:\/\/roveyayinevi.com.tr\/index.php\/urun\/paramilitarizm\/"},"modified":"2026-04-15T03:34:54","modified_gmt":"2026-04-15T00:34:54","slug":"paramilitarizm","status":"publish","type":"product","link":"https:\/\/roveyayinevi.com.tr\/index.php\/urun\/paramilitarizm\/","title":{"rendered":"Paramilitarizm"},"content":{"rendered":"<p>U\u011fur \u00dcmit \u00dcng\u00f6r, paramilitarizmi kar\u015f\u0131la\u015ft\u0131rmal\u0131 ve kavramsal olarak ele ald\u0131\u011f\u0131 bu \u00e7al\u0131\u015fmas\u0131nda, devletlerin paramilitarizm stratejilerine odaklan\u0131yor, organize su\u00e7un bu kavrama ne kadar dahil oldu\u011funu derinlemesine inceliyor. Silahl\u0131 gruplar\u0131n devlet ad\u0131na sivillere kar\u015f\u0131 \u015fiddet uygulad\u0131\u011f\u0131 bu \u00f6rg\u00fctleri tek bir co\u011frafyayla s\u0131n\u0131rl\u0131 tutmuyor, d\u00fcnyan\u0131n d\u00f6rt bir yan\u0131ndan \u00f6rneklerle, farkl\u0131 paramiliter \u00f6rg\u00fctlenmelere yer veriyor, b\u00f6ylece paramilitarizmin k\u00fcresel \u00f6l\u00e7ekteki yerini de g\u00f6steriyor. Kendi ordusu ve kolluk kuvvetleri olan devletlerin neden paramiliter \u00f6rg\u00fctlere ihtiya\u00e7 duydu\u011fu sorusunu masaya yat\u0131ran \u00dcng\u00f6r, paramiliter \u00f6rg\u00fctlerin devlet ad\u0131na i\u015f g\u00f6r\u00fcrken, ayn\u0131 zamanda su\u00e7 faaliyetlerine zemin yaratt\u0131klar\u0131na ve devleti i\u00e7eriden b\u00f6lme tehdidine de dikkat \u00e7ekiyor. Paramilitarizm-Devletin G\u00f6lgesinde Kitlesel \u015eiddet, paramilitarizme kapsaml\u0131 bir bak\u0131\u015f i\u00e7in \u00f6nemli bir kaynak\u2026 \u201cParamilitarizmi daha ayr\u0131nt\u0131l\u0131 bir \u015fekilde anlamam\u0131z i\u00e7in gereken daha sofistike kavram ve ara\u00e7lara sadece bilgimizi derinle\u015ftiren ve geni\u015fleten daha fazla say\u0131da kar\u015f\u0131la\u015ft\u0131rmal\u0131 ara\u015ft\u0131rmayla eri\u015febiliriz. Bu kitap, t\u00fcm vakalarda tarihin \u00f6nem ta\u015f\u0131d\u0131\u011f\u0131n\u0131, su\u00e7un \u00f6nem ta\u015f\u0131d\u0131\u011f\u0131n\u0131 ve devletin \u00f6nem ta\u015f\u0131d\u0131\u011f\u0131n\u0131 varsayar.\u201d <\/p>\n","protected":false},"excerpt":{"rendered":"<p>U\u011fur \u00dcmit \u00dcng\u00f6r, paramilitarizmi kar\u015f\u0131la\u015ft\u0131rmal\u0131 ve kavramsal olarak ele ald\u0131\u011f\u0131 bu \u00e7al\u0131\u015fmas\u0131nda, devletlerin paramilitarizm stratejilerine odaklan\u0131yor, organize su\u00e7un bu kavrama ne kadar dahil oldu\u011funu derinlemesine inceliyor.<span class=\"excerpt-hellip\"> [\u2026]<\/span><\/p>\n","protected":false},"featured_media":0,"template":"","meta":{"_monsterinsights_skip_tracking":false,"_monsterinsights_sitenote_active":false,"_monsterinsights_sitenote_note":"","_monsterinsights_sitenote_category":0},"product_brand":[],"product_cat":[13590,12337],"product_tag":[],"class_list":{"0":"post-768913","1":"product","2":"type-product","3":"status-publish","5":"product_cat-arastirma-inceleme-politika-siyaset","6":"product_cat-politika-siyaset","7":"pa_cilt-ciltsiz","8":"pa_tur-kitap","9":"pa_yayinevi-iletisim-yayinlari","10":"pa_yazar-ugur-umit-ungor","12":"first","13":"instock","14":"sale","15":"shipping-taxable","16":"purchasable","17":"product-type-simple"},"_links":{"self":[{"href":"https:\/\/roveyayinevi.com.tr\/index.php\/wp-json\/wp\/v2\/product\/768913","targetHints":{"allow":["GET"]}}],"collection":[{"href":"https:\/\/roveyayinevi.com.tr\/index.php\/wp-json\/wp\/v2\/product"}],"about":[{"href":"https:\/\/roveyayinevi.com.tr\/index.php\/wp-json\/wp\/v2\/types\/product"}],"wp:attachment":[{"href":"https:\/\/roveyayinevi.com.tr\/index.php\/wp-json\/wp\/v2\/media?parent=768913"}],"wp:term":[{"taxonomy":"product_brand","embeddable":true,"href":"https:\/\/roveyayinevi.com.tr\/index.php\/wp-json\/wp\/v2\/product_brand?post=768913"},{"taxonomy":"product_cat","embeddable":true,"href":"https:\/\/roveyayinevi.com.tr\/index.php\/wp-json\/wp\/v2\/product_cat?post=768913"},{"taxonomy":"product_tag","embeddable":true,"href":"https:\/\/roveyayinevi.com.tr\/index.php\/wp-json\/wp\/v2\/product_tag?post=768913"}],"curies":[{"name":"wp","href":"https:\/\/api.w.org\/{rel}","templated":true}]}}