{"id":768912,"date":"2025-08-28T13:36:12","date_gmt":"2025-08-28T10:36:12","guid":{"rendered":"https:\/\/roveyayinevi.com.tr\/index.php\/urun\/hafriyat\/"},"modified":"2026-04-15T03:34:54","modified_gmt":"2026-04-15T00:34:54","slug":"hafriyat","status":"publish","type":"product","link":"https:\/\/roveyayinevi.com.tr\/index.php\/urun\/hafriyat\/","title":{"rendered":"Hafriyat"},"content":{"rendered":"<p>\u201cArt\u0131k, topra\u011f\u0131 kazmak Yadig\u00e2r i\u00e7in bir ara\u00e7 de\u011fil, ama\u00e7 olmu\u015ftu. \u0130ster maden ister firar ister define olsun, t\u00fcm bu kaz\u0131lar, onu \u00f6ks\u00fcz b\u0131rakan kalpsiz d\u00fcnyadan toprak anan\u0131n rahmine do\u011fru bir yolculuktan ba\u015fka bir \u015fey de\u011fildi.\u201d Asl\u0131nda bir hayat\u0131m\u0131z var m\u0131? Zamansal, mek\u00e2nsal, bedensel ve sosyal olarak t\u00fcm\u00fcyle kendimize ait bir hayat? Peki, ya\u015fad\u0131klar\u0131m\u0131z\u0131 bir hayat saysak bile t\u00fcm bunlar\u0131n bir anlam\u0131 var m\u0131? Bu efsunlu roman\u0131n kahramanlar\u0131 biraz abs\u00fcrtt\u00fcr, ya\u015famlar\u0131 ve ba\u015flar\u0131na gelenler ger\u00e7ekli\u011fin s\u0131n\u0131r\u0131n\u0131 zorlar. Ama bu onlar\u0131n tercihi de\u011fildir. Bunun sebebi, atalar\u0131n\u0131n, kahramanlar\u0131m\u0131z\u0131n \u00fczerine g\u00f6\u00e7en hayatlar\u0131n\u0131n, kald\u0131r\u0131lmas\u0131 imk\u00e2ns\u0131z lanetli hafriyat\u0131d\u0131r. Osman \u00d6zarslan\u2019\u0131n Hafriyat adl\u0131 bu ilk roman\u0131nda, kahramanlar cezbeyle \u00e7ekilerek bir kara deli\u011fin i\u00e7ine d\u00fc\u015fm\u00fc\u015f gibi, zamans\u0131z ve mek\u00e2ns\u0131z oradan oraya dolan\u0131rken k\u00fc\u00e7\u00fck f\u0131s\u0131lt\u0131lar duyarlar, bu hayat\u0131 onlara miras b\u0131rakanlar\u0131n siluetlerini g\u00f6r\u00fcrler, bir zamanlar bir anlam\u0131 vard\u0131ysa da art\u0131k ne anlama geldi\u011fi belli olmayan nesnelerle birlikte zaman\u0131n giderek b\u00fcy\u00fcyen bo\u015flu\u011funda savrulurlar.<\/p>\n","protected":false},"excerpt":{"rendered":"<p>\u201cArt\u0131k, topra\u011f\u0131 kazmak Yadig\u00e2r i\u00e7in bir ara\u00e7 de\u011fil, ama\u00e7 olmu\u015ftu. \u0130ster maden ister firar ister define olsun, t\u00fcm bu kaz\u0131lar, onu \u00f6ks\u00fcz b\u0131rakan kalpsiz d\u00fcnyadan toprak<span class=\"excerpt-hellip\"> [\u2026]<\/span><\/p>\n","protected":false},"featured_media":0,"template":"","meta":{"_monsterinsights_skip_tracking":false,"_monsterinsights_sitenote_active":false,"_monsterinsights_sitenote_note":"","_monsterinsights_sitenote_category":0},"product_brand":[],"product_cat":[12291,12711],"product_tag":[],"class_list":{"0":"post-768912","1":"product","2":"type-product","3":"status-publish","5":"product_cat-edebiyat","6":"product_cat-roman-oyku","7":"pa_cilt-ciltsiz","8":"pa_tur-kitap","9":"pa_yayinevi-iletisim-yayinlari","10":"pa_yazar-osman-ozarslan","12":"first","13":"instock","14":"sale","15":"shipping-taxable","16":"purchasable","17":"product-type-simple"},"_links":{"self":[{"href":"https:\/\/roveyayinevi.com.tr\/index.php\/wp-json\/wp\/v2\/product\/768912","targetHints":{"allow":["GET"]}}],"collection":[{"href":"https:\/\/roveyayinevi.com.tr\/index.php\/wp-json\/wp\/v2\/product"}],"about":[{"href":"https:\/\/roveyayinevi.com.tr\/index.php\/wp-json\/wp\/v2\/types\/product"}],"wp:attachment":[{"href":"https:\/\/roveyayinevi.com.tr\/index.php\/wp-json\/wp\/v2\/media?parent=768912"}],"wp:term":[{"taxonomy":"product_brand","embeddable":true,"href":"https:\/\/roveyayinevi.com.tr\/index.php\/wp-json\/wp\/v2\/product_brand?post=768912"},{"taxonomy":"product_cat","embeddable":true,"href":"https:\/\/roveyayinevi.com.tr\/index.php\/wp-json\/wp\/v2\/product_cat?post=768912"},{"taxonomy":"product_tag","embeddable":true,"href":"https:\/\/roveyayinevi.com.tr\/index.php\/wp-json\/wp\/v2\/product_tag?post=768912"}],"curies":[{"name":"wp","href":"https:\/\/api.w.org\/{rel}","templated":true}]}}