{"id":768909,"date":"2025-08-28T13:36:07","date_gmt":"2025-08-28T10:36:07","guid":{"rendered":"https:\/\/roveyayinevi.com.tr\/index.php\/urun\/psikiyatrik-bozukluklari-anlamak\/"},"modified":"2025-11-21T11:24:28","modified_gmt":"2025-11-21T08:24:28","slug":"psikiyatrik-bozukluklari-anlamak","status":"publish","type":"product","link":"https:\/\/roveyayinevi.com.tr\/index.php\/urun\/psikiyatrik-bozukluklari-anlamak\/","title":{"rendered":"Psikiyatrik Bozukluklar\u0131 Anlamak"},"content":{"rendered":"<p>Psikiyatri, genellikle toplum taraf\u0131ndan karma\u015f\u0131k, kolay anla\u015f\u0131lmayan, bu nedenle gizemli, bazen hayranl\u0131kla, \u00e7o\u011fu zaman da \u00fcrk\u00fct\u00fcc\u00fc, hatta uzak tutulmaya \u00e7al\u0131\u015f\u0131lan bir alan olarak g\u00f6r\u00fcl\u00fcr. Bu alanda \u00e7al\u0131\u015fmak isteyen meslekta\u015flar\u0131m i\u00e7in de, bu \u00f6nyarg\u0131lar s\u00f6z konusu olabilecektir. Bilinmeyen ba\u015flang\u0131\u00e7ta \u00fcrk\u00fct\u00fcc\u00fcd\u00fcr, ancak bilgi artt\u0131k\u00e7a, bilinmeyen azald\u0131k\u00e7a, psikiyatrinin o m\u00fcthi\u015f b\u00fcy\u00fcs\u00fc de ortaya \u00e7\u0131kacak, onu anlamak isteyeni kendisine ba\u011flayacakt\u0131r. \u0130\u015fte bu kitap, meslekta\u015flar\u0131ma ve psikiyatri ile ilgilenenlere kar\u015f\u0131la\u015ft\u0131klar\u0131 olgulardaki gerilemenin d\u00fczeyini, ortaya \u00e7\u0131km\u0131\u015f olan belirtileri ve bu belirtilerin alt\u0131nda yatan savunma d\u00fczeneklerini g\u00f6r\u00fcp anlayabilmelerini ve dan\u0131\u015fanlar\u0131na yard\u0131m stratejileri olu\u015fturabilmelerine katk\u0131 sa\u011flayabilece\u011fi umuduyla yaz\u0131lm\u0131\u015ft\u0131r. Bu kitab\u0131n konusu, biyolojik ve sosyolojik etkenlerin \u00f6nemini yads\u0131madan psikiyatrik bozukluklar\u0131n olu\u015fmas\u0131nda \u00f6nemli rol\u00fc oldu\u011fu bilinen psikolojik fakt\u00f6rleri incelemek olacakt\u0131r<\/p>\n","protected":false},"excerpt":{"rendered":"<p>Psikiyatri, genellikle toplum taraf\u0131ndan karma\u015f\u0131k, kolay anla\u015f\u0131lmayan, bu nedenle gizemli, bazen hayranl\u0131kla, \u00e7o\u011fu zaman da \u00fcrk\u00fct\u00fcc\u00fc, hatta uzak tutulmaya \u00e7al\u0131\u015f\u0131lan bir alan olarak g\u00f6r\u00fcl\u00fcr. Bu alanda<span class=\"excerpt-hellip\"> [\u2026]<\/span><\/p>\n","protected":false},"featured_media":0,"template":"","meta":{"_monsterinsights_skip_tracking":false,"_monsterinsights_sitenote_active":false,"_monsterinsights_sitenote_note":"","_monsterinsights_sitenote_category":0},"product_brand":[],"product_cat":[20502,12357],"product_tag":[],"class_list":{"0":"post-768909","1":"product","2":"type-product","3":"status-publish","5":"product_cat-basvuru-kitaplari-psikoloji","6":"product_cat-psikoloji","7":"pa_cilt-ciltsiz","8":"pa_tur-kitap","9":"pa_yayinevi-dost-kitabevi-yayinlari","10":"pa_yazar-baki-aksin-surmeli","12":"first","13":"instock","14":"sale","15":"shipping-taxable","16":"purchasable","17":"product-type-simple"},"_links":{"self":[{"href":"https:\/\/roveyayinevi.com.tr\/index.php\/wp-json\/wp\/v2\/product\/768909","targetHints":{"allow":["GET"]}}],"collection":[{"href":"https:\/\/roveyayinevi.com.tr\/index.php\/wp-json\/wp\/v2\/product"}],"about":[{"href":"https:\/\/roveyayinevi.com.tr\/index.php\/wp-json\/wp\/v2\/types\/product"}],"wp:attachment":[{"href":"https:\/\/roveyayinevi.com.tr\/index.php\/wp-json\/wp\/v2\/media?parent=768909"}],"wp:term":[{"taxonomy":"product_brand","embeddable":true,"href":"https:\/\/roveyayinevi.com.tr\/index.php\/wp-json\/wp\/v2\/product_brand?post=768909"},{"taxonomy":"product_cat","embeddable":true,"href":"https:\/\/roveyayinevi.com.tr\/index.php\/wp-json\/wp\/v2\/product_cat?post=768909"},{"taxonomy":"product_tag","embeddable":true,"href":"https:\/\/roveyayinevi.com.tr\/index.php\/wp-json\/wp\/v2\/product_tag?post=768909"}],"curies":[{"name":"wp","href":"https:\/\/api.w.org\/{rel}","templated":true}]}}