{"id":768908,"date":"2025-08-28T13:36:05","date_gmt":"2025-08-28T10:36:05","guid":{"rendered":"https:\/\/roveyayinevi.com.tr\/index.php\/urun\/kurt-tarihinin-unutturulmus-bir-sayfasi-abdurrezzak-bedirhan\/"},"modified":"2026-04-15T03:34:54","modified_gmt":"2026-04-15T00:34:54","slug":"kurt-tarihinin-unutturulmus-bir-sayfasi-abdurrezzak-bedirhan","status":"publish","type":"product","link":"https:\/\/roveyayinevi.com.tr\/index.php\/urun\/kurt-tarihinin-unutturulmus-bir-sayfasi-abdurrezzak-bedirhan\/","title":{"rendered":"K\u00fcrt Tarihinin Unutturulmu\u015f Bir Sayfas\u0131 Abd\u00fcrrezzak Bedirhan"},"content":{"rendered":"<p>Elinizdeki kitap, Osmanl\u0131 co\u011frafyas\u0131n\u0131n merkezile\u015fme y\u00f6nelimiyle birlikte otonom K\u00fcrt beyliklerinin ortadan kald\u0131r\u0131lmak istenmesi \u00fczerine, beyliklerin devletin bu prati\u011fine kar\u015f\u0131 ayakland\u0131\u011f\u0131 veya direndi\u011fi s\u00fcrecin sonunda olu\u015fan K\u00fcrt milliyet\u00e7ili\u011finin 1908-1918 d\u00f6nemini oda\u011f\u0131na al\u0131yor. Kitap, K\u00fcrt milliyet\u00e7ili\u011finin tarihsel kaynaklar\u0131ndan oldu\u011fu halde K\u00fcrt tarihinin yeterince ayd\u0131nlanmayan bu d\u00f6nemini ayd\u0131nl\u0131\u011fa kavu\u015fturup tarihsel ba\u011flam\u0131na yerle\u015ftiriyor. B\u00f6ylelikle K\u00fcrt tarihyaz\u0131m\u0131na b\u00fct\u00fcnsel bir \u00e7er\u00e7eve kazand\u0131r\u0131yor. K\u00fcrt siyasal milliyet\u00e7ili\u011finin ancak Birinci D\u00fcnya Sava\u015f\u0131\u2019ndan sonra ortaya \u00e7\u0131kt\u0131\u011f\u0131 yolundaki yayg\u0131n bilgi ve g\u00f6r\u00fc\u015fleri tekzip eden bu \u00e7al\u0131\u015fma, ulus-devlet d\u00fc\u015f\u00fcncesi ile siyasal milliyet\u00e7ili\u011fin 1880\u2019de \u015eeyh Ubeydullah ile birlikte K\u00fcrtlerin d\u00fcnyas\u0131na girdi\u011fini belgelere dayanarak a\u00e7\u0131kl\u0131\u011fa kavu\u015fturuyor. Sonradan Bedirhanilerin ve \u00f6zellikle de Abd\u00fcrrezzak Bedirhan\u2019n\u0131n bu miras\u0131 devralmas\u0131yla birlikte Bitlis Ayaklanmas\u0131na dek uzayan s\u00fcreci analiz eden kitap, K\u00fcrt tarihinin unutturulmu\u015f bir d\u00f6nemini tarihsel bilgiye kazand\u0131r\u0131yor. Abd\u00fcrrezzak Bedirhan Bey\u2019in ba\u011f\u0131ms\u0131z bir K\u00fcrdistan kurma yolundaki d\u00fc\u015f\u00fcnsel, siyasal ve \u00f6rg\u00fctsel \u00e7al\u0131\u015fmalar\u0131n\u0131 belgeler \u0131\u015f\u0131\u011f\u0131nda g\u00fcn y\u00fcz\u00fcne \u00e7\u0131karan kitap modern K\u00fcrt tarihi alan\u0131nda e\u015fsiz bir kaynak niteli\u011finde. <\/p>\n","protected":false},"excerpt":{"rendered":"<p>Elinizdeki kitap, Osmanl\u0131 co\u011frafyas\u0131n\u0131n merkezile\u015fme y\u00f6nelimiyle birlikte otonom K\u00fcrt beyliklerinin ortadan kald\u0131r\u0131lmak istenmesi \u00fczerine, beyliklerin devletin bu prati\u011fine kar\u015f\u0131 ayakland\u0131\u011f\u0131 veya direndi\u011fi s\u00fcrecin sonunda olu\u015fan K\u00fcrt<span class=\"excerpt-hellip\"> [\u2026]<\/span><\/p>\n","protected":false},"featured_media":0,"template":"","meta":{"_monsterinsights_skip_tracking":false,"_monsterinsights_sitenote_active":false,"_monsterinsights_sitenote_note":"","_monsterinsights_sitenote_category":0},"product_brand":[],"product_cat":[12370,12304],"product_tag":[],"class_list":{"0":"post-768908","1":"product","2":"type-product","3":"status-publish","5":"product_cat-arastirma-inceleme","6":"product_cat-tarih","7":"pa_cilt-ciltsiz","8":"pa_tur-kitap","9":"pa_yayinevi-dipnot-yayinlari","10":"pa_yazar-ahmet-kardam","12":"first","13":"instock","14":"sale","15":"shipping-taxable","16":"purchasable","17":"product-type-simple"},"_links":{"self":[{"href":"https:\/\/roveyayinevi.com.tr\/index.php\/wp-json\/wp\/v2\/product\/768908","targetHints":{"allow":["GET"]}}],"collection":[{"href":"https:\/\/roveyayinevi.com.tr\/index.php\/wp-json\/wp\/v2\/product"}],"about":[{"href":"https:\/\/roveyayinevi.com.tr\/index.php\/wp-json\/wp\/v2\/types\/product"}],"wp:attachment":[{"href":"https:\/\/roveyayinevi.com.tr\/index.php\/wp-json\/wp\/v2\/media?parent=768908"}],"wp:term":[{"taxonomy":"product_brand","embeddable":true,"href":"https:\/\/roveyayinevi.com.tr\/index.php\/wp-json\/wp\/v2\/product_brand?post=768908"},{"taxonomy":"product_cat","embeddable":true,"href":"https:\/\/roveyayinevi.com.tr\/index.php\/wp-json\/wp\/v2\/product_cat?post=768908"},{"taxonomy":"product_tag","embeddable":true,"href":"https:\/\/roveyayinevi.com.tr\/index.php\/wp-json\/wp\/v2\/product_tag?post=768908"}],"curies":[{"name":"wp","href":"https:\/\/api.w.org\/{rel}","templated":true}]}}